{"id":985,"date":"2021-11-01T14:41:05","date_gmt":"2021-11-01T14:41:05","guid":{"rendered":"https:\/\/www.goldeneaglepetfoods.fi\/?page_id=985"},"modified":"2021-11-12T09:05:58","modified_gmt":"2021-11-12T09:05:58","slug":"tietosuojaseloste","status":"publish","type":"page","link":"https:\/\/www.goldeneaglepetfoods.fi\/index.php\/tietosuojaseloste\/","title":{"rendered":"Tietosuojaseloste"},"content":{"rendered":"\t\t<div data-elementor-type=\"wp-page\" data-elementor-id=\"985\" class=\"elementor elementor-985\" data-elementor-post-type=\"page\">\n\t\t\t\t\t\t<section class=\"elementor-section elementor-top-section elementor-element elementor-element-aa784bd elementor-section-boxed elementor-section-height-default elementor-section-height-default\" data-id=\"aa784bd\" data-element_type=\"section\" data-e-type=\"section\">\n\t\t\t\t\t\t<div class=\"elementor-container elementor-column-gap-default\">\n\t\t\t\t\t<div class=\"elementor-column elementor-col-100 elementor-top-column elementor-element elementor-element-3f4ad50\" data-id=\"3f4ad50\" data-element_type=\"column\" data-e-type=\"column\">\n\t\t\t<div class=\"elementor-widget-wrap elementor-element-populated\">\n\t\t\t\t\t\t<div class=\"elementor-element elementor-element-57b57f8 elementor-widget elementor-widget-heading\" data-id=\"57b57f8\" data-element_type=\"widget\" data-e-type=\"widget\" data-widget_type=\"heading.default\">\n\t\t\t\t<div class=\"elementor-widget-container\">\n\t\t\t\t\t<h1 class=\"elementor-heading-title elementor-size-default\">Rekisteri - ja tietosuojaseloste<\/h1>\t\t\t\t<\/div>\n\t\t\t\t<\/div>\n\t\t\t\t\t<\/div>\n\t\t<\/div>\n\t\t\t\t\t<\/div>\n\t\t<\/section>\n\t\t\t\t<section class=\"elementor-section elementor-top-section elementor-element elementor-element-165488f elementor-section-boxed elementor-section-height-default elementor-section-height-default\" data-id=\"165488f\" data-element_type=\"section\" data-e-type=\"section\">\n\t\t\t\t\t\t<div class=\"elementor-container elementor-column-gap-default\">\n\t\t\t\t\t<div class=\"elementor-column elementor-col-100 elementor-top-column elementor-element elementor-element-4794980\" data-id=\"4794980\" data-element_type=\"column\" data-e-type=\"column\">\n\t\t\t<div class=\"elementor-widget-wrap elementor-element-populated\">\n\t\t\t\t\t\t<div class=\"elementor-element elementor-element-16a7b28 elementor-widget elementor-widget-text-editor\" data-id=\"16a7b28\" data-element_type=\"widget\" data-e-type=\"widget\" data-widget_type=\"text-editor.default\">\n\t\t\t\t<div class=\"elementor-widget-container\">\n\t\t\t\t\t\t\t\t\t<p>T\u00e4m\u00e4 on Yrityksen henkil\u00f6tietolain (10 ja 24 \u00a7) ja EU:n yleisen tietosuoja-asetuksen (GDPR) mukainen rekisteri- ja tietosuojaseloste. Laadittu 18.03.2020. Viimeisin muutos 18.03.2020.<\/p><h2>1. Rekisterinpit\u00e4j\u00e4<\/h2><p>Shetland Oy<br \/>Yrityspiha 4<br \/>00390 Helsinki<br \/>+358 (0)9 &#8211; 548 6325<br \/>info@shetland.fi<br \/>www.shetland.fi<br \/>2345734-5<\/p><h2>2. Rekisterist\u00e4 vastaava yhteyshenkil\u00f6<\/h2><p>Christina Wuorimaa, christina.wuorimaa(at)shetland.fi<\/p><h2>3. Rekisterin nimi<\/h2><p>Asiakas- ja markkinointirekisteri.<\/p><h2>4. Oikeusperuste ja henkil\u00f6tietojen k\u00e4sittelyn tarkoitus<\/h2><p>EU:n yleisen tietosuoja-asetuksen mukainen oikeusperuste henkil\u00f6tietojen k\u00e4sittelylle on<br \/>&#8211; henkil\u00f6n suostumus (dokumentoitu, vapaaehtoinen, yksil\u00f6ity, tietoinen ja yksiselitteinen)<br \/>&#8211; sopimus, jossa rekister\u00f6ity on osapuolena<\/p><p>Henkil\u00f6tietojen k\u00e4sittelyn tarkoitus on yhteydenpito asiakkaisiin, asiakassuhteen yll\u00e4pito ja markkinointi.<\/p><p>Tietoja ei k\u00e4ytet\u00e4 automatisoituun p\u00e4\u00e4t\u00f6ksentekoon tai profilointiin.<\/p><h2>5. Rekisterin tietosis\u00e4lt\u00f6<\/h2><p>Rekisteriin tallennettavia tietoja ovat: henkil\u00f6n nimi, asema, yritys\/organisaatio, yhteystiedot (puhelinnumero, s\u00e4hk\u00f6postiosoite, osoite), verkkoyhteyden IP-osoite, tiedot tilatuista palveluista ja niiden muutoksista, laskutustiedot, muut asiakassuhteeseen ja tilattuihin palveluihin liittyv\u00e4t tiedot.<\/p><h2>6. S\u00e4\u00e4nn\u00f6nmukaiset tietol\u00e4hteet<\/h2><p>Rekisteriin tallennettavat tiedot saadaan asiakkaalta mm. nettisivulla vierailusta, tilauksista, www-lomakkeilla l\u00e4hetetyist\u00e4 viesteist\u00e4, tilauksista, s\u00e4hk\u00f6postitse, puhelimitse, sopimuksista, asiakastapaamisista ja muista tilanteista, joissa asiakas luovuttaa tietojaan.\u00a0<\/p><h2>7. Tietojen s\u00e4\u00e4nn\u00f6nmukaiset luovutukset ja tietojen siirto EU:n tai ETA:n ulkopuolelle<\/h2><p>Tietoja ei luovuteta s\u00e4\u00e4nn\u00f6nmukaisesti muille tahoille. Tietoja voidaan julkaista silt\u00e4 osin kuin niin on sovittu asiakkaan kanssa.<\/p><p>Tietoja voidaan siirt\u00e4\u00e4 rekisterinpit\u00e4j\u00e4n toimesta my\u00f6s EU:n tai ETA:n ulkopuolelle.<\/p><h2>8. Rekisterin suojauksen periaatteet<\/h2><p>Rekisterin k\u00e4sittelyss\u00e4 noudatetaan huolellisuutta ja tietoj\u00e4rjestelmien avulla k\u00e4sitelt\u00e4v\u00e4t tiedot suojataan asianmukaisesti. Kun rekisteritietoja s\u00e4ilytet\u00e4\u00e4n Internet-palvelimilla, niiden laitteiston fyysisest\u00e4 ja digitaalisesta tietoturvasta huolehditaan asiaankuuluvasti. Rekisterinpit\u00e4j\u00e4 huolehtii siit\u00e4, ett\u00e4 tallennettuja tietoja sek\u00e4 palvelimien k\u00e4ytt\u00f6oikeuksia ja muita henkil\u00f6tietojen turvallisuuden kannalta kriittisi\u00e4 tietoja k\u00e4sitell\u00e4\u00e4n luottamuksellisesti ja vain niiden ty\u00f6ntekij\u00f6iden toimesta, joiden ty\u00f6nkuvaan se kuuluu.<\/p><h2>9. Tarkastusoikeus ja oikeus vaatia tiedon korjaamista<\/h2><p>Jokaisella rekisteriss\u00e4 olevalla henkil\u00f6ll\u00e4 on oikeus tarkistaa rekisteriin tallennetut tietonsa ja vaatia mahdollisen virheellisen tiedon korjaamista tai puutteellisen tiedon t\u00e4ydent\u00e4mist\u00e4. Mik\u00e4li henkil\u00f6 haluaa tarkistaa h\u00e4nest\u00e4 tallennetut tiedot tai vaatia niihin oikaisua, pyynt\u00f6 tulee l\u00e4hett\u00e4\u00e4 kirjallisesti rekisterinpit\u00e4j\u00e4lle. Rekisterinpit\u00e4j\u00e4 voi pyyt\u00e4\u00e4 tarvittaessa pyynn\u00f6n esitt\u00e4j\u00e4\u00e4 todistamaan henkil\u00f6llisyytens\u00e4. Rekisterinpit\u00e4j\u00e4 vastaa asiakkaalle EU:n tietosuoja-asetuksessa s\u00e4\u00e4detyss\u00e4 ajassa (p\u00e4\u00e4s\u00e4\u00e4nt\u00f6isesti kuukauden kuluessa).<\/p><h2>10. Muut henkil\u00f6tietojen k\u00e4sittelyyn liittyv\u00e4t oikeudet<\/h2><p>Rekisteriss\u00e4 olevalla henkil\u00f6ll\u00e4 on oikeus pyyt\u00e4\u00e4 h\u00e4nt\u00e4 koskevien henkil\u00f6tietojen poistamiseen rekisterist\u00e4 (&#8220;oikeus tulla unohdetuksi&#8221;). Niin ik\u00e4\u00e4n rekister\u00f6idyill\u00e4 on muut EU:n yleisen tietosuoja-asetuksen mukaiset oikeudet kuten henkil\u00f6tietojen k\u00e4sittelyn rajoittaminen tietyiss\u00e4 tilanteissa. Pyynn\u00f6t tulee l\u00e4hett\u00e4\u00e4 kirjallisesti rekisterinpit\u00e4j\u00e4lle. Rekisterinpit\u00e4j\u00e4 voi pyyt\u00e4\u00e4 tarvittaessa pyynn\u00f6n esitt\u00e4j\u00e4\u00e4 todistamaan henkil\u00f6llisyytens\u00e4. Rekisterinpit\u00e4j\u00e4 vastaa asiakkaalle EU:n tietosuoja-asetuksessa s\u00e4\u00e4detyss\u00e4 ajassa (p\u00e4\u00e4s\u00e4\u00e4nt\u00f6isesti kuukauden kuluessa).<\/p>\t\t\t\t\t\t\t\t<\/div>\n\t\t\t\t<\/div>\n\t\t\t\t\t<\/div>\n\t\t<\/div>\n\t\t\t\t\t<\/div>\n\t\t<\/section>\n\t\t\t\t<\/div>\n\t\t","protected":false},"excerpt":{"rendered":"<p>Rekisteri &#8211; ja tietosuojaseloste T\u00e4m\u00e4 on Yrityksen henkil\u00f6tietolain (10 ja 24 \u00a7) ja EU:n yleisen tietosuoja-asetuksen (GDPR) mukainen rekisteri- ja tietosuojaseloste. Laadittu 18.03.2020. Viimeisin muutos 18.03.2020. 1. Rekisterinpit\u00e4j\u00e4 Shetland OyYrityspiha 400390 Helsinki+358 (0)9 &#8211; 548 6325info@shetland.fiwww.shetland.fi2345734-5 2. Rekisterist\u00e4 vastaava yhteyshenkil\u00f6 Christina Wuorimaa, christina.wuorimaa(at)shetland.fi 3. Rekisterin nimi Asiakas- ja markkinointirekisteri. 4. [&hellip;]<\/p>\n","protected":false},"author":2,"featured_media":0,"parent":0,"menu_order":0,"comment_status":"closed","ping_status":"closed","template":"page-templates\/template-pagebuilder-full-width.php","meta":{"footnotes":""},"class_list":["post-985","page","type-page","status-publish","hentry"],"yoast_head":"<!-- This site is optimized with the Yoast SEO plugin v27.2 - https:\/\/yoast.com\/product\/yoast-seo-wordpress\/ -->\n<title>Tietosuojaseloste - Golden Eagle Petfoods<\/title>\n<meta name=\"robots\" content=\"index, follow, max-snippet:-1, max-image-preview:large, max-video-preview:-1\" \/>\n<link rel=\"canonical\" href=\"https:\/\/www.goldeneaglepetfoods.fi\/index.php\/tietosuojaseloste\/\" \/>\n<meta property=\"og:locale\" content=\"en_US\" \/>\n<meta property=\"og:type\" content=\"article\" \/>\n<meta property=\"og:title\" content=\"Tietosuojaseloste - Golden Eagle Petfoods\" \/>\n<meta property=\"og:description\" content=\"Rekisteri &#8211; ja tietosuojaseloste T\u00e4m\u00e4 on Yrityksen henkil\u00f6tietolain (10 ja 24 \u00a7) ja EU:n yleisen tietosuoja-asetuksen (GDPR) mukainen rekisteri- ja tietosuojaseloste. Laadittu 18.03.2020. Viimeisin muutos 18.03.2020. 1. Rekisterinpit\u00e4j\u00e4 Shetland OyYrityspiha 400390 Helsinki+358 (0)9 &#8211; 548 6325info@shetland.fiwww.shetland.fi2345734-5 2. Rekisterist\u00e4 vastaava yhteyshenkil\u00f6 Christina Wuorimaa, christina.wuorimaa(at)shetland.fi 3. Rekisterin nimi Asiakas- ja markkinointirekisteri. 4. [&hellip;]\" \/>\n<meta property=\"og:url\" content=\"https:\/\/www.goldeneaglepetfoods.fi\/index.php\/tietosuojaseloste\/\" \/>\n<meta property=\"og:site_name\" content=\"Golden Eagle Petfoods\" \/>\n<meta property=\"article:modified_time\" content=\"2021-11-12T09:05:58+00:00\" \/>\n<meta name=\"twitter:card\" content=\"summary_large_image\" \/>\n<meta name=\"twitter:label1\" content=\"Est. reading time\" \/>\n\t<meta name=\"twitter:data1\" content=\"2 minutes\" \/>\n<script type=\"application\/ld+json\" class=\"yoast-schema-graph\">{\"@context\":\"https:\/\/schema.org\",\"@graph\":[{\"@type\":\"WebPage\",\"@id\":\"https:\/\/www.goldeneaglepetfoods.fi\/index.php\/tietosuojaseloste\/\",\"url\":\"https:\/\/www.goldeneaglepetfoods.fi\/index.php\/tietosuojaseloste\/\",\"name\":\"Tietosuojaseloste - Golden Eagle Petfoods\",\"isPartOf\":{\"@id\":\"https:\/\/www.goldeneaglepetfoods.fi\/#website\"},\"datePublished\":\"2021-11-01T14:41:05+00:00\",\"dateModified\":\"2021-11-12T09:05:58+00:00\",\"breadcrumb\":{\"@id\":\"https:\/\/www.goldeneaglepetfoods.fi\/index.php\/tietosuojaseloste\/#breadcrumb\"},\"inLanguage\":\"en\",\"potentialAction\":[{\"@type\":\"ReadAction\",\"target\":[\"https:\/\/www.goldeneaglepetfoods.fi\/index.php\/tietosuojaseloste\/\"]}]},{\"@type\":\"BreadcrumbList\",\"@id\":\"https:\/\/www.goldeneaglepetfoods.fi\/index.php\/tietosuojaseloste\/#breadcrumb\",\"itemListElement\":[{\"@type\":\"ListItem\",\"position\":1,\"name\":\"Home\",\"item\":\"https:\/\/www.goldeneaglepetfoods.fi\/\"},{\"@type\":\"ListItem\",\"position\":2,\"name\":\"Tietosuojaseloste\"}]},{\"@type\":\"WebSite\",\"@id\":\"https:\/\/www.goldeneaglepetfoods.fi\/#website\",\"url\":\"https:\/\/www.goldeneaglepetfoods.fi\/\",\"name\":\"Golden Eagle Petfoods\",\"description\":\"Rakastavin p&auml;&auml;t&ouml;s, jonka voit tehd&auml; lemmikkisi puolesta.\",\"publisher\":{\"@id\":\"https:\/\/www.goldeneaglepetfoods.fi\/#organization\"},\"potentialAction\":[{\"@type\":\"SearchAction\",\"target\":{\"@type\":\"EntryPoint\",\"urlTemplate\":\"https:\/\/www.goldeneaglepetfoods.fi\/?s={search_term_string}\"},\"query-input\":{\"@type\":\"PropertyValueSpecification\",\"valueRequired\":true,\"valueName\":\"search_term_string\"}}],\"inLanguage\":\"en\"},{\"@type\":\"Organization\",\"@id\":\"https:\/\/www.goldeneaglepetfoods.fi\/#organization\",\"name\":\"Golden Eagle Petfoods\",\"url\":\"https:\/\/www.goldeneaglepetfoods.fi\/\",\"logo\":{\"@type\":\"ImageObject\",\"inLanguage\":\"en\",\"@id\":\"https:\/\/www.goldeneaglepetfoods.fi\/#\/schema\/logo\/image\/\",\"url\":\"https:\/\/www.goldeneaglepetfoods.fi\/wp-content\/uploads\/2021\/10\/Nimeton-suunn.malli_-e1633439769385.png\",\"contentUrl\":\"https:\/\/www.goldeneaglepetfoods.fi\/wp-content\/uploads\/2021\/10\/Nimeton-suunn.malli_-e1633439769385.png\",\"width\":500,\"height\":180,\"caption\":\"Golden Eagle Petfoods\"},\"image\":{\"@id\":\"https:\/\/www.goldeneaglepetfoods.fi\/#\/schema\/logo\/image\/\"}}]}<\/script>\n<!-- \/ Yoast SEO plugin. -->","yoast_head_json":{"title":"Tietosuojaseloste - Golden Eagle Petfoods","robots":{"index":"index","follow":"follow","max-snippet":"max-snippet:-1","max-image-preview":"max-image-preview:large","max-video-preview":"max-video-preview:-1"},"canonical":"https:\/\/www.goldeneaglepetfoods.fi\/index.php\/tietosuojaseloste\/","og_locale":"en_US","og_type":"article","og_title":"Tietosuojaseloste - Golden Eagle Petfoods","og_description":"Rekisteri &#8211; ja tietosuojaseloste T\u00e4m\u00e4 on Yrityksen henkil\u00f6tietolain (10 ja 24 \u00a7) ja EU:n yleisen tietosuoja-asetuksen (GDPR) mukainen rekisteri- ja tietosuojaseloste. Laadittu 18.03.2020. Viimeisin muutos 18.03.2020. 1. Rekisterinpit\u00e4j\u00e4 Shetland OyYrityspiha 400390 Helsinki+358 (0)9 &#8211; 548 6325info@shetland.fiwww.shetland.fi2345734-5 2. Rekisterist\u00e4 vastaava yhteyshenkil\u00f6 Christina Wuorimaa, christina.wuorimaa(at)shetland.fi 3. Rekisterin nimi Asiakas- ja markkinointirekisteri. 4. [&hellip;]","og_url":"https:\/\/www.goldeneaglepetfoods.fi\/index.php\/tietosuojaseloste\/","og_site_name":"Golden Eagle Petfoods","article_modified_time":"2021-11-12T09:05:58+00:00","twitter_card":"summary_large_image","twitter_misc":{"Est. reading time":"2 minutes"},"schema":{"@context":"https:\/\/schema.org","@graph":[{"@type":"WebPage","@id":"https:\/\/www.goldeneaglepetfoods.fi\/index.php\/tietosuojaseloste\/","url":"https:\/\/www.goldeneaglepetfoods.fi\/index.php\/tietosuojaseloste\/","name":"Tietosuojaseloste - Golden Eagle Petfoods","isPartOf":{"@id":"https:\/\/www.goldeneaglepetfoods.fi\/#website"},"datePublished":"2021-11-01T14:41:05+00:00","dateModified":"2021-11-12T09:05:58+00:00","breadcrumb":{"@id":"https:\/\/www.goldeneaglepetfoods.fi\/index.php\/tietosuojaseloste\/#breadcrumb"},"inLanguage":"en","potentialAction":[{"@type":"ReadAction","target":["https:\/\/www.goldeneaglepetfoods.fi\/index.php\/tietosuojaseloste\/"]}]},{"@type":"BreadcrumbList","@id":"https:\/\/www.goldeneaglepetfoods.fi\/index.php\/tietosuojaseloste\/#breadcrumb","itemListElement":[{"@type":"ListItem","position":1,"name":"Home","item":"https:\/\/www.goldeneaglepetfoods.fi\/"},{"@type":"ListItem","position":2,"name":"Tietosuojaseloste"}]},{"@type":"WebSite","@id":"https:\/\/www.goldeneaglepetfoods.fi\/#website","url":"https:\/\/www.goldeneaglepetfoods.fi\/","name":"Golden Eagle Petfoods","description":"Rakastavin p&auml;&auml;t&ouml;s, jonka voit tehd&auml; lemmikkisi puolesta.","publisher":{"@id":"https:\/\/www.goldeneaglepetfoods.fi\/#organization"},"potentialAction":[{"@type":"SearchAction","target":{"@type":"EntryPoint","urlTemplate":"https:\/\/www.goldeneaglepetfoods.fi\/?s={search_term_string}"},"query-input":{"@type":"PropertyValueSpecification","valueRequired":true,"valueName":"search_term_string"}}],"inLanguage":"en"},{"@type":"Organization","@id":"https:\/\/www.goldeneaglepetfoods.fi\/#organization","name":"Golden Eagle Petfoods","url":"https:\/\/www.goldeneaglepetfoods.fi\/","logo":{"@type":"ImageObject","inLanguage":"en","@id":"https:\/\/www.goldeneaglepetfoods.fi\/#\/schema\/logo\/image\/","url":"https:\/\/www.goldeneaglepetfoods.fi\/wp-content\/uploads\/2021\/10\/Nimeton-suunn.malli_-e1633439769385.png","contentUrl":"https:\/\/www.goldeneaglepetfoods.fi\/wp-content\/uploads\/2021\/10\/Nimeton-suunn.malli_-e1633439769385.png","width":500,"height":180,"caption":"Golden Eagle Petfoods"},"image":{"@id":"https:\/\/www.goldeneaglepetfoods.fi\/#\/schema\/logo\/image\/"}}]}},"_links":{"self":[{"href":"https:\/\/www.goldeneaglepetfoods.fi\/index.php\/wp-json\/wp\/v2\/pages\/985","targetHints":{"allow":["GET"]}}],"collection":[{"href":"https:\/\/www.goldeneaglepetfoods.fi\/index.php\/wp-json\/wp\/v2\/pages"}],"about":[{"href":"https:\/\/www.goldeneaglepetfoods.fi\/index.php\/wp-json\/wp\/v2\/types\/page"}],"author":[{"embeddable":true,"href":"https:\/\/www.goldeneaglepetfoods.fi\/index.php\/wp-json\/wp\/v2\/users\/2"}],"replies":[{"embeddable":true,"href":"https:\/\/www.goldeneaglepetfoods.fi\/index.php\/wp-json\/wp\/v2\/comments?post=985"}],"version-history":[{"count":4,"href":"https:\/\/www.goldeneaglepetfoods.fi\/index.php\/wp-json\/wp\/v2\/pages\/985\/revisions"}],"predecessor-version":[{"id":1082,"href":"https:\/\/www.goldeneaglepetfoods.fi\/index.php\/wp-json\/wp\/v2\/pages\/985\/revisions\/1082"}],"wp:attachment":[{"href":"https:\/\/www.goldeneaglepetfoods.fi\/index.php\/wp-json\/wp\/v2\/media?parent=985"}],"curies":[{"name":"wp","href":"https:\/\/api.w.org\/{rel}","templated":true}]}}