{"id":339,"date":"2021-10-15T15:41:41","date_gmt":"2021-10-15T15:41:41","guid":{"rendered":"http:\/\/94.237.117.66\/~goldenea\/?page_id=339"},"modified":"2022-01-18T14:04:35","modified_gmt":"2022-01-18T14:04:35","slug":"usein-kysyttyja-kysymyksia","status":"publish","type":"page","link":"https:\/\/www.goldeneaglepetfoods.fi\/index.php\/usein-kysyttyja-kysymyksia\/","title":{"rendered":"Usein kysyttyj\u00e4 kysymyksi\u00e4"},"content":{"rendered":"\t\t<div data-elementor-type=\"wp-page\" data-elementor-id=\"339\" class=\"elementor elementor-339\" data-elementor-post-type=\"page\">\n\t\t\t\t\t\t<section class=\"elementor-section elementor-top-section elementor-element elementor-element-8eff3bd elementor-section-height-min-height elementor-section-boxed elementor-section-height-default elementor-section-items-middle\" data-id=\"8eff3bd\" data-element_type=\"section\" data-e-type=\"section\" data-settings=\"{&quot;background_background&quot;:&quot;classic&quot;}\">\n\t\t\t\t\t\t\t<div class=\"elementor-background-overlay\"><\/div>\n\t\t\t\t\t\t\t<div class=\"elementor-container elementor-column-gap-default\">\n\t\t\t\t\t<div class=\"elementor-column elementor-col-100 elementor-top-column elementor-element elementor-element-a154dcb\" data-id=\"a154dcb\" data-element_type=\"column\" data-e-type=\"column\">\n\t\t\t<div class=\"elementor-widget-wrap elementor-element-populated\">\n\t\t\t\t\t\t<section class=\"elementor-section elementor-inner-section elementor-element elementor-element-d95e53e elementor-section-boxed elementor-section-height-default elementor-section-height-default\" data-id=\"d95e53e\" data-element_type=\"section\" data-e-type=\"section\">\n\t\t\t\t\t\t<div class=\"elementor-container elementor-column-gap-default\">\n\t\t\t\t\t<div class=\"elementor-column elementor-col-100 elementor-inner-column elementor-element elementor-element-8681f3f\" data-id=\"8681f3f\" data-element_type=\"column\" data-e-type=\"column\">\n\t\t\t<div class=\"elementor-widget-wrap elementor-element-populated\">\n\t\t\t\t\t\t<div class=\"elementor-element elementor-element-a8d3e5e elementor-widget elementor-widget-spacer\" data-id=\"a8d3e5e\" data-element_type=\"widget\" data-e-type=\"widget\" data-widget_type=\"spacer.default\">\n\t\t\t\t<div class=\"elementor-widget-container\">\n\t\t\t\t\t\t\t<div class=\"elementor-spacer\">\n\t\t\t<div class=\"elementor-spacer-inner\"><\/div>\n\t\t<\/div>\n\t\t\t\t\t\t<\/div>\n\t\t\t\t<\/div>\n\t\t\t\t<div class=\"elementor-element elementor-element-ade1930 elementor-widget elementor-widget-heading\" data-id=\"ade1930\" data-element_type=\"widget\" data-e-type=\"widget\" data-widget_type=\"heading.default\">\n\t\t\t\t<div class=\"elementor-widget-container\">\n\t\t\t\t\t<h2 class=\"elementor-heading-title elementor-size-default\">Usein kysytyt kysymykset<\/h2>\t\t\t\t<\/div>\n\t\t\t\t<\/div>\n\t\t\t\t<div class=\"elementor-element elementor-element-6c8228d elementor-widget elementor-widget-spacer\" data-id=\"6c8228d\" data-element_type=\"widget\" data-e-type=\"widget\" data-widget_type=\"spacer.default\">\n\t\t\t\t<div class=\"elementor-widget-container\">\n\t\t\t\t\t\t\t<div class=\"elementor-spacer\">\n\t\t\t<div class=\"elementor-spacer-inner\"><\/div>\n\t\t<\/div>\n\t\t\t\t\t\t<\/div>\n\t\t\t\t<\/div>\n\t\t\t\t\t<\/div>\n\t\t<\/div>\n\t\t\t\t\t<\/div>\n\t\t<\/section>\n\t\t\t\t\t<\/div>\n\t\t<\/div>\n\t\t\t\t\t<\/div>\n\t\t<\/section>\n\t\t\t\t<section class=\"elementor-section elementor-top-section elementor-element elementor-element-ab0fcf5 elementor-section-boxed elementor-section-height-default elementor-section-height-default\" data-id=\"ab0fcf5\" data-element_type=\"section\" data-e-type=\"section\">\n\t\t\t\t\t\t<div class=\"elementor-container elementor-column-gap-default\">\n\t\t\t\t\t<div class=\"elementor-column elementor-col-100 elementor-top-column elementor-element elementor-element-2109611\" data-id=\"2109611\" data-element_type=\"column\" data-e-type=\"column\" data-settings=\"{&quot;background_background&quot;:&quot;classic&quot;}\">\n\t\t\t<div class=\"elementor-widget-wrap elementor-element-populated\">\n\t\t\t\t\t<div class=\"elementor-background-overlay\"><\/div>\n\t\t\t\t\t\t<div class=\"elementor-element elementor-element-debee74 elementor-widget elementor-widget-spacer\" data-id=\"debee74\" data-element_type=\"widget\" data-e-type=\"widget\" data-widget_type=\"spacer.default\">\n\t\t\t\t<div class=\"elementor-widget-container\">\n\t\t\t\t\t\t\t<div class=\"elementor-spacer\">\n\t\t\t<div class=\"elementor-spacer-inner\"><\/div>\n\t\t<\/div>\n\t\t\t\t\t\t<\/div>\n\t\t\t\t<\/div>\n\t\t\t\t<div class=\"elementor-element elementor-element-e07cfcd elementor-widget elementor-widget-heading\" data-id=\"e07cfcd\" data-element_type=\"widget\" data-e-type=\"widget\" data-widget_type=\"heading.default\">\n\t\t\t\t<div class=\"elementor-widget-container\">\n\t\t\t\t\t<h2 class=\"elementor-heading-title elementor-size-default\">Miksi minun kannattaisi ruokkia koirani Golden Eagle ruuilla?<\/h2>\t\t\t\t<\/div>\n\t\t\t\t<\/div>\n\t\t\t\t\t<\/div>\n\t\t<\/div>\n\t\t\t\t\t<\/div>\n\t\t<\/section>\n\t\t\t\t<section class=\"elementor-section elementor-top-section elementor-element elementor-element-8c9dc29 elementor-section-boxed elementor-section-height-default elementor-section-height-default\" data-id=\"8c9dc29\" data-element_type=\"section\" data-e-type=\"section\">\n\t\t\t\t\t\t<div class=\"elementor-container elementor-column-gap-default\">\n\t\t\t\t\t<div class=\"elementor-column elementor-col-100 elementor-top-column elementor-element elementor-element-fb9d1f2\" data-id=\"fb9d1f2\" data-element_type=\"column\" data-e-type=\"column\">\n\t\t\t<div class=\"elementor-widget-wrap elementor-element-populated\">\n\t\t\t\t\t\t<div class=\"elementor-element elementor-element-8257afe elementor-widget elementor-widget-text-editor\" data-id=\"8257afe\" data-element_type=\"widget\" data-e-type=\"widget\" data-widget_type=\"text-editor.default\">\n\t\t\t\t<div class=\"elementor-widget-container\">\n\t\t\t\t\t\t\t\t\t<p>Golden Eagle on ruokasarja, joka on kehitetty tukemaan lemmikkisi hyvinvointia mahdollisimman luonnollisesti. Golden Eagle ruoka sis\u00e4lt\u00e4\u00e4 aina korkealaatuisia proteiininl\u00e4hteit\u00e4, hiilihydraatteina k\u00e4yt\u00e4mme kokojyv\u00e4viljoja, esimerkiksi perunaa tai bataattia, sek\u00e4 muita lemmikkisi hyvinvointia tukevia lis\u00e4ravinteita, kuten vitamiineja sek\u00e4 hivenaineita. Ruokamme ei ikin\u00e4 sis\u00e4ll\u00e4 vehn\u00e4\u00e4 tai soijaa emmek\u00e4 k\u00e4yt\u00e4 ruoissamme kemiallisia s\u00e4il\u00f6nt\u00e4-, maku- tai v\u00e4riaineita. Golden Eagle ruokasarjoista l\u00f6ytyy varmasti jokaiselle pennulle, aikuiselle ja vanhukselle jotain!<\/p>\t\t\t\t\t\t\t\t<\/div>\n\t\t\t\t<\/div>\n\t\t\t\t<div class=\"elementor-element elementor-element-96f9855 elementor-widget elementor-widget-heading\" data-id=\"96f9855\" data-element_type=\"widget\" data-e-type=\"widget\" data-widget_type=\"heading.default\">\n\t\t\t\t<div class=\"elementor-widget-container\">\n\t\t\t\t\t<h2 class=\"elementor-heading-title elementor-size-default\">Miss\u00e4 ruoka valmistetaan?<\/h2>\t\t\t\t<\/div>\n\t\t\t\t<\/div>\n\t\t\t\t<div class=\"elementor-element elementor-element-3c32c76 elementor-widget elementor-widget-text-editor\" data-id=\"3c32c76\" data-element_type=\"widget\" data-e-type=\"widget\" data-widget_type=\"text-editor.default\">\n\t\t\t\t<div class=\"elementor-widget-container\">\n\t\t\t\t\t\t\t\t\t<p>Ruoka valmistetaan Englannissa ja suurin osa raaka-aineistamme tulee Englannista.<\/p>\t\t\t\t\t\t\t\t<\/div>\n\t\t\t\t<\/div>\n\t\t\t\t<div class=\"elementor-element elementor-element-44bc7dd elementor-widget elementor-widget-heading\" data-id=\"44bc7dd\" data-element_type=\"widget\" data-e-type=\"widget\" data-widget_type=\"heading.default\">\n\t\t\t\t<div class=\"elementor-widget-container\">\n\t\t\t\t\t<h2 class=\"elementor-heading-title elementor-size-default\">Millaisista oloista el\u00e4imet, joiden lihaa k\u00e4yt\u00e4tte tulevat?<\/h2>\t\t\t\t<\/div>\n\t\t\t\t<\/div>\n\t\t\t\t<div class=\"elementor-element elementor-element-b3de86e elementor-widget elementor-widget-text-editor\" data-id=\"b3de86e\" data-element_type=\"widget\" data-e-type=\"widget\" data-widget_type=\"text-editor.default\">\n\t\t\t\t<div class=\"elementor-widget-container\">\n\t\t\t\t\t\t\t\t\t<p>El\u00e4imet ovat englantilaisilta perhemaatiloilta. Emme k\u00e4yt\u00e4 tehotuontantoa ja raaka-aineemme ovat aina j\u00e4ljitett\u00e4viss\u00e4 tuotantoprosessiin saakka.<\/p>\t\t\t\t\t\t\t\t<\/div>\n\t\t\t\t<\/div>\n\t\t\t\t<div class=\"elementor-element elementor-element-33e0302 elementor-widget elementor-widget-heading\" data-id=\"33e0302\" data-element_type=\"widget\" data-e-type=\"widget\" data-widget_type=\"heading.default\">\n\t\t\t\t<div class=\"elementor-widget-container\">\n\t\t\t\t\t<h2 class=\"elementor-heading-title elementor-size-default\">Mit\u00e4 ruokia teill\u00e4 on pennuille?<\/h2>\t\t\t\t<\/div>\n\t\t\t\t<\/div>\n\t\t\t\t<div class=\"elementor-element elementor-element-09b98dd elementor-widget elementor-widget-text-editor\" data-id=\"09b98dd\" data-element_type=\"widget\" data-e-type=\"widget\" data-widget_type=\"text-editor.default\">\n\t\t\t\t<div class=\"elementor-widget-container\">\n\t\t\t\t\t\t\t\t\t<p>Meilt\u00e4 l\u00f6ytyy viitt\u00e4 erilaista ruokaa pennuille; <a href=\"https:\/\/www.goldeneaglepetfoods.fi\/index.php\/koirille\/holistic-puppy\/\">Golden Eagle Holistic Health\u00ae Holistic Puppy<\/a>, <a href=\"https:\/\/www.goldeneaglepetfoods.fi\/index.php\/koirille\/holistic-large-giant-breed-puppy\/\">Golden Eagle Holistic Health\u00ae Large &amp; Giant Breed Puppy<\/a>, <a href=\"https:\/\/www.goldeneaglepetfoods.fi\/index.php\/koirille\/grainfree-puppy-kana-kalkkuna-lohi\/\">Golden Eagle Grainfree Puppy<\/a>, <a href=\"https:\/\/www.goldeneaglepetfoods.fi\/index.php\/koirille\/super-premium-lamb-rice\/\">Golden Eagle Super Premium Lamb &amp; Rice\/ Large &amp; Giant Breed Puppy<\/a> sek\u00e4 <a href=\"https:\/\/www.goldeneaglepetfoods.fi\/index.php\/koirille\/super-premium-performance-puppy\/\">Golden Eagle Super Premium Performance\/Puppy<\/a>.<\/p>\t\t\t\t\t\t\t\t<\/div>\n\t\t\t\t<\/div>\n\t\t\t\t<div class=\"elementor-element elementor-element-fb7cc94 elementor-widget elementor-widget-heading\" data-id=\"fb7cc94\" data-element_type=\"widget\" data-e-type=\"widget\" data-widget_type=\"heading.default\">\n\t\t\t\t<div class=\"elementor-widget-container\">\n\t\t\t\t\t<h2 class=\"elementor-heading-title elementor-size-default\">Mit\u00e4 ruokaa suosittelette koiralle, joka k\u00e4rsii ruoka-aineyliherkkyydest\u00e4?<\/h2>\t\t\t\t<\/div>\n\t\t\t\t<\/div>\n\t\t\t\t<div class=\"elementor-element elementor-element-423e19f elementor-widget elementor-widget-text-editor\" data-id=\"423e19f\" data-element_type=\"widget\" data-e-type=\"widget\" data-widget_type=\"text-editor.default\">\n\t\t\t\t<div class=\"elementor-widget-container\">\n\t\t\t\t\t\t\t\t\t<p>Suosittelemme ruoka-aine yliherkkyyksist\u00e4 k\u00e4rsiv\u00e4lle koiralle Hypo-Allergenic -sarjan ruokiamme. N\u00e4ist\u00e4 on saatavilla kolme eri makua; <a href=\"https:\/\/www.goldeneaglepetfoods.fi\/index.php\/koirille\/hypo-allergenic-duck-potato\/\">Golden Eagle Hypo-Allergenic Duck &amp; Potato<\/a>, <a href=\"https:\/\/www.goldeneaglepetfoods.fi\/index.php\/koirille\/hypo-allergenic-lamb-rice\/\">Golden Eagle Hypo-Allergenic Lamb &amp; Rice<\/a>, sek\u00e4 <a href=\"https:\/\/www.goldeneaglepetfoods.fi\/index.php\/koirille\/hypo-allergenic-salmon-potato\/\">Golden Eagle Hypo-Allergenic Salmon &amp; Potato<\/a>.<\/p>\t\t\t\t\t\t\t\t<\/div>\n\t\t\t\t<\/div>\n\t\t\t\t<div class=\"elementor-element elementor-element-8eedac3 elementor-widget elementor-widget-heading\" data-id=\"8eedac3\" data-element_type=\"widget\" data-e-type=\"widget\" data-widget_type=\"heading.default\">\n\t\t\t\t<div class=\"elementor-widget-container\">\n\t\t\t\t\t<h2 class=\"elementor-heading-title elementor-size-default\">Mit\u00e4 ruokaa suosittelette i\u00e4kk\u00e4ille koirille?<\/h2>\t\t\t\t<\/div>\n\t\t\t\t<\/div>\n\t\t\t\t<div class=\"elementor-element elementor-element-01e1de9 elementor-widget elementor-widget-text-editor\" data-id=\"01e1de9\" data-element_type=\"widget\" data-e-type=\"widget\" data-widget_type=\"text-editor.default\">\n\t\t\t\t<div class=\"elementor-widget-container\">\n\t\t\t\t\t\t\t\t\t<p>Vanhemmille koirille suosittelemme <a href=\"https:\/\/www.goldeneaglepetfoods.fi\/index.php\/koirille\/holistic-senior-formula\/\">Golden Eagle Holistic Health\u00ae Senior<\/a> ruokaamme tai <a href=\"https:\/\/www.goldeneaglepetfoods.fi\/index.php\/koirille\/senior-light-lohi-taimen\/\">Golden Eagle Grainfree Senior<\/a> ruokaa.<\/p>\t\t\t\t\t\t\t\t<\/div>\n\t\t\t\t<\/div>\n\t\t\t\t<div class=\"elementor-element elementor-element-1b91cdf elementor-widget elementor-widget-heading\" data-id=\"1b91cdf\" data-element_type=\"widget\" data-e-type=\"widget\" data-widget_type=\"heading.default\">\n\t\t\t\t<div class=\"elementor-widget-container\">\n\t\t\t\t\t<h2 class=\"elementor-heading-title elementor-size-default\">Haluaisin alkaa sy\u00f6tt\u00e4m\u00e4\u00e4n koiralleni Golden Eaglea. H\u00e4n kuitenkin sy\u00f6 nyt toisen merkin ruokaa. Miten teen vaihdoksen?<\/h2>\t\t\t\t<\/div>\n\t\t\t\t<\/div>\n\t\t\t\t<div class=\"elementor-element elementor-element-da161f3 elementor-widget elementor-widget-text-editor\" data-id=\"da161f3\" data-element_type=\"widget\" data-e-type=\"widget\" data-widget_type=\"text-editor.default\">\n\t\t\t\t<div class=\"elementor-widget-container\">\n\t\t\t\t\t\t\t\t\t<p>Suosittelemme vaihtamaan Golden Eagle -ruokaan v\u00e4hitellen, p\u00e4iv\u00e4 kerrallaan pienent\u00e4en vanhan ruoan m\u00e4\u00e4r\u00e4\u00e4 ja lis\u00e4\u00e4m\u00e4ll\u00e4 Golden Eagle -ruoan m\u00e4\u00e4r\u00e4\u00e4.<\/p>\t\t\t\t\t\t\t\t<\/div>\n\t\t\t\t<\/div>\n\t\t\t\t<div class=\"elementor-element elementor-element-119b80a elementor-widget elementor-widget-heading\" data-id=\"119b80a\" data-element_type=\"widget\" data-e-type=\"widget\" data-widget_type=\"heading.default\">\n\t\t\t\t<div class=\"elementor-widget-container\">\n\t\t\t\t\t<h2 class=\"elementor-heading-title elementor-size-default\">Miten Golden Eagle -ruoka s\u00e4ilytet\u00e4\u00e4n ja kuinka pitk\u00e4t parasta ennen p\u00e4iv\u00e4ykset Golden Eagle: ss\u00e4 on?<\/h2>\t\t\t\t<\/div>\n\t\t\t\t<\/div>\n\t\t\t\t<div class=\"elementor-element elementor-element-3386127 elementor-widget elementor-widget-text-editor\" data-id=\"3386127\" data-element_type=\"widget\" data-e-type=\"widget\" data-widget_type=\"text-editor.default\">\n\t\t\t\t<div class=\"elementor-widget-container\">\n\t\t\t\t\t\t\t\t\t<p>Normaalissa huoneenl\u00e4mm\u00f6ss\u00e4, auringolta suojattuna ruoka s\u00e4ilyy hyv\u00e4n\u00e4 parasta ennen p\u00e4iv\u00e4\u00e4n asti.<\/p>\t\t\t\t\t\t\t\t<\/div>\n\t\t\t\t<\/div>\n\t\t\t\t<div class=\"elementor-element elementor-element-572ae49 elementor-widget elementor-widget-heading\" data-id=\"572ae49\" data-element_type=\"widget\" data-e-type=\"widget\" data-widget_type=\"heading.default\">\n\t\t\t\t<div class=\"elementor-widget-container\">\n\t\t\t\t\t<h2 class=\"elementor-heading-title elementor-size-default\">Kuinka paljon minun tulisi sy\u00f6tt\u00e4\u00e4 Golden Eagle -ruokaa kerrallaan lemmikilleni?<\/h2>\t\t\t\t<\/div>\n\t\t\t\t<\/div>\n\t\t\t\t<div class=\"elementor-element elementor-element-36b163d elementor-widget elementor-widget-text-editor\" data-id=\"36b163d\" data-element_type=\"widget\" data-e-type=\"widget\" data-widget_type=\"text-editor.default\">\n\t\t\t\t<div class=\"elementor-widget-container\">\n\t\t\t\t\t\t\t\t\t<p>L\u00f6yd\u00e4t suositukset ruokintaan pussin kyljest\u00e4 sek\u00e4 nettisivuiltamme jokaisen tuotteen kohdalta.<\/p>\t\t\t\t\t\t\t\t<\/div>\n\t\t\t\t<\/div>\n\t\t\t\t\t<\/div>\n\t\t<\/div>\n\t\t\t\t\t<\/div>\n\t\t<\/section>\n\t\t\t\t<\/div>\n\t\t","protected":false},"excerpt":{"rendered":"<p>Usein kysytyt kysymykset Miksi minun kannattaisi ruokkia koirani Golden Eagle ruuilla? Golden Eagle on ruokasarja, joka on kehitetty tukemaan lemmikkisi hyvinvointia mahdollisimman luonnollisesti. Golden Eagle ruoka sis\u00e4lt\u00e4\u00e4 aina korkealaatuisia proteiininl\u00e4hteit\u00e4, hiilihydraatteina k\u00e4yt\u00e4mme kokojyv\u00e4viljoja, esimerkiksi perunaa tai bataattia, sek\u00e4 muita lemmikkisi hyvinvointia tukevia lis\u00e4ravinteita, kuten vitamiineja sek\u00e4 hivenaineita. Ruokamme ei ikin\u00e4 [&hellip;]<\/p>\n","protected":false},"author":2,"featured_media":0,"parent":0,"menu_order":0,"comment_status":"closed","ping_status":"closed","template":"page-templates\/template-pagebuilder-full-width.php","meta":{"footnotes":""},"class_list":["post-339","page","type-page","status-publish","hentry"],"yoast_head":"<!-- This site is optimized with the Yoast SEO plugin v27.2 - https:\/\/yoast.com\/product\/yoast-seo-wordpress\/ -->\n<title>Usein kysyttyj\u00e4 kysymyksi\u00e4 - Golden Eagle Petfoods<\/title>\n<meta name=\"description\" content=\"T\u00e4\u00e4lt\u00e4 l\u00f6yd\u00e4t usein kysyttyj\u00e4 kysymyksi\u00e4 meid\u00e4n ruoista, resepteist\u00e4, ravinnosta ja lemmikin hyvinvoinnista.\" \/>\n<meta name=\"robots\" content=\"index, follow, max-snippet:-1, max-image-preview:large, max-video-preview:-1\" \/>\n<link rel=\"canonical\" href=\"https:\/\/www.goldeneaglepetfoods.fi\/index.php\/usein-kysyttyja-kysymyksia\/\" \/>\n<meta property=\"og:locale\" content=\"en_US\" \/>\n<meta property=\"og:type\" content=\"article\" \/>\n<meta property=\"og:title\" content=\"Usein kysyttyj\u00e4 kysymyksi\u00e4 - Golden Eagle Petfoods\" \/>\n<meta property=\"og:description\" content=\"T\u00e4\u00e4lt\u00e4 l\u00f6yd\u00e4t usein kysyttyj\u00e4 kysymyksi\u00e4 meid\u00e4n ruoista, resepteist\u00e4, ravinnosta ja lemmikin hyvinvoinnista.\" \/>\n<meta property=\"og:url\" content=\"https:\/\/www.goldeneaglepetfoods.fi\/index.php\/usein-kysyttyja-kysymyksia\/\" \/>\n<meta property=\"og:site_name\" content=\"Golden Eagle Petfoods\" \/>\n<meta property=\"article:modified_time\" content=\"2022-01-18T14:04:35+00:00\" \/>\n<meta name=\"twitter:card\" content=\"summary_large_image\" \/>\n<meta name=\"twitter:label1\" content=\"Est. reading time\" \/>\n\t<meta name=\"twitter:data1\" content=\"2 minutes\" \/>\n<script type=\"application\/ld+json\" class=\"yoast-schema-graph\">{\"@context\":\"https:\/\/schema.org\",\"@graph\":[{\"@type\":\"WebPage\",\"@id\":\"https:\/\/www.goldeneaglepetfoods.fi\/index.php\/usein-kysyttyja-kysymyksia\/\",\"url\":\"https:\/\/www.goldeneaglepetfoods.fi\/index.php\/usein-kysyttyja-kysymyksia\/\",\"name\":\"Usein kysyttyj\u00e4 kysymyksi\u00e4 - Golden Eagle Petfoods\",\"isPartOf\":{\"@id\":\"https:\/\/www.goldeneaglepetfoods.fi\/#website\"},\"datePublished\":\"2021-10-15T15:41:41+00:00\",\"dateModified\":\"2022-01-18T14:04:35+00:00\",\"description\":\"T\u00e4\u00e4lt\u00e4 l\u00f6yd\u00e4t usein kysyttyj\u00e4 kysymyksi\u00e4 meid\u00e4n ruoista, resepteist\u00e4, ravinnosta ja lemmikin hyvinvoinnista.\",\"breadcrumb\":{\"@id\":\"https:\/\/www.goldeneaglepetfoods.fi\/index.php\/usein-kysyttyja-kysymyksia\/#breadcrumb\"},\"inLanguage\":\"en\",\"potentialAction\":[{\"@type\":\"ReadAction\",\"target\":[\"https:\/\/www.goldeneaglepetfoods.fi\/index.php\/usein-kysyttyja-kysymyksia\/\"]}]},{\"@type\":\"BreadcrumbList\",\"@id\":\"https:\/\/www.goldeneaglepetfoods.fi\/index.php\/usein-kysyttyja-kysymyksia\/#breadcrumb\",\"itemListElement\":[{\"@type\":\"ListItem\",\"position\":1,\"name\":\"Home\",\"item\":\"https:\/\/www.goldeneaglepetfoods.fi\/\"},{\"@type\":\"ListItem\",\"position\":2,\"name\":\"Usein kysyttyj\u00e4 kysymyksi\u00e4\"}]},{\"@type\":\"WebSite\",\"@id\":\"https:\/\/www.goldeneaglepetfoods.fi\/#website\",\"url\":\"https:\/\/www.goldeneaglepetfoods.fi\/\",\"name\":\"Golden Eagle Petfoods\",\"description\":\"Rakastavin p&auml;&auml;t&ouml;s, jonka voit tehd&auml; lemmikkisi puolesta.\",\"publisher\":{\"@id\":\"https:\/\/www.goldeneaglepetfoods.fi\/#organization\"},\"potentialAction\":[{\"@type\":\"SearchAction\",\"target\":{\"@type\":\"EntryPoint\",\"urlTemplate\":\"https:\/\/www.goldeneaglepetfoods.fi\/?s={search_term_string}\"},\"query-input\":{\"@type\":\"PropertyValueSpecification\",\"valueRequired\":true,\"valueName\":\"search_term_string\"}}],\"inLanguage\":\"en\"},{\"@type\":\"Organization\",\"@id\":\"https:\/\/www.goldeneaglepetfoods.fi\/#organization\",\"name\":\"Golden Eagle Petfoods\",\"url\":\"https:\/\/www.goldeneaglepetfoods.fi\/\",\"logo\":{\"@type\":\"ImageObject\",\"inLanguage\":\"en\",\"@id\":\"https:\/\/www.goldeneaglepetfoods.fi\/#\/schema\/logo\/image\/\",\"url\":\"https:\/\/www.goldeneaglepetfoods.fi\/wp-content\/uploads\/2021\/10\/Nimeton-suunn.malli_-e1633439769385.png\",\"contentUrl\":\"https:\/\/www.goldeneaglepetfoods.fi\/wp-content\/uploads\/2021\/10\/Nimeton-suunn.malli_-e1633439769385.png\",\"width\":500,\"height\":180,\"caption\":\"Golden Eagle Petfoods\"},\"image\":{\"@id\":\"https:\/\/www.goldeneaglepetfoods.fi\/#\/schema\/logo\/image\/\"}}]}<\/script>\n<!-- \/ Yoast SEO plugin. -->","yoast_head_json":{"title":"Usein kysyttyj\u00e4 kysymyksi\u00e4 - Golden Eagle Petfoods","description":"T\u00e4\u00e4lt\u00e4 l\u00f6yd\u00e4t usein kysyttyj\u00e4 kysymyksi\u00e4 meid\u00e4n ruoista, resepteist\u00e4, ravinnosta ja lemmikin hyvinvoinnista.","robots":{"index":"index","follow":"follow","max-snippet":"max-snippet:-1","max-image-preview":"max-image-preview:large","max-video-preview":"max-video-preview:-1"},"canonical":"https:\/\/www.goldeneaglepetfoods.fi\/index.php\/usein-kysyttyja-kysymyksia\/","og_locale":"en_US","og_type":"article","og_title":"Usein kysyttyj\u00e4 kysymyksi\u00e4 - Golden Eagle Petfoods","og_description":"T\u00e4\u00e4lt\u00e4 l\u00f6yd\u00e4t usein kysyttyj\u00e4 kysymyksi\u00e4 meid\u00e4n ruoista, resepteist\u00e4, ravinnosta ja lemmikin hyvinvoinnista.","og_url":"https:\/\/www.goldeneaglepetfoods.fi\/index.php\/usein-kysyttyja-kysymyksia\/","og_site_name":"Golden Eagle Petfoods","article_modified_time":"2022-01-18T14:04:35+00:00","twitter_card":"summary_large_image","twitter_misc":{"Est. reading time":"2 minutes"},"schema":{"@context":"https:\/\/schema.org","@graph":[{"@type":"WebPage","@id":"https:\/\/www.goldeneaglepetfoods.fi\/index.php\/usein-kysyttyja-kysymyksia\/","url":"https:\/\/www.goldeneaglepetfoods.fi\/index.php\/usein-kysyttyja-kysymyksia\/","name":"Usein kysyttyj\u00e4 kysymyksi\u00e4 - Golden Eagle Petfoods","isPartOf":{"@id":"https:\/\/www.goldeneaglepetfoods.fi\/#website"},"datePublished":"2021-10-15T15:41:41+00:00","dateModified":"2022-01-18T14:04:35+00:00","description":"T\u00e4\u00e4lt\u00e4 l\u00f6yd\u00e4t usein kysyttyj\u00e4 kysymyksi\u00e4 meid\u00e4n ruoista, resepteist\u00e4, ravinnosta ja lemmikin hyvinvoinnista.","breadcrumb":{"@id":"https:\/\/www.goldeneaglepetfoods.fi\/index.php\/usein-kysyttyja-kysymyksia\/#breadcrumb"},"inLanguage":"en","potentialAction":[{"@type":"ReadAction","target":["https:\/\/www.goldeneaglepetfoods.fi\/index.php\/usein-kysyttyja-kysymyksia\/"]}]},{"@type":"BreadcrumbList","@id":"https:\/\/www.goldeneaglepetfoods.fi\/index.php\/usein-kysyttyja-kysymyksia\/#breadcrumb","itemListElement":[{"@type":"ListItem","position":1,"name":"Home","item":"https:\/\/www.goldeneaglepetfoods.fi\/"},{"@type":"ListItem","position":2,"name":"Usein kysyttyj\u00e4 kysymyksi\u00e4"}]},{"@type":"WebSite","@id":"https:\/\/www.goldeneaglepetfoods.fi\/#website","url":"https:\/\/www.goldeneaglepetfoods.fi\/","name":"Golden Eagle Petfoods","description":"Rakastavin p&auml;&auml;t&ouml;s, jonka voit tehd&auml; lemmikkisi puolesta.","publisher":{"@id":"https:\/\/www.goldeneaglepetfoods.fi\/#organization"},"potentialAction":[{"@type":"SearchAction","target":{"@type":"EntryPoint","urlTemplate":"https:\/\/www.goldeneaglepetfoods.fi\/?s={search_term_string}"},"query-input":{"@type":"PropertyValueSpecification","valueRequired":true,"valueName":"search_term_string"}}],"inLanguage":"en"},{"@type":"Organization","@id":"https:\/\/www.goldeneaglepetfoods.fi\/#organization","name":"Golden Eagle Petfoods","url":"https:\/\/www.goldeneaglepetfoods.fi\/","logo":{"@type":"ImageObject","inLanguage":"en","@id":"https:\/\/www.goldeneaglepetfoods.fi\/#\/schema\/logo\/image\/","url":"https:\/\/www.goldeneaglepetfoods.fi\/wp-content\/uploads\/2021\/10\/Nimeton-suunn.malli_-e1633439769385.png","contentUrl":"https:\/\/www.goldeneaglepetfoods.fi\/wp-content\/uploads\/2021\/10\/Nimeton-suunn.malli_-e1633439769385.png","width":500,"height":180,"caption":"Golden Eagle Petfoods"},"image":{"@id":"https:\/\/www.goldeneaglepetfoods.fi\/#\/schema\/logo\/image\/"}}]}},"_links":{"self":[{"href":"https:\/\/www.goldeneaglepetfoods.fi\/index.php\/wp-json\/wp\/v2\/pages\/339","targetHints":{"allow":["GET"]}}],"collection":[{"href":"https:\/\/www.goldeneaglepetfoods.fi\/index.php\/wp-json\/wp\/v2\/pages"}],"about":[{"href":"https:\/\/www.goldeneaglepetfoods.fi\/index.php\/wp-json\/wp\/v2\/types\/page"}],"author":[{"embeddable":true,"href":"https:\/\/www.goldeneaglepetfoods.fi\/index.php\/wp-json\/wp\/v2\/users\/2"}],"replies":[{"embeddable":true,"href":"https:\/\/www.goldeneaglepetfoods.fi\/index.php\/wp-json\/wp\/v2\/comments?post=339"}],"version-history":[{"count":22,"href":"https:\/\/www.goldeneaglepetfoods.fi\/index.php\/wp-json\/wp\/v2\/pages\/339\/revisions"}],"predecessor-version":[{"id":1383,"href":"https:\/\/www.goldeneaglepetfoods.fi\/index.php\/wp-json\/wp\/v2\/pages\/339\/revisions\/1383"}],"wp:attachment":[{"href":"https:\/\/www.goldeneaglepetfoods.fi\/index.php\/wp-json\/wp\/v2\/media?parent=339"}],"curies":[{"name":"wp","href":"https:\/\/api.w.org\/{rel}","templated":true}]}}