{"id":320,"date":"2021-10-15T15:26:51","date_gmt":"2021-10-15T15:26:51","guid":{"rendered":"http:\/\/94.237.117.66\/~goldenea\/?page_id=320"},"modified":"2025-05-27T09:26:45","modified_gmt":"2025-05-27T09:26:45","slug":"nutrigenomia-ja-filosofia","status":"publish","type":"page","link":"https:\/\/www.goldeneaglepetfoods.fi\/index.php\/nutrigenomia-ja-filosofia\/","title":{"rendered":"Nutrigenomia ja filosofia"},"content":{"rendered":"\t\t<div data-elementor-type=\"wp-page\" data-elementor-id=\"320\" class=\"elementor elementor-320\" data-elementor-post-type=\"page\">\n\t\t\t\t\t\t<section class=\"elementor-section elementor-top-section elementor-element elementor-element-ab0fcf5 elementor-section-boxed elementor-section-height-default elementor-section-height-default\" data-id=\"ab0fcf5\" data-element_type=\"section\" data-e-type=\"section\">\n\t\t\t\t\t\t<div class=\"elementor-container elementor-column-gap-default\">\n\t\t\t\t\t<div class=\"elementor-column elementor-col-100 elementor-top-column elementor-element elementor-element-2109611\" data-id=\"2109611\" data-element_type=\"column\" data-e-type=\"column\">\n\t\t\t<div class=\"elementor-widget-wrap elementor-element-populated\">\n\t\t\t\t\t\t<div class=\"elementor-element elementor-element-debee74 elementor-widget elementor-widget-spacer\" data-id=\"debee74\" data-element_type=\"widget\" data-e-type=\"widget\" data-widget_type=\"spacer.default\">\n\t\t\t\t<div class=\"elementor-widget-container\">\n\t\t\t\t\t\t\t<div class=\"elementor-spacer\">\n\t\t\t<div class=\"elementor-spacer-inner\"><\/div>\n\t\t<\/div>\n\t\t\t\t\t\t<\/div>\n\t\t\t\t<\/div>\n\t\t\t\t<div class=\"elementor-element elementor-element-e07cfcd elementor-widget elementor-widget-heading\" data-id=\"e07cfcd\" data-element_type=\"widget\" data-e-type=\"widget\" data-widget_type=\"heading.default\">\n\t\t\t\t<div class=\"elementor-widget-container\">\n\t\t\t\t\t<h2 class=\"elementor-heading-title elementor-size-default\">Golden Eagle ravintellinen filosofia ja nutrigenomia<\/h2>\t\t\t\t<\/div>\n\t\t\t\t<\/div>\n\t\t\t\t\t<\/div>\n\t\t<\/div>\n\t\t\t\t\t<\/div>\n\t\t<\/section>\n\t\t\t\t<section class=\"elementor-section elementor-top-section elementor-element elementor-element-8c9dc29 elementor-section-boxed elementor-section-height-default elementor-section-height-default\" data-id=\"8c9dc29\" data-element_type=\"section\" data-e-type=\"section\">\n\t\t\t\t\t\t<div class=\"elementor-container elementor-column-gap-default\">\n\t\t\t\t\t<div class=\"elementor-column elementor-col-100 elementor-top-column elementor-element elementor-element-fb9d1f2\" data-id=\"fb9d1f2\" data-element_type=\"column\" data-e-type=\"column\">\n\t\t\t<div class=\"elementor-widget-wrap elementor-element-populated\">\n\t\t\t\t\t\t<div class=\"elementor-element elementor-element-8257afe elementor-widget elementor-widget-text-editor\" data-id=\"8257afe\" data-element_type=\"widget\" data-e-type=\"widget\" data-widget_type=\"text-editor.default\">\n\t\t\t\t<div class=\"elementor-widget-container\">\n\t\t\t\t\t\t\t\t\t<p class=\"style4\"><span>Golden Eagle Holistic Health\u00ae -reseptit perustuvat viimeisimp\u00e4\u00e4n tieteelliseen tutkimukseen valmistaa ruokia, jotka ovat ravinteellisesti mahdollisimman t\u00e4ydellisi\u00e4, ja pyrkiv\u00e4t suojaamaan lemmikki\u00e4 kaikilta mahdollisilta negatiivisilta vaikutuksilta \u2013 ovat ne sitten ymp\u00e4rist\u00f6tekij\u00f6it\u00e4 tai geneettisi\u00e4. T\u00e4m\u00e4 on ravinnon tulevaisuutta, perustuen nutrigenomiaan.<\/span><\/p><p class=\"style4\"><span>Nutrigenomia tarkoittaa genetiikan tukemista ravinteellisesti, eli ottaen huomioon geeneihin ja varsinkin DNA:han vaikuttavia ravintotekij\u00f6it\u00e4. T\u00e4h\u00e4n liityy my\u00f6s ns. epigenetiikka, joka on nyt kuumin genetiikan tutkimuksen kohde joka pyrkii vastaamaan seuraaviin kysymyksiin:<\/span><\/p><ul type=\"disc\"><li><span>Miksi m\u00e4\u00e4r\u00e4tyt geenit syttyv\u00e4t tai sammuvat?<\/span><\/li><li><p><span>Mik\u00e4 osa DNA:sta aiheuttaa geenien syttymisen tai sammumisen ja miksi?<\/span><\/p><\/li><li><p><span>Mik\u00e4 saattaa vahingoittaa DNA:ta?<\/span><\/p><\/li><li><p><span>Mik\u00e4 ja\/tai mitk\u00e4 ravintoaineet vaikuttavat DNA:han ?<\/span><\/p><\/li><li><p><span>Miten t\u00e4m\u00e4 kaikki vaikuttaa lemmikin terveyteen?<\/span><\/p><\/li><\/ul>\t\t\t\t\t\t\t\t<\/div>\n\t\t\t\t<\/div>\n\t\t\t\t<div class=\"elementor-element elementor-element-96f9855 elementor-widget elementor-widget-heading\" data-id=\"96f9855\" data-element_type=\"widget\" data-e-type=\"widget\" data-widget_type=\"heading.default\">\n\t\t\t\t<div class=\"elementor-widget-container\">\n\t\t\t\t\t<h2 class=\"elementor-heading-title elementor-size-default\">T\u00e4h\u00e4n perustuu Golden Eagle Holistic Health\u00ae:n ravinteellinen filosofia, jonka  perustana ovat seuraavat periaatteet:<\/h2>\t\t\t\t<\/div>\n\t\t\t\t<\/div>\n\t\t\t\t<div class=\"elementor-element elementor-element-83a37f2 elementor-widget elementor-widget-heading\" data-id=\"83a37f2\" data-element_type=\"widget\" data-e-type=\"widget\" data-widget_type=\"heading.default\">\n\t\t\t\t<div class=\"elementor-widget-container\">\n\t\t\t\t\t<h2 class=\"elementor-heading-title elementor-size-default\">1.K\u00e4ytet\u00e4\u00e4n ainoastaan korkealaatuisia ja puhtaita liharaaka-aineita<\/h2>\t\t\t\t<\/div>\n\t\t\t\t<\/div>\n\t\t\t\t<div class=\"elementor-element elementor-element-3c32c76 elementor-widget elementor-widget-text-editor\" data-id=\"3c32c76\" data-element_type=\"widget\" data-e-type=\"widget\" data-widget_type=\"text-editor.default\">\n\t\t\t\t<div class=\"elementor-widget-container\">\n\t\t\t\t\t\t\t\t\t<p>Historiassa lemmikkiruokateollisuus perustui ihmisravinnon ulkopuolelle j\u00e4\u00e4vien sivutuotteiden hy\u00f6dynt\u00e4miseen. N\u00e4iden erilaisten sivutuotteiden, l\u00e4hes j\u00e4tteiden, k\u00e4ytt\u00e4minen lemmikkien ravinnossa on v\u00e4hint\u00e4\u00e4n pelottavaa lemmikin terveytt\u00e4 mietitt\u00e4ess\u00e4. Golden Eagle Holistic Health\u2122 -ruuissa k\u00e4ytet\u00e4\u00e4n ainoastaan ihmisravinnoksi tarkoitettuja \u2013 kaikista kemikaaleista ja synteettisist\u00e4 aineista puhtaita \u2013 raaka-aineita, varmistaen jokaisen reseptin eritt\u00e4in korkea ravintopitoisuus ja sulavuus lemmikin hy\u00f6dynnett\u00e4v\u00e4ksi. T\u00e4m\u00e4 tarkoittaa yksinkertaisuudessaan sit\u00e4, ett\u00e4 lemmikki saa enemm\u00e4n ravintoa pienemm\u00e4st\u00e4 ruokam\u00e4\u00e4r\u00e4st\u00e4 sek\u00e4 eri reseptit erilaisiin el\u00e4m\u00e4ntilanteisiin aina pennusta vanhukseksi.<\/p>\t\t\t\t\t\t\t\t<\/div>\n\t\t\t\t<\/div>\n\t\t\t\t<div class=\"elementor-element elementor-element-c0e0a6e elementor-widget elementor-widget-heading\" data-id=\"c0e0a6e\" data-element_type=\"widget\" data-e-type=\"widget\" data-widget_type=\"heading.default\">\n\t\t\t\t<div class=\"elementor-widget-container\">\n\t\t\t\t\t<h2 class=\"elementor-heading-title elementor-size-default\">2.K\u00e4ytet\u00e4\u00e4n ainoastaan luonnollisia ravinteikkaita kokojyv\u00e4viljoja, ilman geenimanipulointia\n<\/h2>\t\t\t\t<\/div>\n\t\t\t\t<\/div>\n\t\t\t\t<div class=\"elementor-element elementor-element-b3de86e elementor-widget elementor-widget-text-editor\" data-id=\"b3de86e\" data-element_type=\"widget\" data-e-type=\"widget\" data-widget_type=\"text-editor.default\">\n\t\t\t\t<div class=\"elementor-widget-container\">\n\t\t\t\t\t\t\t\t\t<p>Luonto tekee viljat kokojyv\u00e4isin\u00e4. Sellaisinaan ne sis\u00e4lt\u00e4v\u00e4t paljon ravintoaineita, kuten proteiineja, hiilihydraatteja, kuitua ja ehdottoman t\u00e4rkeit\u00e4 vitamiineja sek\u00e4 hivenaineita. Monet valmistajat k\u00e4ytt\u00e4v\u00e4t v\u00e4h\u00e4ravinteisia jauhoja ja t\u00e4yteaineita, joita Golden Eagle Holistic Health\u00ae -resepteiss\u00e4 ei k\u00e4ytet\u00e4.<\/p>\t\t\t\t\t\t\t\t<\/div>\n\t\t\t\t<\/div>\n\t\t\t\t<div class=\"elementor-element elementor-element-f649a31 elementor-widget elementor-widget-heading\" data-id=\"f649a31\" data-element_type=\"widget\" data-e-type=\"widget\" data-widget_type=\"heading.default\">\n\t\t\t\t<div class=\"elementor-widget-container\">\n\t\t\t\t\t<h2 class=\"elementor-heading-title elementor-size-default\">3. Keittol\u00e4mp\u00f6tilojen eritt\u00e4in tarkka kontrollointi ravintoaineiden ominaisuuksien s\u00e4ilytt\u00e4miseksi sek\u00e4 jatkuvat laatutarkistukset my\u00f6s ravintopitoisuuksien osalta<\/h2>\t\t\t\t<\/div>\n\t\t\t\t<\/div>\n\t\t\t\t<div class=\"elementor-element elementor-element-09b98dd elementor-widget elementor-widget-text-editor\" data-id=\"09b98dd\" data-element_type=\"widget\" data-e-type=\"widget\" data-widget_type=\"text-editor.default\">\n\t\t\t\t<div class=\"elementor-widget-container\">\n\t\t\t\t\t\t\t\t\t<p><em>Golden Eagle Holistic Health\u00ae &#8211;<\/em><span>tuotteissa tehd\u00e4\u00e4n valmistusprosessin aikana yli 100 eri tarkistusta. Jokainen raaka-aine tarkistetaan jo ennen sen k\u00e4ytt\u00e4mist\u00e4 valmistukseen. N\u00e4m\u00e4 tarkistukset takaavat korkeimman mahdollisen laadun ja turvallisuuden\u00a0<\/span><em>Golden Eagle Holistic Health\u00ae<\/em><span>\u00a0-tuotteissa.<\/span><\/p>\t\t\t\t\t\t\t\t<\/div>\n\t\t\t\t<\/div>\n\t\t\t\t<div class=\"elementor-element elementor-element-38c9fc7 elementor-widget elementor-widget-heading\" data-id=\"38c9fc7\" data-element_type=\"widget\" data-e-type=\"widget\" data-widget_type=\"heading.default\">\n\t\t\t\t<div class=\"elementor-widget-container\">\n\t\t\t\t\t<h2 class=\"elementor-heading-title elementor-size-default\">4. Ei k\u00e4ytet\u00e4 keinotekoisia s\u00e4il\u00f6nt\u00e4aineita, synteettisi\u00e4 kemikaaleja, v\u00e4rej\u00e4 tai lis\u00e4aineita\n<\/h2>\t\t\t\t<\/div>\n\t\t\t\t<\/div>\n\t\t\t\t<div class=\"elementor-element elementor-element-7715c0a elementor-widget elementor-widget-text-editor\" data-id=\"7715c0a\" data-element_type=\"widget\" data-e-type=\"widget\" data-widget_type=\"text-editor.default\">\n\t\t\t\t<div class=\"elementor-widget-container\">\n\t\t\t\t\t\t\t\t\t<p><em>Golden Eagle Holistic Health\u00ae<\/em><span>\u00a0-ruokiin ei lis\u00e4t\u00e4 mit\u00e4\u00e4n, mik\u00e4 ei olisi terveellist\u00e4 lemmikille.\u00a0<\/span><span>A<\/span><span>ineita, joita edes ep\u00e4ill\u00e4\u00e4n aiheuttavan terveydelle ongelmia, ei k\u00e4ytet\u00e4. Aineita, kuten etoksikiini, BHA, BHT tai mik\u00e4 tahansa kemikaali, joita usein lemmikin ravinteista l\u00f6ytyy, vaikka ne ovat ihmisravinnossa kiellettyj\u00e4, ei k\u00e4ytet\u00e4 \u2013 mit\u00e4\u00e4n haitallisia aineita\/kemikaaleja, jotka ovat terveydelle edes mahdollisesti haitallisia, ei siis\u00a0<\/span><em>Golden Eagle Holistic Health\u00ae<\/em><span>\u00a0-ruuissa ole.\u00a0<\/span><br \/><span>EU- lains\u00e4\u00e4d\u00e4nt\u00f6 antaa valmistajille mahdollisuuden piiloutua erilaisten \u201dEU- hyv\u00e4ksyttyjen\u201d numeroiden tai lausuntojen taakse, vaikeuttaen kuluttajan mahdollisuutta selvitt\u00e4\u00e4 ja ymm\u00e4rt\u00e4\u00e4 niiden sis\u00e4lt\u00e4v\u00e4n mahdollisesti lemmikin terveytt\u00e4 vaarantavia aineita.\u00a0<\/span><br \/><span>My\u00f6sk\u00e4\u00e4n t\u00e4llaisia aineita ei<em>\u00a0Golden Eagle Holistic Health\u00ae<\/em><\/span><span>\u00a0-ruuissa k\u00e4ytet\u00e4. L\u00e4ht\u00f6kohtana ruuissamme on: jos se ei ole terveellist\u00e4, sit\u00e4 ei k\u00e4ytet\u00e4. T\u00e4t\u00e4 kautta uskomme valmistavamme maailman terveellisint\u00e4 lemmikinruokaa.\u00a0<\/span><\/p>\t\t\t\t\t\t\t\t<\/div>\n\t\t\t\t<\/div>\n\t\t\t\t<div class=\"elementor-element elementor-element-feacece elementor-widget elementor-widget-heading\" data-id=\"feacece\" data-element_type=\"widget\" data-e-type=\"widget\" data-widget_type=\"heading.default\">\n\t\t\t\t<div class=\"elementor-widget-container\">\n\t\t\t\t\t<h2 class=\"elementor-heading-title elementor-size-default\">5. Lemmikin ihon ja turkin muodostuksen ravinteellisten vaatimusten huomioiminen<\/h2>\t\t\t\t<\/div>\n\t\t\t\t<\/div>\n\t\t\t\t<div class=\"elementor-element elementor-element-f48a2d0 elementor-widget elementor-widget-text-editor\" data-id=\"f48a2d0\" data-element_type=\"widget\" data-e-type=\"widget\" data-widget_type=\"text-editor.default\">\n\t\t\t\t<div class=\"elementor-widget-container\">\n\t\t\t\t\t\t\t\t\t<p>Upean, kiilt\u00e4v\u00e4n turkin sek\u00e4 kutiamattoman ihon saavuttaminen ei ole mik\u00e4\u00e4n salaisuus, se vain on kallista. On k\u00e4ytett\u00e4v\u00e4 enemm\u00e4n lihaa, korkeampilaatuisia rasvoja ja \u00f6ljyj\u00e4, sek\u00e4 enemm\u00e4n vitamiineja ja hivenaineita. N\u00e4m\u00e4 kaikki on huomioitu Golden Eagle Holistic Health\u00ae -ruuissa, jolloin niit\u00e4 ei tarvitse lis\u00e4t\u00e4 kotona ruokaan. Monet valmistajat oikaisevat k\u00e4ytt\u00e4m\u00e4ll\u00e4 halpoja viljaproteiinil\u00e4hteit\u00e4 , sek\u00e4 erilaisia t\u00e4yteaineita ja heikompilaatuisia rasvoja ja \u00f6ljyj\u00e4 lihan sijaan. T\u00e4m\u00e4 kaikki n\u00e4kyy kiillottomana turkkina, ihon kutinana sek\u00e4 aneemisuutena. <br \/>Golden Eagle Holistic Health\u00ae -resepteiss\u00e4 k\u00e4ytet\u00e4\u00e4n ainoastaan laadukkaimpia rasvoja ja \u00f6ljyj\u00e4 nimenomaan ihon terveyden yll\u00e4pitoon, terve iho on laadukkaan turkin edellytys.<\/p>\t\t\t\t\t\t\t\t<\/div>\n\t\t\t\t<\/div>\n\t\t\t\t<div class=\"elementor-element elementor-element-7cec2b8 elementor-widget elementor-widget-heading\" data-id=\"7cec2b8\" data-element_type=\"widget\" data-e-type=\"widget\" data-widget_type=\"heading.default\">\n\t\t\t\t<div class=\"elementor-widget-container\">\n\t\t\t\t\t<h2 class=\"elementor-heading-title elementor-size-default\">6. Jatkuva tieteellisen tutkimuksen seuranta edist\u00e4m\u00e4\u00e4n lemmikin terveytt\u00e4 ja pitk\u00e4\u00e4 ik\u00e4\u00e4 <\/h2>\t\t\t\t<\/div>\n\t\t\t\t<\/div>\n\t\t\t\t<div class=\"elementor-element elementor-element-fea85ce elementor-widget elementor-widget-text-editor\" data-id=\"fea85ce\" data-element_type=\"widget\" data-e-type=\"widget\" data-widget_type=\"text-editor.default\">\n\t\t\t\t<div class=\"elementor-widget-container\">\n\t\t\t\t\t\t\t\t\t<p>Golden Eagle Holistic Health\u00ae -ruuat valmistetaan ja kehitet\u00e4\u00e4n t\u00e4m\u00e4n viimeisimm\u00e4n tutkimuksen tuoman tiedon mukaan. Tiedeyhteis\u00f6 ymp\u00e4ri maailmaa tekee valtavasti t\u00f6it\u00e4 l\u00f6yt\u00e4\u00e4kseen erilaisia terveyteen vaikuttavia tekij\u00f6it\u00e4. Varsinkin ravinnon vaikutuksista virtaa yh\u00e4 enemm\u00e4n tietoa, ja olemme ylpeit\u00e4 voidessamme tukea n\u00e4it\u00e4 tutkimuksia. Viimeisimm\u00e4t epigenetiikan osoittamat l\u00f6yd\u00f6t perinn\u00f6llisten sairauksien puhkeamisten syist\u00e4 ovat jo tuoneet paljon tietoa ravinnon vaikutuksista; miten n\u00e4m\u00e4 sairaudet laukeavat, mitk\u00e4 ravinteelliset tekij\u00e4t niihin vaikuttavat jne. N\u00e4iden tutkimusten kautta l\u00f6yd\u00e4mme uusia mahdollisuuksia miten tukea ravinteellisesti sairausgeenej\u00e4 kantavaa yksil\u00f6\u00e4 ja mahdollisesti v\u00e4hent\u00e4\u00e4 sairauksien ilmenemist\u00e4 ja vaikutusta. <br \/>T\u00e4t\u00e4 uusinta ravintoa ja geenej\u00e4 koskevaa tieteen osaa kutsutaan nutrigenomiaksi, ja uskomme lemmikkien hy\u00f6tyv\u00e4n suunnattomasti n\u00e4iden ymp\u00e4ri maailmaa eri ylisopistoissa ty\u00f6skentelevien arvostettujen tiedemiesten l\u00f6yd\u00f6ist\u00e4. Aina kun uusia l\u00f6yt\u00f6j\u00e4 tehd\u00e4\u00e4n, Golden Eagle Holistic Health\u00ae -resepteiss\u00e4 pyrit\u00e4\u00e4n huomioimaan n\u00e4iden tuomia terveysvaikutuksia.<\/p>\t\t\t\t\t\t\t\t<\/div>\n\t\t\t\t<\/div>\n\t\t\t\t<div class=\"elementor-element elementor-element-33e0302 elementor-widget elementor-widget-heading\" data-id=\"33e0302\" data-element_type=\"widget\" data-e-type=\"widget\" data-widget_type=\"heading.default\">\n\t\t\t\t<div class=\"elementor-widget-container\">\n\t\t\t\t\t<h2 class=\"elementor-heading-title elementor-size-default\">Lemmikinruoan valinta<\/h2>\t\t\t\t<\/div>\n\t\t\t\t<\/div>\n\t\t\t\t<div class=\"elementor-element elementor-element-423e19f elementor-widget elementor-widget-text-editor\" data-id=\"423e19f\" data-element_type=\"widget\" data-e-type=\"widget\" data-widget_type=\"text-editor.default\">\n\t\t\t\t<div class=\"elementor-widget-container\">\n\t\t\t\t\t\t\t\t\t<p class=\"style4\"><span>Lemmikkiemme terveys on meille lemmikinomistajille aivan yht\u00e4 t\u00e4rke\u00e4 kuin oma terveytemme. Lemmikin ruokavalinta on my\u00f6s suurin terveyteen vaikuttava p\u00e4\u00e4t\u00f6s, jonka omistaja tekee. T\u00e4m\u00e4n vuoksi valitsemalla maistuvan ja terveellisen&nbsp;<em>Golden Eagle Holistic Health\u00ae&nbsp;<\/em>-ruuan lemmikkisi ruoaksi, on se lemmikkisi terveyden kannalta rakastavin p\u00e4\u00e4t\u00f6s, jonka voit tehd\u00e4. Vaikka ruoka saattaa tuntua kalliilta, se ei maksa k\u00e4yt\u00e4nn\u00f6ss\u00e4 mit\u00e4\u00e4n verrattaessa sit\u00e4 lemmikin terveyteen ja mahdollisiin ruoassa olevien kemikaalien sek\u00e4 synteettisten aineiden vaaroihin. Kallit el\u00e4inl\u00e4\u00e4k\u00e4rik\u00e4ynnit lis\u00e4\u00e4ntyv\u00e4t jatkuvasti, ja turhan usein syyksi ilmenee v\u00e4\u00e4r\u00e4nlainen sek\u00e4 ep\u00e4terveellinen ravinto.<\/span><\/p><p class=\"style4\"><span><br><\/span><\/p>\n<p class=\"style4\"><span>Anna lemmikillesi mahdollisuus hyvinvointiin sy\u00f6tt\u00e4m\u00e4ll\u00e4<em>&nbsp;Golden Eagle Holistic Health\u00ae<\/em>&nbsp;-ruokaa 60 p\u00e4iv\u00e4\u00e4, jonka j\u00e4lkeen uskomme lemmikkisi hyvinvoinnin todistavan ruokamme erinomaisen terveellisyyden sek\u00e4 tinkim\u00e4tt\u00f6m\u00e4n laadun.<\/span><\/p><p class=\"style4\"><span><br><\/span><\/p>\n<p class=\"style4\"><span>Lemmikinruoan valinta ei aina ole helppo teht\u00e4v\u00e4. Tuotteita on tarjolla satoja, jolloin on yh\u00e4 vaikeampaa selvitt\u00e4\u00e4, mitk\u00e4 ruuat todellisuudessa tukevat lemmikkien terveytt\u00e4. Sitoutumalla yll\u00e4 mainittuihin asioihin uskomme valmistavamme maailman terveellisint\u00e4 lemmikin ruokaa. Valikoimastamme l\u00f6ytyy erilaisia makuja ja reseptej\u00e4 jokaisen lemmikin tarpeen mukaan.<\/span><\/p>\t\t\t\t\t\t\t\t<\/div>\n\t\t\t\t<\/div>\n\t\t\t\t\t<\/div>\n\t\t<\/div>\n\t\t\t\t\t<\/div>\n\t\t<\/section>\n\t\t\t\t<\/div>\n\t\t","protected":false},"excerpt":{"rendered":"<p>Golden Eagle ravintellinen filosofia ja nutrigenomia Golden Eagle Holistic Health\u00ae -reseptit perustuvat viimeisimp\u00e4\u00e4n tieteelliseen tutkimukseen valmistaa ruokia, jotka ovat ravinteellisesti mahdollisimman t\u00e4ydellisi\u00e4, ja pyrkiv\u00e4t suojaamaan lemmikki\u00e4 kaikilta mahdollisilta negatiivisilta vaikutuksilta \u2013 ovat ne sitten ymp\u00e4rist\u00f6tekij\u00f6it\u00e4 tai geneettisi\u00e4. T\u00e4m\u00e4 on ravinnon tulevaisuutta, perustuen nutrigenomiaan. Nutrigenomia tarkoittaa genetiikan tukemista ravinteellisesti, eli ottaen [&hellip;]<\/p>\n","protected":false},"author":2,"featured_media":0,"parent":0,"menu_order":0,"comment_status":"closed","ping_status":"closed","template":"page-templates\/template-pagebuilder-full-width.php","meta":{"footnotes":""},"class_list":["post-320","page","type-page","status-publish","hentry"],"yoast_head":"<!-- This site is optimized with the Yoast SEO plugin v27.2 - https:\/\/yoast.com\/product\/yoast-seo-wordpress\/ -->\n<title>Nutrigenomia ja filosofia - Golden Eagle Petfoods<\/title>\n<meta name=\"description\" content=\"Golden Eagle Holistic Health\u00ae -reseptit perustuvat viimeisimp\u00e4\u00e4n tieteelliseen tutkimukseen valmistaa ruokia. Lue t\u00e4\u00e4lt\u00e4 lis\u00e4\u00e4!\" \/>\n<meta name=\"robots\" content=\"index, follow, max-snippet:-1, max-image-preview:large, max-video-preview:-1\" \/>\n<link rel=\"canonical\" href=\"https:\/\/www.goldeneaglepetfoods.fi\/index.php\/nutrigenomia-ja-filosofia\/\" \/>\n<meta property=\"og:locale\" content=\"en_US\" \/>\n<meta property=\"og:type\" content=\"article\" \/>\n<meta property=\"og:title\" content=\"Nutrigenomia ja filosofia - Golden Eagle Petfoods\" \/>\n<meta property=\"og:description\" content=\"Golden Eagle Holistic Health\u00ae -reseptit perustuvat viimeisimp\u00e4\u00e4n tieteelliseen tutkimukseen valmistaa ruokia. Lue t\u00e4\u00e4lt\u00e4 lis\u00e4\u00e4!\" \/>\n<meta property=\"og:url\" content=\"https:\/\/www.goldeneaglepetfoods.fi\/index.php\/nutrigenomia-ja-filosofia\/\" \/>\n<meta property=\"og:site_name\" content=\"Golden Eagle Petfoods\" \/>\n<meta property=\"article:modified_time\" content=\"2025-05-27T09:26:45+00:00\" \/>\n<meta name=\"twitter:card\" content=\"summary_large_image\" \/>\n<meta name=\"twitter:label1\" content=\"Est. reading time\" \/>\n\t<meta name=\"twitter:data1\" content=\"4 minutes\" \/>\n<script type=\"application\/ld+json\" class=\"yoast-schema-graph\">{\"@context\":\"https:\/\/schema.org\",\"@graph\":[{\"@type\":\"WebPage\",\"@id\":\"https:\/\/www.goldeneaglepetfoods.fi\/index.php\/nutrigenomia-ja-filosofia\/\",\"url\":\"https:\/\/www.goldeneaglepetfoods.fi\/index.php\/nutrigenomia-ja-filosofia\/\",\"name\":\"Nutrigenomia ja filosofia - Golden Eagle Petfoods\",\"isPartOf\":{\"@id\":\"https:\/\/www.goldeneaglepetfoods.fi\/#website\"},\"datePublished\":\"2021-10-15T15:26:51+00:00\",\"dateModified\":\"2025-05-27T09:26:45+00:00\",\"description\":\"Golden Eagle Holistic Health\u00ae -reseptit perustuvat viimeisimp\u00e4\u00e4n tieteelliseen tutkimukseen valmistaa ruokia. Lue t\u00e4\u00e4lt\u00e4 lis\u00e4\u00e4!\",\"breadcrumb\":{\"@id\":\"https:\/\/www.goldeneaglepetfoods.fi\/index.php\/nutrigenomia-ja-filosofia\/#breadcrumb\"},\"inLanguage\":\"en\",\"potentialAction\":[{\"@type\":\"ReadAction\",\"target\":[\"https:\/\/www.goldeneaglepetfoods.fi\/index.php\/nutrigenomia-ja-filosofia\/\"]}]},{\"@type\":\"BreadcrumbList\",\"@id\":\"https:\/\/www.goldeneaglepetfoods.fi\/index.php\/nutrigenomia-ja-filosofia\/#breadcrumb\",\"itemListElement\":[{\"@type\":\"ListItem\",\"position\":1,\"name\":\"Home\",\"item\":\"https:\/\/www.goldeneaglepetfoods.fi\/\"},{\"@type\":\"ListItem\",\"position\":2,\"name\":\"Nutrigenomia ja filosofia\"}]},{\"@type\":\"WebSite\",\"@id\":\"https:\/\/www.goldeneaglepetfoods.fi\/#website\",\"url\":\"https:\/\/www.goldeneaglepetfoods.fi\/\",\"name\":\"Golden Eagle Petfoods\",\"description\":\"Rakastavin p&auml;&auml;t&ouml;s, jonka voit tehd&auml; lemmikkisi puolesta.\",\"publisher\":{\"@id\":\"https:\/\/www.goldeneaglepetfoods.fi\/#organization\"},\"potentialAction\":[{\"@type\":\"SearchAction\",\"target\":{\"@type\":\"EntryPoint\",\"urlTemplate\":\"https:\/\/www.goldeneaglepetfoods.fi\/?s={search_term_string}\"},\"query-input\":{\"@type\":\"PropertyValueSpecification\",\"valueRequired\":true,\"valueName\":\"search_term_string\"}}],\"inLanguage\":\"en\"},{\"@type\":\"Organization\",\"@id\":\"https:\/\/www.goldeneaglepetfoods.fi\/#organization\",\"name\":\"Golden Eagle Petfoods\",\"url\":\"https:\/\/www.goldeneaglepetfoods.fi\/\",\"logo\":{\"@type\":\"ImageObject\",\"inLanguage\":\"en\",\"@id\":\"https:\/\/www.goldeneaglepetfoods.fi\/#\/schema\/logo\/image\/\",\"url\":\"https:\/\/www.goldeneaglepetfoods.fi\/wp-content\/uploads\/2021\/10\/Nimeton-suunn.malli_-e1633439769385.png\",\"contentUrl\":\"https:\/\/www.goldeneaglepetfoods.fi\/wp-content\/uploads\/2021\/10\/Nimeton-suunn.malli_-e1633439769385.png\",\"width\":500,\"height\":180,\"caption\":\"Golden Eagle Petfoods\"},\"image\":{\"@id\":\"https:\/\/www.goldeneaglepetfoods.fi\/#\/schema\/logo\/image\/\"}}]}<\/script>\n<!-- \/ Yoast SEO plugin. -->","yoast_head_json":{"title":"Nutrigenomia ja filosofia - Golden Eagle Petfoods","description":"Golden Eagle Holistic Health\u00ae -reseptit perustuvat viimeisimp\u00e4\u00e4n tieteelliseen tutkimukseen valmistaa ruokia. Lue t\u00e4\u00e4lt\u00e4 lis\u00e4\u00e4!","robots":{"index":"index","follow":"follow","max-snippet":"max-snippet:-1","max-image-preview":"max-image-preview:large","max-video-preview":"max-video-preview:-1"},"canonical":"https:\/\/www.goldeneaglepetfoods.fi\/index.php\/nutrigenomia-ja-filosofia\/","og_locale":"en_US","og_type":"article","og_title":"Nutrigenomia ja filosofia - Golden Eagle Petfoods","og_description":"Golden Eagle Holistic Health\u00ae -reseptit perustuvat viimeisimp\u00e4\u00e4n tieteelliseen tutkimukseen valmistaa ruokia. Lue t\u00e4\u00e4lt\u00e4 lis\u00e4\u00e4!","og_url":"https:\/\/www.goldeneaglepetfoods.fi\/index.php\/nutrigenomia-ja-filosofia\/","og_site_name":"Golden Eagle Petfoods","article_modified_time":"2025-05-27T09:26:45+00:00","twitter_card":"summary_large_image","twitter_misc":{"Est. reading time":"4 minutes"},"schema":{"@context":"https:\/\/schema.org","@graph":[{"@type":"WebPage","@id":"https:\/\/www.goldeneaglepetfoods.fi\/index.php\/nutrigenomia-ja-filosofia\/","url":"https:\/\/www.goldeneaglepetfoods.fi\/index.php\/nutrigenomia-ja-filosofia\/","name":"Nutrigenomia ja filosofia - Golden Eagle Petfoods","isPartOf":{"@id":"https:\/\/www.goldeneaglepetfoods.fi\/#website"},"datePublished":"2021-10-15T15:26:51+00:00","dateModified":"2025-05-27T09:26:45+00:00","description":"Golden Eagle Holistic Health\u00ae -reseptit perustuvat viimeisimp\u00e4\u00e4n tieteelliseen tutkimukseen valmistaa ruokia. Lue t\u00e4\u00e4lt\u00e4 lis\u00e4\u00e4!","breadcrumb":{"@id":"https:\/\/www.goldeneaglepetfoods.fi\/index.php\/nutrigenomia-ja-filosofia\/#breadcrumb"},"inLanguage":"en","potentialAction":[{"@type":"ReadAction","target":["https:\/\/www.goldeneaglepetfoods.fi\/index.php\/nutrigenomia-ja-filosofia\/"]}]},{"@type":"BreadcrumbList","@id":"https:\/\/www.goldeneaglepetfoods.fi\/index.php\/nutrigenomia-ja-filosofia\/#breadcrumb","itemListElement":[{"@type":"ListItem","position":1,"name":"Home","item":"https:\/\/www.goldeneaglepetfoods.fi\/"},{"@type":"ListItem","position":2,"name":"Nutrigenomia ja filosofia"}]},{"@type":"WebSite","@id":"https:\/\/www.goldeneaglepetfoods.fi\/#website","url":"https:\/\/www.goldeneaglepetfoods.fi\/","name":"Golden Eagle Petfoods","description":"Rakastavin p&auml;&auml;t&ouml;s, jonka voit tehd&auml; lemmikkisi puolesta.","publisher":{"@id":"https:\/\/www.goldeneaglepetfoods.fi\/#organization"},"potentialAction":[{"@type":"SearchAction","target":{"@type":"EntryPoint","urlTemplate":"https:\/\/www.goldeneaglepetfoods.fi\/?s={search_term_string}"},"query-input":{"@type":"PropertyValueSpecification","valueRequired":true,"valueName":"search_term_string"}}],"inLanguage":"en"},{"@type":"Organization","@id":"https:\/\/www.goldeneaglepetfoods.fi\/#organization","name":"Golden Eagle Petfoods","url":"https:\/\/www.goldeneaglepetfoods.fi\/","logo":{"@type":"ImageObject","inLanguage":"en","@id":"https:\/\/www.goldeneaglepetfoods.fi\/#\/schema\/logo\/image\/","url":"https:\/\/www.goldeneaglepetfoods.fi\/wp-content\/uploads\/2021\/10\/Nimeton-suunn.malli_-e1633439769385.png","contentUrl":"https:\/\/www.goldeneaglepetfoods.fi\/wp-content\/uploads\/2021\/10\/Nimeton-suunn.malli_-e1633439769385.png","width":500,"height":180,"caption":"Golden Eagle Petfoods"},"image":{"@id":"https:\/\/www.goldeneaglepetfoods.fi\/#\/schema\/logo\/image\/"}}]}},"_links":{"self":[{"href":"https:\/\/www.goldeneaglepetfoods.fi\/index.php\/wp-json\/wp\/v2\/pages\/320","targetHints":{"allow":["GET"]}}],"collection":[{"href":"https:\/\/www.goldeneaglepetfoods.fi\/index.php\/wp-json\/wp\/v2\/pages"}],"about":[{"href":"https:\/\/www.goldeneaglepetfoods.fi\/index.php\/wp-json\/wp\/v2\/types\/page"}],"author":[{"embeddable":true,"href":"https:\/\/www.goldeneaglepetfoods.fi\/index.php\/wp-json\/wp\/v2\/users\/2"}],"replies":[{"embeddable":true,"href":"https:\/\/www.goldeneaglepetfoods.fi\/index.php\/wp-json\/wp\/v2\/comments?post=320"}],"version-history":[{"count":31,"href":"https:\/\/www.goldeneaglepetfoods.fi\/index.php\/wp-json\/wp\/v2\/pages\/320\/revisions"}],"predecessor-version":[{"id":2976,"href":"https:\/\/www.goldeneaglepetfoods.fi\/index.php\/wp-json\/wp\/v2\/pages\/320\/revisions\/2976"}],"wp:attachment":[{"href":"https:\/\/www.goldeneaglepetfoods.fi\/index.php\/wp-json\/wp\/v2\/media?parent=320"}],"curies":[{"name":"wp","href":"https:\/\/api.w.org\/{rel}","templated":true}]}}