{"id":1261,"date":"2021-12-09T11:27:28","date_gmt":"2021-12-09T11:27:28","guid":{"rendered":"https:\/\/www.goldeneaglepetfoods.fi\/?page_id=1261"},"modified":"2025-11-13T09:50:22","modified_gmt":"2025-11-13T09:50:22","slug":"grainfree-kalkkuna-riisi","status":"publish","type":"page","link":"https:\/\/www.goldeneaglepetfoods.fi\/index.php\/koirille\/grainfree-kalkkuna-riisi\/","title":{"rendered":"Grainfree Kalkkuna &#038; Riisi"},"content":{"rendered":"\t\t<div data-elementor-type=\"wp-page\" data-elementor-id=\"1261\" class=\"elementor elementor-1261\" data-elementor-post-type=\"page\">\n\t\t\t\t\t\t<section class=\"elementor-section elementor-top-section elementor-element elementor-element-aea3287 elementor-section-full_width elementor-section-height-min-height elementor-section-height-default elementor-section-items-middle\" data-id=\"aea3287\" data-element_type=\"section\" data-e-type=\"section\">\n\t\t\t\t\t\t<div class=\"elementor-container elementor-column-gap-default\">\n\t\t\t\t\t<div class=\"elementor-column elementor-col-100 elementor-top-column elementor-element elementor-element-359212d\" data-id=\"359212d\" data-element_type=\"column\" data-e-type=\"column\">\n\t\t\t<div class=\"elementor-widget-wrap elementor-element-populated\">\n\t\t\t\t\t\t<div class=\"elementor-element elementor-element-08e41a0 elementor-widget elementor-widget-heading\" data-id=\"08e41a0\" data-element_type=\"widget\" data-e-type=\"widget\" data-widget_type=\"heading.default\">\n\t\t\t\t<div class=\"elementor-widget-container\">\n\t\t\t\t\t<h1 class=\"elementor-heading-title elementor-size-default\">Naturally Hypoallergenic Kalkkuna &amp; Riisi<\/h1>\t\t\t\t<\/div>\n\t\t\t\t<\/div>\n\t\t\t\t\t<\/div>\n\t\t<\/div>\n\t\t\t\t\t<\/div>\n\t\t<\/section>\n\t\t\t\t<section class=\"elementor-section elementor-top-section elementor-element elementor-element-7fba9a6 elementor-section-boxed elementor-section-height-default elementor-section-height-default\" data-id=\"7fba9a6\" data-element_type=\"section\" data-e-type=\"section\" data-settings=\"{&quot;background_background&quot;:&quot;classic&quot;}\">\n\t\t\t\t\t\t<div class=\"elementor-container elementor-column-gap-default\">\n\t\t\t\t\t<div class=\"elementor-column elementor-col-50 elementor-top-column elementor-element elementor-element-b5a2cf9\" data-id=\"b5a2cf9\" data-element_type=\"column\" data-e-type=\"column\">\n\t\t\t<div class=\"elementor-widget-wrap elementor-element-populated\">\n\t\t\t\t\t\t<div class=\"elementor-element elementor-element-4688f5e elementor-widget elementor-widget-text-editor\" data-id=\"4688f5e\" data-element_type=\"widget\" data-e-type=\"widget\" data-widget_type=\"text-editor.default\">\n\t\t\t\t<div class=\"elementor-widget-container\">\n\t\t\t\t\t\t\t\t\t<p><strong>Hypoallergeeninen koiranruoka aikuisille koirille.<\/strong><span>\u00a0<\/span>Lihaisa koostumus sis\u00e4lt\u00e4\u00e4 runsaasti herkullista kalkkunaa. Kalkkuna on erinomaisten proteiinin l\u00e4hteen lis\u00e4ksi erinomaisen hyvin siedetty ja sopii usein my\u00f6s herkille koirille. Korkealaatuinen, ihmisravinnoksi kelpaava kalkkuna on hyvin sulavaa ja erinomaisen maukasta. Hypoallergeeninen koiran kuivaruoka sopii usein my\u00f6s erityisen herkk\u00e4vatsaisille ja allergiaoireisille koirille.<\/p><p><strong>Proteiini 23 % &#8211; Rasva 8 %<\/strong><\/p><p><strong>Luonnollisista ja puhtaista raaka-aineista valmistettu ruoka<span>\u00a0<\/span><\/strong>ei sis\u00e4ll\u00e4 mit\u00e4\u00e4n turhia lis\u00e4-, maku- tai s\u00e4il\u00f6nt\u00e4aineita. Korkealaatuiset, ihmisravinnoksi kelpaavat raaka-aineet takaavat ruoan erinomaisen laadun.<\/p><ul><li>Hypoallergeeninen koiran t\u00e4ysravinto aikuisille koirille<\/li><li>My\u00f6s herkk\u00e4vatsaisille ja allergiaoireisille koirille<\/li><li>Runsaasti laadukasta kalkkunanlihaa<\/li><li>Sis\u00e4lt\u00e4\u00e4 suoliston toimintaa tukevia prebiootteja<\/li><\/ul>\t\t\t\t\t\t\t\t<\/div>\n\t\t\t\t<\/div>\n\t\t\t\t<div class=\"elementor-element elementor-element-61d4f96 elementor-widget elementor-widget-accordion\" data-id=\"61d4f96\" data-element_type=\"widget\" data-e-type=\"widget\" data-widget_type=\"accordion.default\">\n\t\t\t\t<div class=\"elementor-widget-container\">\n\t\t\t\t\t\t\t<div class=\"elementor-accordion\">\n\t\t\t\t\t\t\t<div class=\"elementor-accordion-item\">\n\t\t\t\t\t<div id=\"elementor-tab-title-1021\" class=\"elementor-tab-title\" data-tab=\"1\" role=\"button\" aria-controls=\"elementor-tab-content-1021\" aria-expanded=\"false\">\n\t\t\t\t\t\t\t\t\t\t\t\t\t<span class=\"elementor-accordion-icon elementor-accordion-icon-left\" aria-hidden=\"true\">\n\t\t\t\t\t\t\t\t\t\t\t\t\t\t\t<span class=\"elementor-accordion-icon-closed\"><i class=\"fas fa-chevron-down\"><\/i><\/span>\n\t\t\t\t\t\t\t\t<span class=\"elementor-accordion-icon-opened\"><i class=\"fas fa-paw\"><\/i><\/span>\n\t\t\t\t\t\t\t\t\t\t\t\t\t\t<\/span>\n\t\t\t\t\t\t\t\t\t\t\t\t<a class=\"elementor-accordion-title\" tabindex=\"0\">Koostumus<\/a>\n\t\t\t\t\t<\/div>\n\t\t\t\t\t<div id=\"elementor-tab-content-1021\" class=\"elementor-tab-content elementor-clearfix\" data-tab=\"1\" role=\"region\" aria-labelledby=\"elementor-tab-title-1021\"><p>Kalkkunanliha 30% (Kuivattu Kalkkunanliha 22%, Tuore Kalkkunanliha 4%, Kalkkunanrasva 2%, Kalkkunaliemi 2%), Valkoinen Riisi (22%), Ruskea Riisi (22%), Kaura (19%), Kalkkuna Kastike, Kalkkunan Rasva, Pellava\u00f6ljy, Juurikaskuitu, Alfalfa, Mineraalit, Merilev\u00e4, <span>Omega-3 (l\u00e4hteen\u00e4 kirjolohi\/taimen)<\/span>, FOS (970mg\/kg), Juurisikuri, Yucca, Voikukka.<\/p><\/div>\n\t\t\t\t<\/div>\n\t\t\t\t\t\t\t<div class=\"elementor-accordion-item\">\n\t\t\t\t\t<div id=\"elementor-tab-title-1022\" class=\"elementor-tab-title\" data-tab=\"2\" role=\"button\" aria-controls=\"elementor-tab-content-1022\" aria-expanded=\"false\">\n\t\t\t\t\t\t\t\t\t\t\t\t\t<span class=\"elementor-accordion-icon elementor-accordion-icon-left\" aria-hidden=\"true\">\n\t\t\t\t\t\t\t\t\t\t\t\t\t\t\t<span class=\"elementor-accordion-icon-closed\"><i class=\"fas fa-chevron-down\"><\/i><\/span>\n\t\t\t\t\t\t\t\t<span class=\"elementor-accordion-icon-opened\"><i class=\"fas fa-paw\"><\/i><\/span>\n\t\t\t\t\t\t\t\t\t\t\t\t\t\t<\/span>\n\t\t\t\t\t\t\t\t\t\t\t\t<a class=\"elementor-accordion-title\" tabindex=\"0\">Ravintotiedot<\/a>\n\t\t\t\t\t<\/div>\n\t\t\t\t\t<div id=\"elementor-tab-content-1022\" class=\"elementor-tab-content elementor-clearfix\" data-tab=\"2\" role=\"region\" aria-labelledby=\"elementor-tab-title-1022\"><div class=\"dropdown-content\"><p><span>Valkuainen 23 %<\/span><\/p><div class=\"dropdown-content\"><p><span>Rasva 8 %<\/span><\/p><p><span>Kuitu 3,5 %<\/span><\/p><p><span>Tuhka 6,0 %<\/span><\/p><p><span>Kosteus 8,0 %<\/span><\/p><p><span>Kalkki 1,3 %<\/span><\/p><p><span>Fosfori 0,9 %<\/span><\/p><\/div><\/div><\/div>\n\t\t\t\t<\/div>\n\t\t\t\t\t\t\t<div class=\"elementor-accordion-item\">\n\t\t\t\t\t<div id=\"elementor-tab-title-1023\" class=\"elementor-tab-title\" data-tab=\"3\" role=\"button\" aria-controls=\"elementor-tab-content-1023\" aria-expanded=\"false\">\n\t\t\t\t\t\t\t\t\t\t\t\t\t<span class=\"elementor-accordion-icon elementor-accordion-icon-left\" aria-hidden=\"true\">\n\t\t\t\t\t\t\t\t\t\t\t\t\t\t\t<span class=\"elementor-accordion-icon-closed\"><i class=\"fas fa-chevron-down\"><\/i><\/span>\n\t\t\t\t\t\t\t\t<span class=\"elementor-accordion-icon-opened\"><i class=\"fas fa-paw\"><\/i><\/span>\n\t\t\t\t\t\t\t\t\t\t\t\t\t\t<\/span>\n\t\t\t\t\t\t\t\t\t\t\t\t<a class=\"elementor-accordion-title\" tabindex=\"0\">Ravitsemukselliset lis\u00e4aineet<\/a>\n\t\t\t\t\t<\/div>\n\t\t\t\t\t<div id=\"elementor-tab-content-1023\" class=\"elementor-tab-content elementor-clearfix\" data-tab=\"3\" role=\"region\" aria-labelledby=\"elementor-tab-title-1023\"><div><span>A-vitamiini 14.423 IU\/kg<\/span><\/div><div><span>D3-vitamiini 2.000 IU\/kg<\/span><span><br \/><\/span><\/div><div>E-vitamiini 149 mg\/kg<br \/><span>Rauta 48 mg\/kg<\/span><br \/>Sinkki 48 mg\/kg<br \/>Seleeni 0,19 %\u00a0<span><br \/><\/span><\/div><div><span>Kupari 12 mg\/kg<\/span><\/div><div>Jodi 0,96mg\/kg<br \/>Mangaani 34 mg\/kg<span><br \/><\/span>Omega-6 1,9 %<br \/>Omega-3 0,8%<span><br \/><\/span><\/div><\/div>\n\t\t\t\t<\/div>\n\t\t\t\t\t\t\t\t<\/div>\n\t\t\t\t\t\t<\/div>\n\t\t\t\t<\/div>\n\t\t\t\t\t<\/div>\n\t\t<\/div>\n\t\t\t\t<div class=\"elementor-column elementor-col-50 elementor-top-column elementor-element elementor-element-50be3f5\" data-id=\"50be3f5\" data-element_type=\"column\" data-e-type=\"column\" data-settings=\"{&quot;background_background&quot;:&quot;classic&quot;}\">\n\t\t\t<div class=\"elementor-widget-wrap elementor-element-populated\">\n\t\t\t\t\t\t<div class=\"elementor-element elementor-element-bbcd91d elementor-widget elementor-widget-image\" data-id=\"bbcd91d\" data-element_type=\"widget\" data-e-type=\"widget\" data-widget_type=\"image.default\">\n\t\t\t\t<div class=\"elementor-widget-container\">\n\t\t\t\t\t\t\t\t\t\t\t\t\t\t\t<img fetchpriority=\"high\" decoding=\"async\" width=\"750\" height=\"1058\" src=\"https:\/\/www.goldeneaglepetfoods.fi\/wp-content\/uploads\/2025\/07\/TRN12-768x1083.jpg\" class=\"attachment-medium_large size-medium_large wp-image-3082\" alt=\"\" srcset=\"https:\/\/www.goldeneaglepetfoods.fi\/wp-content\/uploads\/2025\/07\/TRN12-768x1083.jpg 768w, https:\/\/www.goldeneaglepetfoods.fi\/wp-content\/uploads\/2025\/07\/TRN12-213x300.jpg 213w, https:\/\/www.goldeneaglepetfoods.fi\/wp-content\/uploads\/2025\/07\/TRN12-726x1024.jpg 726w, https:\/\/www.goldeneaglepetfoods.fi\/wp-content\/uploads\/2025\/07\/TRN12-1090x1536.jpg 1090w, https:\/\/www.goldeneaglepetfoods.fi\/wp-content\/uploads\/2025\/07\/TRN12.jpg 1240w\" sizes=\"(max-width: 750px) 100vw, 750px\" \/>\t\t\t\t\t\t\t\t\t\t\t\t\t\t\t<\/div>\n\t\t\t\t<\/div>\n\t\t\t\t<div class=\"elementor-element elementor-element-1524b67 elementor-align-center elementor-widget elementor-widget-button\" data-id=\"1524b67\" data-element_type=\"widget\" data-e-type=\"widget\" data-widget_type=\"button.default\">\n\t\t\t\t<div class=\"elementor-widget-container\">\n\t\t\t\t\t\t\t\t\t<div class=\"elementor-button-wrapper\">\n\t\t\t\t\t<a class=\"elementor-button elementor-button-link elementor-size-sm\" href=\"https:\/\/www.goldeneaglepetfoods.fi\/index.php\/koirille\/\">\n\t\t\t\t\t\t<span class=\"elementor-button-content-wrapper\">\n\t\t\t\t\t\t\t\t\t<span class=\"elementor-button-text\">Takaisin kaikkiin ruokiin<\/span>\n\t\t\t\t\t<\/span>\n\t\t\t\t\t<\/a>\n\t\t\t\t<\/div>\n\t\t\t\t\t\t\t\t<\/div>\n\t\t\t\t<\/div>\n\t\t\t\t\t<\/div>\n\t\t<\/div>\n\t\t\t\t\t<\/div>\n\t\t<\/section>\n\t\t\t\t<\/div>\n\t\t","protected":false},"excerpt":{"rendered":"<p>Naturally Hypoallergenic Kalkkuna &amp; Riisi Hypoallergeeninen koiranruoka aikuisille koirille.\u00a0Lihaisa koostumus sis\u00e4lt\u00e4\u00e4 runsaasti herkullista kalkkunaa. Kalkkuna on erinomaisten proteiinin l\u00e4hteen lis\u00e4ksi erinomaisen hyvin siedetty ja sopii usein my\u00f6s herkille koirille. Korkealaatuinen, ihmisravinnoksi kelpaava kalkkuna on hyvin sulavaa ja erinomaisen maukasta. Hypoallergeeninen koiran kuivaruoka sopii usein my\u00f6s erityisen herkk\u00e4vatsaisille ja allergiaoireisille koirille. [&hellip;]<\/p>\n","protected":false},"author":2,"featured_media":423,"parent":77,"menu_order":0,"comment_status":"closed","ping_status":"closed","template":"page-templates\/template-pagebuilder-full-width.php","meta":{"footnotes":""},"class_list":["post-1261","page","type-page","status-publish","has-post-thumbnail","hentry"],"yoast_head":"<!-- This site is optimized with the Yoast SEO plugin v27.2 - https:\/\/yoast.com\/product\/yoast-seo-wordpress\/ -->\n<title>Golden Eagle Petfoods - Grainfree Kalkkuna &amp; Riisi<\/title>\n<meta name=\"description\" content=\"Hypoallergeeninen koiranruoka aikuisille koirille. Lihaisa koostumus sis\u00e4lt\u00e4\u00e4 runsaasti herkullista kalkkunaa.\" \/>\n<meta name=\"robots\" content=\"index, follow, max-snippet:-1, max-image-preview:large, max-video-preview:-1\" \/>\n<link rel=\"canonical\" href=\"https:\/\/www.goldeneaglepetfoods.fi\/index.php\/koirille\/grainfree-kalkkuna-riisi\/\" \/>\n<meta property=\"og:locale\" content=\"en_US\" \/>\n<meta property=\"og:type\" content=\"article\" \/>\n<meta property=\"og:title\" content=\"Golden Eagle Petfoods - Grainfree Kalkkuna &amp; Riisi\" \/>\n<meta property=\"og:description\" content=\"Hypoallergeeninen koiranruoka aikuisille koirille. Lihaisa koostumus sis\u00e4lt\u00e4\u00e4 runsaasti herkullista kalkkunaa.\" \/>\n<meta property=\"og:url\" content=\"https:\/\/www.goldeneaglepetfoods.fi\/index.php\/koirille\/grainfree-kalkkuna-riisi\/\" \/>\n<meta property=\"og:site_name\" content=\"Golden Eagle Petfoods\" \/>\n<meta property=\"article:modified_time\" content=\"2025-11-13T09:50:22+00:00\" \/>\n<meta property=\"og:image\" content=\"https:\/\/www.goldeneaglepetfoods.fi\/wp-content\/uploads\/2021\/10\/Naturally-Turkey-Rice.png\" \/>\n\t<meta property=\"og:image:width\" content=\"1080\" \/>\n\t<meta property=\"og:image:height\" content=\"1080\" \/>\n\t<meta property=\"og:image:type\" content=\"image\/png\" \/>\n<meta name=\"twitter:card\" content=\"summary_large_image\" \/>\n<meta name=\"twitter:label1\" content=\"Est. reading time\" \/>\n\t<meta name=\"twitter:data1\" content=\"2 minutes\" \/>\n<script type=\"application\/ld+json\" class=\"yoast-schema-graph\">{\"@context\":\"https:\/\/schema.org\",\"@graph\":[{\"@type\":\"WebPage\",\"@id\":\"https:\/\/www.goldeneaglepetfoods.fi\/index.php\/koirille\/grainfree-kalkkuna-riisi\/\",\"url\":\"https:\/\/www.goldeneaglepetfoods.fi\/index.php\/koirille\/grainfree-kalkkuna-riisi\/\",\"name\":\"Golden Eagle Petfoods - Grainfree Kalkkuna & Riisi\",\"isPartOf\":{\"@id\":\"https:\/\/www.goldeneaglepetfoods.fi\/#website\"},\"primaryImageOfPage\":{\"@id\":\"https:\/\/www.goldeneaglepetfoods.fi\/index.php\/koirille\/grainfree-kalkkuna-riisi\/#primaryimage\"},\"image\":{\"@id\":\"https:\/\/www.goldeneaglepetfoods.fi\/index.php\/koirille\/grainfree-kalkkuna-riisi\/#primaryimage\"},\"thumbnailUrl\":\"https:\/\/www.goldeneaglepetfoods.fi\/wp-content\/uploads\/2021\/10\/Naturally-Turkey-Rice.png\",\"datePublished\":\"2021-12-09T11:27:28+00:00\",\"dateModified\":\"2025-11-13T09:50:22+00:00\",\"description\":\"Hypoallergeeninen koiranruoka aikuisille koirille. Lihaisa koostumus sis\u00e4lt\u00e4\u00e4 runsaasti herkullista kalkkunaa.\",\"breadcrumb\":{\"@id\":\"https:\/\/www.goldeneaglepetfoods.fi\/index.php\/koirille\/grainfree-kalkkuna-riisi\/#breadcrumb\"},\"inLanguage\":\"en\",\"potentialAction\":[{\"@type\":\"ReadAction\",\"target\":[\"https:\/\/www.goldeneaglepetfoods.fi\/index.php\/koirille\/grainfree-kalkkuna-riisi\/\"]}]},{\"@type\":\"ImageObject\",\"inLanguage\":\"en\",\"@id\":\"https:\/\/www.goldeneaglepetfoods.fi\/index.php\/koirille\/grainfree-kalkkuna-riisi\/#primaryimage\",\"url\":\"https:\/\/www.goldeneaglepetfoods.fi\/wp-content\/uploads\/2021\/10\/Naturally-Turkey-Rice.png\",\"contentUrl\":\"https:\/\/www.goldeneaglepetfoods.fi\/wp-content\/uploads\/2021\/10\/Naturally-Turkey-Rice.png\",\"width\":1080,\"height\":1080,\"caption\":\"Naturally Turkey & Rice\"},{\"@type\":\"BreadcrumbList\",\"@id\":\"https:\/\/www.goldeneaglepetfoods.fi\/index.php\/koirille\/grainfree-kalkkuna-riisi\/#breadcrumb\",\"itemListElement\":[{\"@type\":\"ListItem\",\"position\":1,\"name\":\"Home\",\"item\":\"https:\/\/www.goldeneaglepetfoods.fi\/\"},{\"@type\":\"ListItem\",\"position\":2,\"name\":\"Koirille\",\"item\":\"https:\/\/www.goldeneaglepetfoods.fi\/index.php\/koirille\/\"},{\"@type\":\"ListItem\",\"position\":3,\"name\":\"Grainfree Kalkkuna &#038; Riisi\"}]},{\"@type\":\"WebSite\",\"@id\":\"https:\/\/www.goldeneaglepetfoods.fi\/#website\",\"url\":\"https:\/\/www.goldeneaglepetfoods.fi\/\",\"name\":\"Golden Eagle Petfoods\",\"description\":\"Rakastavin p&auml;&auml;t&ouml;s, jonka voit tehd&auml; lemmikkisi puolesta.\",\"publisher\":{\"@id\":\"https:\/\/www.goldeneaglepetfoods.fi\/#organization\"},\"potentialAction\":[{\"@type\":\"SearchAction\",\"target\":{\"@type\":\"EntryPoint\",\"urlTemplate\":\"https:\/\/www.goldeneaglepetfoods.fi\/?s={search_term_string}\"},\"query-input\":{\"@type\":\"PropertyValueSpecification\",\"valueRequired\":true,\"valueName\":\"search_term_string\"}}],\"inLanguage\":\"en\"},{\"@type\":\"Organization\",\"@id\":\"https:\/\/www.goldeneaglepetfoods.fi\/#organization\",\"name\":\"Golden Eagle Petfoods\",\"url\":\"https:\/\/www.goldeneaglepetfoods.fi\/\",\"logo\":{\"@type\":\"ImageObject\",\"inLanguage\":\"en\",\"@id\":\"https:\/\/www.goldeneaglepetfoods.fi\/#\/schema\/logo\/image\/\",\"url\":\"https:\/\/www.goldeneaglepetfoods.fi\/wp-content\/uploads\/2021\/10\/Nimeton-suunn.malli_-e1633439769385.png\",\"contentUrl\":\"https:\/\/www.goldeneaglepetfoods.fi\/wp-content\/uploads\/2021\/10\/Nimeton-suunn.malli_-e1633439769385.png\",\"width\":500,\"height\":180,\"caption\":\"Golden Eagle Petfoods\"},\"image\":{\"@id\":\"https:\/\/www.goldeneaglepetfoods.fi\/#\/schema\/logo\/image\/\"}}]}<\/script>\n<!-- \/ Yoast SEO plugin. -->","yoast_head_json":{"title":"Golden Eagle Petfoods - Grainfree Kalkkuna & Riisi","description":"Hypoallergeeninen koiranruoka aikuisille koirille. Lihaisa koostumus sis\u00e4lt\u00e4\u00e4 runsaasti herkullista kalkkunaa.","robots":{"index":"index","follow":"follow","max-snippet":"max-snippet:-1","max-image-preview":"max-image-preview:large","max-video-preview":"max-video-preview:-1"},"canonical":"https:\/\/www.goldeneaglepetfoods.fi\/index.php\/koirille\/grainfree-kalkkuna-riisi\/","og_locale":"en_US","og_type":"article","og_title":"Golden Eagle Petfoods - Grainfree Kalkkuna & Riisi","og_description":"Hypoallergeeninen koiranruoka aikuisille koirille. Lihaisa koostumus sis\u00e4lt\u00e4\u00e4 runsaasti herkullista kalkkunaa.","og_url":"https:\/\/www.goldeneaglepetfoods.fi\/index.php\/koirille\/grainfree-kalkkuna-riisi\/","og_site_name":"Golden Eagle Petfoods","article_modified_time":"2025-11-13T09:50:22+00:00","og_image":[{"width":1080,"height":1080,"url":"https:\/\/www.goldeneaglepetfoods.fi\/wp-content\/uploads\/2021\/10\/Naturally-Turkey-Rice.png","type":"image\/png"}],"twitter_card":"summary_large_image","twitter_misc":{"Est. reading time":"2 minutes"},"schema":{"@context":"https:\/\/schema.org","@graph":[{"@type":"WebPage","@id":"https:\/\/www.goldeneaglepetfoods.fi\/index.php\/koirille\/grainfree-kalkkuna-riisi\/","url":"https:\/\/www.goldeneaglepetfoods.fi\/index.php\/koirille\/grainfree-kalkkuna-riisi\/","name":"Golden Eagle Petfoods - Grainfree Kalkkuna & Riisi","isPartOf":{"@id":"https:\/\/www.goldeneaglepetfoods.fi\/#website"},"primaryImageOfPage":{"@id":"https:\/\/www.goldeneaglepetfoods.fi\/index.php\/koirille\/grainfree-kalkkuna-riisi\/#primaryimage"},"image":{"@id":"https:\/\/www.goldeneaglepetfoods.fi\/index.php\/koirille\/grainfree-kalkkuna-riisi\/#primaryimage"},"thumbnailUrl":"https:\/\/www.goldeneaglepetfoods.fi\/wp-content\/uploads\/2021\/10\/Naturally-Turkey-Rice.png","datePublished":"2021-12-09T11:27:28+00:00","dateModified":"2025-11-13T09:50:22+00:00","description":"Hypoallergeeninen koiranruoka aikuisille koirille. Lihaisa koostumus sis\u00e4lt\u00e4\u00e4 runsaasti herkullista kalkkunaa.","breadcrumb":{"@id":"https:\/\/www.goldeneaglepetfoods.fi\/index.php\/koirille\/grainfree-kalkkuna-riisi\/#breadcrumb"},"inLanguage":"en","potentialAction":[{"@type":"ReadAction","target":["https:\/\/www.goldeneaglepetfoods.fi\/index.php\/koirille\/grainfree-kalkkuna-riisi\/"]}]},{"@type":"ImageObject","inLanguage":"en","@id":"https:\/\/www.goldeneaglepetfoods.fi\/index.php\/koirille\/grainfree-kalkkuna-riisi\/#primaryimage","url":"https:\/\/www.goldeneaglepetfoods.fi\/wp-content\/uploads\/2021\/10\/Naturally-Turkey-Rice.png","contentUrl":"https:\/\/www.goldeneaglepetfoods.fi\/wp-content\/uploads\/2021\/10\/Naturally-Turkey-Rice.png","width":1080,"height":1080,"caption":"Naturally Turkey & Rice"},{"@type":"BreadcrumbList","@id":"https:\/\/www.goldeneaglepetfoods.fi\/index.php\/koirille\/grainfree-kalkkuna-riisi\/#breadcrumb","itemListElement":[{"@type":"ListItem","position":1,"name":"Home","item":"https:\/\/www.goldeneaglepetfoods.fi\/"},{"@type":"ListItem","position":2,"name":"Koirille","item":"https:\/\/www.goldeneaglepetfoods.fi\/index.php\/koirille\/"},{"@type":"ListItem","position":3,"name":"Grainfree Kalkkuna &#038; Riisi"}]},{"@type":"WebSite","@id":"https:\/\/www.goldeneaglepetfoods.fi\/#website","url":"https:\/\/www.goldeneaglepetfoods.fi\/","name":"Golden Eagle Petfoods","description":"Rakastavin p&auml;&auml;t&ouml;s, jonka voit tehd&auml; lemmikkisi puolesta.","publisher":{"@id":"https:\/\/www.goldeneaglepetfoods.fi\/#organization"},"potentialAction":[{"@type":"SearchAction","target":{"@type":"EntryPoint","urlTemplate":"https:\/\/www.goldeneaglepetfoods.fi\/?s={search_term_string}"},"query-input":{"@type":"PropertyValueSpecification","valueRequired":true,"valueName":"search_term_string"}}],"inLanguage":"en"},{"@type":"Organization","@id":"https:\/\/www.goldeneaglepetfoods.fi\/#organization","name":"Golden Eagle Petfoods","url":"https:\/\/www.goldeneaglepetfoods.fi\/","logo":{"@type":"ImageObject","inLanguage":"en","@id":"https:\/\/www.goldeneaglepetfoods.fi\/#\/schema\/logo\/image\/","url":"https:\/\/www.goldeneaglepetfoods.fi\/wp-content\/uploads\/2021\/10\/Nimeton-suunn.malli_-e1633439769385.png","contentUrl":"https:\/\/www.goldeneaglepetfoods.fi\/wp-content\/uploads\/2021\/10\/Nimeton-suunn.malli_-e1633439769385.png","width":500,"height":180,"caption":"Golden Eagle Petfoods"},"image":{"@id":"https:\/\/www.goldeneaglepetfoods.fi\/#\/schema\/logo\/image\/"}}]}},"_links":{"self":[{"href":"https:\/\/www.goldeneaglepetfoods.fi\/index.php\/wp-json\/wp\/v2\/pages\/1261","targetHints":{"allow":["GET"]}}],"collection":[{"href":"https:\/\/www.goldeneaglepetfoods.fi\/index.php\/wp-json\/wp\/v2\/pages"}],"about":[{"href":"https:\/\/www.goldeneaglepetfoods.fi\/index.php\/wp-json\/wp\/v2\/types\/page"}],"author":[{"embeddable":true,"href":"https:\/\/www.goldeneaglepetfoods.fi\/index.php\/wp-json\/wp\/v2\/users\/2"}],"replies":[{"embeddable":true,"href":"https:\/\/www.goldeneaglepetfoods.fi\/index.php\/wp-json\/wp\/v2\/comments?post=1261"}],"version-history":[{"count":65,"href":"https:\/\/www.goldeneaglepetfoods.fi\/index.php\/wp-json\/wp\/v2\/pages\/1261\/revisions"}],"predecessor-version":[{"id":3363,"href":"https:\/\/www.goldeneaglepetfoods.fi\/index.php\/wp-json\/wp\/v2\/pages\/1261\/revisions\/3363"}],"up":[{"embeddable":true,"href":"https:\/\/www.goldeneaglepetfoods.fi\/index.php\/wp-json\/wp\/v2\/pages\/77"}],"wp:featuredmedia":[{"embeddable":true,"href":"https:\/\/www.goldeneaglepetfoods.fi\/index.php\/wp-json\/wp\/v2\/media\/423"}],"wp:attachment":[{"href":"https:\/\/www.goldeneaglepetfoods.fi\/index.php\/wp-json\/wp\/v2\/media?parent=1261"}],"curies":[{"name":"wp","href":"https:\/\/api.w.org\/{rel}","templated":true}]}}