{"id":1237,"date":"2021-11-24T14:51:41","date_gmt":"2021-11-24T14:51:41","guid":{"rendered":"https:\/\/www.goldeneaglepetfoods.fi\/?page_id=1237"},"modified":"2022-02-03T10:45:57","modified_gmt":"2022-02-03T10:45:57","slug":"super-premium-adult","status":"publish","type":"page","link":"https:\/\/www.goldeneaglepetfoods.fi\/index.php\/koirille\/super-premium-adult\/","title":{"rendered":"Super Premium Adult"},"content":{"rendered":"\t\t<div data-elementor-type=\"wp-page\" data-elementor-id=\"1237\" class=\"elementor elementor-1237\" data-elementor-post-type=\"page\">\n\t\t\t\t\t\t<section class=\"elementor-section elementor-top-section elementor-element elementor-element-aea3287 elementor-section-full_width elementor-section-height-min-height elementor-section-height-default elementor-section-items-middle\" data-id=\"aea3287\" data-element_type=\"section\" data-e-type=\"section\">\n\t\t\t\t\t\t<div class=\"elementor-container elementor-column-gap-default\">\n\t\t\t\t\t<div class=\"elementor-column elementor-col-100 elementor-top-column elementor-element elementor-element-359212d\" data-id=\"359212d\" data-element_type=\"column\" data-e-type=\"column\">\n\t\t\t<div class=\"elementor-widget-wrap elementor-element-populated\">\n\t\t\t\t\t\t<div class=\"elementor-element elementor-element-08e41a0 elementor-widget elementor-widget-heading\" data-id=\"08e41a0\" data-element_type=\"widget\" data-e-type=\"widget\" data-widget_type=\"heading.default\">\n\t\t\t\t<div class=\"elementor-widget-container\">\n\t\t\t\t\t<h1 class=\"elementor-heading-title elementor-size-default\"><strong>Super Premium A<\/strong>dult<\/h1>\t\t\t\t<\/div>\n\t\t\t\t<\/div>\n\t\t\t\t\t<\/div>\n\t\t<\/div>\n\t\t\t\t\t<\/div>\n\t\t<\/section>\n\t\t\t\t<section class=\"elementor-section elementor-top-section elementor-element elementor-element-7fba9a6 elementor-section-boxed elementor-section-height-default elementor-section-height-default\" data-id=\"7fba9a6\" data-element_type=\"section\" data-e-type=\"section\" data-settings=\"{&quot;background_background&quot;:&quot;classic&quot;}\">\n\t\t\t\t\t\t<div class=\"elementor-container elementor-column-gap-default\">\n\t\t\t\t\t<div class=\"elementor-column elementor-col-50 elementor-top-column elementor-element elementor-element-b5a2cf9\" data-id=\"b5a2cf9\" data-element_type=\"column\" data-e-type=\"column\">\n\t\t\t<div class=\"elementor-widget-wrap elementor-element-populated\">\n\t\t\t\t\t\t<div class=\"elementor-element elementor-element-4688f5e elementor-widget elementor-widget-text-editor\" data-id=\"4688f5e\" data-element_type=\"widget\" data-e-type=\"widget\" data-widget_type=\"text-editor.default\">\n\t\t\t\t<div class=\"elementor-widget-container\">\n\t\t\t\t\t\t\t\t\t<p><strong>Golden Eagle Super Premium Adult<\/strong> on t\u00e4ysravinto aikuisille koirille, sek\u00e4 koiranpennuille.<strong>\u00a0<\/strong><\/p><p><strong>Proteiini 25 % \u2013 Rasva 15 %\u00a0<\/strong><\/p><p>Golden Eagle Super Premium Adult t\u00e4ysravinto aikuisille koirille sis\u00e4lt\u00e4\u00e4 valikoituja, korkealaatuisia raaka-aineita ilman kemiallisia s\u00e4il\u00f6nt\u00e4-, maku- tai v\u00e4riaineita. Laadukas t\u00e4ysravinto sopii normaaliaktiivisten aikuisten koirien lis\u00e4ksi my\u00f6s kaikenkokoisille kasvaville koiranpennuille. Ruoan lihapitoisuus on 40 %.<\/p><p>\u00b7<span><\/span><strong>T\u00e4ysravinto aikuisille koirille, sek\u00e4 koiranpennuille<\/strong><\/p><p>\u00b7<span><\/span><strong>Lihapitoisuus 40 % &#8211; kanaa, lohta ja kananmunaa<\/strong><\/p><p>\u00b7<span><\/span><strong>Runsaasti t\u00e4rkeit\u00e4 EPA ja DHA omega-3-rasvahappoja<\/strong><\/p><p>Normaaliaktiiviset aikuiset koirat vaativat ruoaltaan laadukkaita helposti hy\u00f6dynnett\u00e4vi\u00e4 ravintoaineita. Runsaasti laadukasta, hyvin sulavaa proteiinia sis\u00e4lt\u00e4v\u00e4 Golden Eagle Super Premium Adult sis\u00e4lt\u00e4\u00e4 kanaa, lohta ja kananmunaa. Korkealaatuiset lihaproteiinit kehitt\u00e4v\u00e4t koiran lihaksia ja yll\u00e4pit\u00e4v\u00e4t hyv\u00e4\u00e4 lihaskuntoa.<\/p><p>Ruoka sis\u00e4lt\u00e4\u00e4 hiilihydraatin l\u00e4hteen\u00e4 ruskeaa kokojyv\u00e4riisi\u00e4, sek\u00e4 valkoista riisi\u00e4 ja kauraa t\u00e4ytt\u00e4m\u00e4\u00e4n koiran hiilihydraatin tarpeet. Kokojyv\u00e4maissi luovuttaa nopeaa energiaa ja t\u00e4ydent\u00e4\u00e4 glukoosivarantoja. Kuidun p\u00e4\u00e4l\u00e4hteen\u00e4 toimii juurikaskuitu yhdess\u00e4 hyvin siedetyn kauran kanssa. N\u00e4m\u00e4 kuidun l\u00e4hteet yhdess\u00e4 MicroHealth\u2122, BioHealth\u2122 and Lactohealth\u2122 lis\u00e4ravinteiden kanssa tukevat koiran suoliston toimintaa.<\/p>\t\t\t\t\t\t\t\t<\/div>\n\t\t\t\t<\/div>\n\t\t\t\t<div class=\"elementor-element elementor-element-61d4f96 elementor-widget elementor-widget-accordion\" data-id=\"61d4f96\" data-element_type=\"widget\" data-e-type=\"widget\" data-widget_type=\"accordion.default\">\n\t\t\t\t<div class=\"elementor-widget-container\">\n\t\t\t\t\t\t\t<div class=\"elementor-accordion\">\n\t\t\t\t\t\t\t<div class=\"elementor-accordion-item\">\n\t\t\t\t\t<div id=\"elementor-tab-title-1021\" class=\"elementor-tab-title\" data-tab=\"1\" role=\"button\" aria-controls=\"elementor-tab-content-1021\" aria-expanded=\"false\">\n\t\t\t\t\t\t\t\t\t\t\t\t\t<span class=\"elementor-accordion-icon elementor-accordion-icon-left\" aria-hidden=\"true\">\n\t\t\t\t\t\t\t\t\t\t\t\t\t\t\t<span class=\"elementor-accordion-icon-closed\"><i class=\"fas fa-chevron-down\"><\/i><\/span>\n\t\t\t\t\t\t\t\t<span class=\"elementor-accordion-icon-opened\"><i class=\"fas fa-paw\"><\/i><\/span>\n\t\t\t\t\t\t\t\t\t\t\t\t\t\t<\/span>\n\t\t\t\t\t\t\t\t\t\t\t\t<a class=\"elementor-accordion-title\" tabindex=\"0\">Koiranpennuille<\/a>\n\t\t\t\t\t<\/div>\n\t\t\t\t\t<div id=\"elementor-tab-content-1021\" class=\"elementor-tab-content elementor-clearfix\" data-tab=\"1\" role=\"region\" aria-labelledby=\"elementor-tab-title-1021\"><p>Nopeasti kasvava koiranpentu tarvitsee riitt\u00e4v\u00e4sti energiaa kasvun tueksi. Golden Eagle Super Premium Adult sis\u00e4lt\u00e4\u00e4 riitt\u00e4v\u00e4sti energiaa ja kaikki tarvittavat ravintoaineet pennun kasvuun. T\u00e4ysravinto sis\u00e4lt\u00e4\u00e4 Nutraceuticals lis\u00e4ravinteita pennun terveyden edist\u00e4miseksi.<\/p><p><\/p><p><b>\u00b7 <span><\/span>Probiootit yll\u00e4pit\u00e4v\u00e4t pennun suoliston luonnollista bakteerikantaa<\/b><\/p><p><b> <\/b><\/p><p><b>\u00b7<span><\/span> Inuliini toimii prebioottina ja varmistaa luonnollisen bakteerikannan suolistossa<\/b><\/p><p><b> <\/b><\/p><p><strong>\u00b7 <span><\/span>Kolme hyvin sulavaa lihaproteiinia \u2013 kana, lohi ja kananmuna<\/strong><\/p><p><b> <\/b><\/p><p><strong>\u00b7<span><\/span> Korkea omega-3-rasvahappopitoisuus tukee pennun aivojen ja silmien kehityst\u00e4<\/strong><\/p><p><b> <\/b><\/p><p><b>\u00b7<span><\/span> Runsas m\u00e4\u00e4r\u00e4 antioksidantteja suojaa pennun kehittyv\u00e4\u00e4 immuunij\u00e4rjestelm\u00e4\u00e4<\/b><\/p><p>Suurikokoisiksi kasvaville koirapennuille suosittelemme siirtymist\u00e4 Large Breed Puppy -penturuokaan 10\u201312 viikon i\u00e4ss\u00e4 ja j\u00e4ttikokoisiksi kasvaville pennuille 8 viikon i\u00e4ss\u00e4.<\/p><\/div>\n\t\t\t\t<\/div>\n\t\t\t\t\t\t\t<div class=\"elementor-accordion-item\">\n\t\t\t\t\t<div id=\"elementor-tab-title-1022\" class=\"elementor-tab-title\" data-tab=\"2\" role=\"button\" aria-controls=\"elementor-tab-content-1022\" aria-expanded=\"false\">\n\t\t\t\t\t\t\t\t\t\t\t\t\t<span class=\"elementor-accordion-icon elementor-accordion-icon-left\" aria-hidden=\"true\">\n\t\t\t\t\t\t\t\t\t\t\t\t\t\t\t<span class=\"elementor-accordion-icon-closed\"><i class=\"fas fa-chevron-down\"><\/i><\/span>\n\t\t\t\t\t\t\t\t<span class=\"elementor-accordion-icon-opened\"><i class=\"fas fa-paw\"><\/i><\/span>\n\t\t\t\t\t\t\t\t\t\t\t\t\t\t<\/span>\n\t\t\t\t\t\t\t\t\t\t\t\t<a class=\"elementor-accordion-title\" tabindex=\"0\">Aikuisille koirille<\/a>\n\t\t\t\t\t<\/div>\n\t\t\t\t\t<div id=\"elementor-tab-content-1022\" class=\"elementor-tab-content elementor-clearfix\" data-tab=\"2\" role=\"region\" aria-labelledby=\"elementor-tab-title-1022\"><div class=\"dropdown-content\"><p>\u00b7<span><\/span><strong>Normaaliaktiiviselle aikuiselle koiralle<\/strong>, kun haluat t\u00e4ysravinnon josta koira saa riitt\u00e4v\u00e4sti energiaa ja ravintoaineita fyysisen lihaskunnon yll\u00e4pit\u00e4miseen<\/p><p>\u00b7<span><\/span><strong>N\u00e4yttelykoiralle, <\/strong>kun haluat laadukkaan ruoan, joka tarjoaa riitt\u00e4v\u00e4sti ravintoaineita kehitt\u00e4m\u00e4\u00e4n lihaksia, syvent\u00e4m\u00e4\u00e4n v\u00e4rej\u00e4 ja yll\u00e4pit\u00e4m\u00e4\u00e4n turkin kuntoa<\/p><p>\u00b7<span><\/span><strong>Toipilaskoirille<\/strong>, kun tarvitaan laadukasta hyvin sulavaa ruokaa<\/p><\/div><\/div>\n\t\t\t\t<\/div>\n\t\t\t\t\t\t\t<div class=\"elementor-accordion-item\">\n\t\t\t\t\t<div id=\"elementor-tab-title-1023\" class=\"elementor-tab-title\" data-tab=\"3\" role=\"button\" aria-controls=\"elementor-tab-content-1023\" aria-expanded=\"false\">\n\t\t\t\t\t\t\t\t\t\t\t\t\t<span class=\"elementor-accordion-icon elementor-accordion-icon-left\" aria-hidden=\"true\">\n\t\t\t\t\t\t\t\t\t\t\t\t\t\t\t<span class=\"elementor-accordion-icon-closed\"><i class=\"fas fa-chevron-down\"><\/i><\/span>\n\t\t\t\t\t\t\t\t<span class=\"elementor-accordion-icon-opened\"><i class=\"fas fa-paw\"><\/i><\/span>\n\t\t\t\t\t\t\t\t\t\t\t\t\t\t<\/span>\n\t\t\t\t\t\t\t\t\t\t\t\t<a class=\"elementor-accordion-title\" tabindex=\"0\">Koostumus<\/a>\n\t\t\t\t\t<\/div>\n\t\t\t\t\t<div id=\"elementor-tab-content-1023\" class=\"elementor-tab-content elementor-clearfix\" data-tab=\"3\" role=\"region\" aria-labelledby=\"elementor-tab-title-1023\"><div class=\"dropdown-content\">Kananlihajauho, valkoinen t\u00e4ysjyv\u00e4riisi, kokojyv\u00e4maissi, kananrasva (s\u00e4il\u00f6tty vitamiinein), peruna, juurikasjauho, kalajauho, kananmuna, panimohiiva, kananmaksakastike, pellavansiemen, lohi\u00f6ljy, monosodium fosfaatti, glukosamiini, MSM, kondroitiini, yucca, L-karnitiini, betakarotiini, FOS (&gt;450 mg\/kg), MOS (&gt;450 mg\/kg), maitohappobakteerit Bacillus Acidophilus (DSM 13241) ja Enterococcus Faecium (DSM 10663), (1*10^9 CFU\/g), hivenaineet ja vitamiinit<\/div><\/div>\n\t\t\t\t<\/div>\n\t\t\t\t\t\t\t<div class=\"elementor-accordion-item\">\n\t\t\t\t\t<div id=\"elementor-tab-title-1024\" class=\"elementor-tab-title\" data-tab=\"4\" role=\"button\" aria-controls=\"elementor-tab-content-1024\" aria-expanded=\"false\">\n\t\t\t\t\t\t\t\t\t\t\t\t\t<span class=\"elementor-accordion-icon elementor-accordion-icon-left\" aria-hidden=\"true\">\n\t\t\t\t\t\t\t\t\t\t\t\t\t\t\t<span class=\"elementor-accordion-icon-closed\"><i class=\"fas fa-chevron-down\"><\/i><\/span>\n\t\t\t\t\t\t\t\t<span class=\"elementor-accordion-icon-opened\"><i class=\"fas fa-paw\"><\/i><\/span>\n\t\t\t\t\t\t\t\t\t\t\t\t\t\t<\/span>\n\t\t\t\t\t\t\t\t\t\t\t\t<a class=\"elementor-accordion-title\" tabindex=\"0\">Ravintotiedot<\/a>\n\t\t\t\t\t<\/div>\n\t\t\t\t\t<div id=\"elementor-tab-content-1024\" class=\"elementor-tab-content elementor-clearfix\" data-tab=\"4\" role=\"region\" aria-labelledby=\"elementor-tab-title-1024\"><p>Valkuainen 25%<\/p><p>Rasva 15%<\/p><p>Kuitu 3,0%<\/p><p>Tuhka 8,75%<\/p><p>Kalkki 1,5%<\/p><p>Fosfori 1,0%<\/p><p>Omega-6 3,9%<\/p><p>Omega-3 0,8%<\/p><\/div>\n\t\t\t\t<\/div>\n\t\t\t\t\t\t\t<div class=\"elementor-accordion-item\">\n\t\t\t\t\t<div id=\"elementor-tab-title-1025\" class=\"elementor-tab-title\" data-tab=\"5\" role=\"button\" aria-controls=\"elementor-tab-content-1025\" aria-expanded=\"false\">\n\t\t\t\t\t\t\t\t\t\t\t\t\t<span class=\"elementor-accordion-icon elementor-accordion-icon-left\" aria-hidden=\"true\">\n\t\t\t\t\t\t\t\t\t\t\t\t\t\t\t<span class=\"elementor-accordion-icon-closed\"><i class=\"fas fa-chevron-down\"><\/i><\/span>\n\t\t\t\t\t\t\t\t<span class=\"elementor-accordion-icon-opened\"><i class=\"fas fa-paw\"><\/i><\/span>\n\t\t\t\t\t\t\t\t\t\t\t\t\t\t<\/span>\n\t\t\t\t\t\t\t\t\t\t\t\t<a class=\"elementor-accordion-title\" tabindex=\"0\">Lis\u00e4tyt vitamiinit ja hivenaineet<\/a>\n\t\t\t\t\t<\/div>\n\t\t\t\t\t<div id=\"elementor-tab-content-1025\" class=\"elementor-tab-content elementor-clearfix\" data-tab=\"5\" role=\"region\" aria-labelledby=\"elementor-tab-title-1025\"><p>A-vitamiini 22,000 IU\/kg<\/p><p>E-vitamiini 200 IU\/kg<\/p><p>Kupari 20 mg\/kg<\/p><p>Seleeni 0,18mg\/kg<\/p><\/div>\n\t\t\t\t<\/div>\n\t\t\t\t\t\t\t\t<\/div>\n\t\t\t\t\t\t<\/div>\n\t\t\t\t<\/div>\n\t\t\t\t\t<\/div>\n\t\t<\/div>\n\t\t\t\t<div class=\"elementor-column elementor-col-50 elementor-top-column elementor-element elementor-element-50be3f5\" data-id=\"50be3f5\" data-element_type=\"column\" data-e-type=\"column\" data-settings=\"{&quot;background_background&quot;:&quot;classic&quot;}\">\n\t\t\t<div class=\"elementor-widget-wrap elementor-element-populated\">\n\t\t\t\t\t\t<div class=\"elementor-element elementor-element-bbcd91d elementor-widget elementor-widget-image\" data-id=\"bbcd91d\" data-element_type=\"widget\" data-e-type=\"widget\" data-widget_type=\"image.default\">\n\t\t\t\t<div class=\"elementor-widget-container\">\n\t\t\t\t\t\t\t\t\t\t\t\t\t\t\t<img fetchpriority=\"high\" decoding=\"async\" width=\"750\" height=\"750\" src=\"https:\/\/www.goldeneaglepetfoods.fi\/wp-content\/uploads\/2021\/10\/SP-Adult-768x768.png\" class=\"attachment-medium_large size-medium_large wp-image-427\" alt=\"SP Adult\" srcset=\"https:\/\/www.goldeneaglepetfoods.fi\/wp-content\/uploads\/2021\/10\/SP-Adult-768x768.png 768w, https:\/\/www.goldeneaglepetfoods.fi\/wp-content\/uploads\/2021\/10\/SP-Adult-300x300.png 300w, https:\/\/www.goldeneaglepetfoods.fi\/wp-content\/uploads\/2021\/10\/SP-Adult-1024x1024.png 1024w, https:\/\/www.goldeneaglepetfoods.fi\/wp-content\/uploads\/2021\/10\/SP-Adult-150x150.png 150w, https:\/\/www.goldeneaglepetfoods.fi\/wp-content\/uploads\/2021\/10\/SP-Adult.png 1080w\" sizes=\"(max-width: 750px) 100vw, 750px\" \/>\t\t\t\t\t\t\t\t\t\t\t\t\t\t\t<\/div>\n\t\t\t\t<\/div>\n\t\t\t\t<div class=\"elementor-element elementor-element-1524b67 elementor-align-center elementor-widget elementor-widget-button\" data-id=\"1524b67\" data-element_type=\"widget\" data-e-type=\"widget\" data-widget_type=\"button.default\">\n\t\t\t\t<div class=\"elementor-widget-container\">\n\t\t\t\t\t\t\t\t\t<div class=\"elementor-button-wrapper\">\n\t\t\t\t\t<a class=\"elementor-button elementor-button-link elementor-size-sm\" href=\"https:\/\/www.goldeneaglepetfoods.fi\/index.php\/koirille\/\">\n\t\t\t\t\t\t<span class=\"elementor-button-content-wrapper\">\n\t\t\t\t\t\t\t\t\t<span class=\"elementor-button-text\">Takaisin kaikkiin ruokiin<\/span>\n\t\t\t\t\t<\/span>\n\t\t\t\t\t<\/a>\n\t\t\t\t<\/div>\n\t\t\t\t\t\t\t\t<\/div>\n\t\t\t\t<\/div>\n\t\t\t\t\t<\/div>\n\t\t<\/div>\n\t\t\t\t\t<\/div>\n\t\t<\/section>\n\t\t\t\t<\/div>\n\t\t","protected":false},"excerpt":{"rendered":"<p>Super Premium Adult Golden Eagle Super Premium Adult on t\u00e4ysravinto aikuisille koirille, sek\u00e4 koiranpennuille.\u00a0 Proteiini 25 % \u2013 Rasva 15 %\u00a0 Golden Eagle Super Premium Adult t\u00e4ysravinto aikuisille koirille sis\u00e4lt\u00e4\u00e4 valikoituja, korkealaatuisia raaka-aineita ilman kemiallisia s\u00e4il\u00f6nt\u00e4-, maku- tai v\u00e4riaineita. Laadukas t\u00e4ysravinto sopii normaaliaktiivisten aikuisten koirien lis\u00e4ksi my\u00f6s kaikenkokoisille kasvaville koiranpennuille. [&hellip;]<\/p>\n","protected":false},"author":2,"featured_media":427,"parent":77,"menu_order":0,"comment_status":"closed","ping_status":"closed","template":"page-templates\/template-pagebuilder-full-width.php","meta":{"footnotes":""},"class_list":["post-1237","page","type-page","status-publish","has-post-thumbnail","hentry"],"yoast_head":"<!-- This site is optimized with the Yoast SEO plugin v27.2 - https:\/\/yoast.com\/product\/yoast-seo-wordpress\/ -->\n<title>Golden Eagle Petfoods - Super Premium Adult<\/title>\n<meta name=\"description\" content=\"T\u00e4ysravinto aikuisille koirille, joka sis\u00e4lt\u00e4\u00e4 valikoituja, korkealaatuisia raaka-aineita ilman kemiallisia s\u00e4il\u00f6nt\u00e4-, maku- tai v\u00e4riaineita.\" \/>\n<meta name=\"robots\" content=\"index, follow, max-snippet:-1, max-image-preview:large, max-video-preview:-1\" \/>\n<link rel=\"canonical\" href=\"https:\/\/www.goldeneaglepetfoods.fi\/index.php\/koirille\/super-premium-adult\/\" \/>\n<meta property=\"og:locale\" content=\"en_US\" \/>\n<meta property=\"og:type\" content=\"article\" \/>\n<meta property=\"og:title\" content=\"Golden Eagle Petfoods - Super Premium Adult\" \/>\n<meta property=\"og:description\" content=\"T\u00e4ysravinto aikuisille koirille, joka sis\u00e4lt\u00e4\u00e4 valikoituja, korkealaatuisia raaka-aineita ilman kemiallisia s\u00e4il\u00f6nt\u00e4-, maku- tai v\u00e4riaineita.\" \/>\n<meta property=\"og:url\" content=\"https:\/\/www.goldeneaglepetfoods.fi\/index.php\/koirille\/super-premium-adult\/\" \/>\n<meta property=\"og:site_name\" content=\"Golden Eagle Petfoods\" \/>\n<meta property=\"article:modified_time\" content=\"2022-02-03T10:45:57+00:00\" \/>\n<meta property=\"og:image\" content=\"https:\/\/www.goldeneaglepetfoods.fi\/wp-content\/uploads\/2021\/10\/SP-Adult.png\" \/>\n\t<meta property=\"og:image:width\" content=\"1080\" \/>\n\t<meta property=\"og:image:height\" content=\"1080\" \/>\n\t<meta property=\"og:image:type\" content=\"image\/png\" \/>\n<meta name=\"twitter:card\" content=\"summary_large_image\" \/>\n<meta name=\"twitter:label1\" content=\"Est. reading time\" \/>\n\t<meta name=\"twitter:data1\" content=\"3 minutes\" \/>\n<script type=\"application\/ld+json\" class=\"yoast-schema-graph\">{\"@context\":\"https:\/\/schema.org\",\"@graph\":[{\"@type\":\"WebPage\",\"@id\":\"https:\/\/www.goldeneaglepetfoods.fi\/index.php\/koirille\/super-premium-adult\/\",\"url\":\"https:\/\/www.goldeneaglepetfoods.fi\/index.php\/koirille\/super-premium-adult\/\",\"name\":\"Golden Eagle Petfoods - Super Premium Adult\",\"isPartOf\":{\"@id\":\"https:\/\/www.goldeneaglepetfoods.fi\/#website\"},\"primaryImageOfPage\":{\"@id\":\"https:\/\/www.goldeneaglepetfoods.fi\/index.php\/koirille\/super-premium-adult\/#primaryimage\"},\"image\":{\"@id\":\"https:\/\/www.goldeneaglepetfoods.fi\/index.php\/koirille\/super-premium-adult\/#primaryimage\"},\"thumbnailUrl\":\"https:\/\/www.goldeneaglepetfoods.fi\/wp-content\/uploads\/2021\/10\/SP-Adult.png\",\"datePublished\":\"2021-11-24T14:51:41+00:00\",\"dateModified\":\"2022-02-03T10:45:57+00:00\",\"description\":\"T\u00e4ysravinto aikuisille koirille, joka sis\u00e4lt\u00e4\u00e4 valikoituja, korkealaatuisia raaka-aineita ilman kemiallisia s\u00e4il\u00f6nt\u00e4-, maku- tai v\u00e4riaineita.\",\"breadcrumb\":{\"@id\":\"https:\/\/www.goldeneaglepetfoods.fi\/index.php\/koirille\/super-premium-adult\/#breadcrumb\"},\"inLanguage\":\"en\",\"potentialAction\":[{\"@type\":\"ReadAction\",\"target\":[\"https:\/\/www.goldeneaglepetfoods.fi\/index.php\/koirille\/super-premium-adult\/\"]}]},{\"@type\":\"ImageObject\",\"inLanguage\":\"en\",\"@id\":\"https:\/\/www.goldeneaglepetfoods.fi\/index.php\/koirille\/super-premium-adult\/#primaryimage\",\"url\":\"https:\/\/www.goldeneaglepetfoods.fi\/wp-content\/uploads\/2021\/10\/SP-Adult.png\",\"contentUrl\":\"https:\/\/www.goldeneaglepetfoods.fi\/wp-content\/uploads\/2021\/10\/SP-Adult.png\",\"width\":1080,\"height\":1080,\"caption\":\"SP Adult\"},{\"@type\":\"BreadcrumbList\",\"@id\":\"https:\/\/www.goldeneaglepetfoods.fi\/index.php\/koirille\/super-premium-adult\/#breadcrumb\",\"itemListElement\":[{\"@type\":\"ListItem\",\"position\":1,\"name\":\"Home\",\"item\":\"https:\/\/www.goldeneaglepetfoods.fi\/\"},{\"@type\":\"ListItem\",\"position\":2,\"name\":\"Koirille\",\"item\":\"https:\/\/www.goldeneaglepetfoods.fi\/index.php\/koirille\/\"},{\"@type\":\"ListItem\",\"position\":3,\"name\":\"Super Premium Adult\"}]},{\"@type\":\"WebSite\",\"@id\":\"https:\/\/www.goldeneaglepetfoods.fi\/#website\",\"url\":\"https:\/\/www.goldeneaglepetfoods.fi\/\",\"name\":\"Golden Eagle Petfoods\",\"description\":\"Rakastavin p&auml;&auml;t&ouml;s, jonka voit tehd&auml; lemmikkisi puolesta.\",\"publisher\":{\"@id\":\"https:\/\/www.goldeneaglepetfoods.fi\/#organization\"},\"potentialAction\":[{\"@type\":\"SearchAction\",\"target\":{\"@type\":\"EntryPoint\",\"urlTemplate\":\"https:\/\/www.goldeneaglepetfoods.fi\/?s={search_term_string}\"},\"query-input\":{\"@type\":\"PropertyValueSpecification\",\"valueRequired\":true,\"valueName\":\"search_term_string\"}}],\"inLanguage\":\"en\"},{\"@type\":\"Organization\",\"@id\":\"https:\/\/www.goldeneaglepetfoods.fi\/#organization\",\"name\":\"Golden Eagle Petfoods\",\"url\":\"https:\/\/www.goldeneaglepetfoods.fi\/\",\"logo\":{\"@type\":\"ImageObject\",\"inLanguage\":\"en\",\"@id\":\"https:\/\/www.goldeneaglepetfoods.fi\/#\/schema\/logo\/image\/\",\"url\":\"https:\/\/www.goldeneaglepetfoods.fi\/wp-content\/uploads\/2021\/10\/Nimeton-suunn.malli_-e1633439769385.png\",\"contentUrl\":\"https:\/\/www.goldeneaglepetfoods.fi\/wp-content\/uploads\/2021\/10\/Nimeton-suunn.malli_-e1633439769385.png\",\"width\":500,\"height\":180,\"caption\":\"Golden Eagle Petfoods\"},\"image\":{\"@id\":\"https:\/\/www.goldeneaglepetfoods.fi\/#\/schema\/logo\/image\/\"}}]}<\/script>\n<!-- \/ Yoast SEO plugin. -->","yoast_head_json":{"title":"Golden Eagle Petfoods - Super Premium Adult","description":"T\u00e4ysravinto aikuisille koirille, joka sis\u00e4lt\u00e4\u00e4 valikoituja, korkealaatuisia raaka-aineita ilman kemiallisia s\u00e4il\u00f6nt\u00e4-, maku- tai v\u00e4riaineita.","robots":{"index":"index","follow":"follow","max-snippet":"max-snippet:-1","max-image-preview":"max-image-preview:large","max-video-preview":"max-video-preview:-1"},"canonical":"https:\/\/www.goldeneaglepetfoods.fi\/index.php\/koirille\/super-premium-adult\/","og_locale":"en_US","og_type":"article","og_title":"Golden Eagle Petfoods - Super Premium Adult","og_description":"T\u00e4ysravinto aikuisille koirille, joka sis\u00e4lt\u00e4\u00e4 valikoituja, korkealaatuisia raaka-aineita ilman kemiallisia s\u00e4il\u00f6nt\u00e4-, maku- tai v\u00e4riaineita.","og_url":"https:\/\/www.goldeneaglepetfoods.fi\/index.php\/koirille\/super-premium-adult\/","og_site_name":"Golden Eagle Petfoods","article_modified_time":"2022-02-03T10:45:57+00:00","og_image":[{"width":1080,"height":1080,"url":"https:\/\/www.goldeneaglepetfoods.fi\/wp-content\/uploads\/2021\/10\/SP-Adult.png","type":"image\/png"}],"twitter_card":"summary_large_image","twitter_misc":{"Est. reading time":"3 minutes"},"schema":{"@context":"https:\/\/schema.org","@graph":[{"@type":"WebPage","@id":"https:\/\/www.goldeneaglepetfoods.fi\/index.php\/koirille\/super-premium-adult\/","url":"https:\/\/www.goldeneaglepetfoods.fi\/index.php\/koirille\/super-premium-adult\/","name":"Golden Eagle Petfoods - Super Premium Adult","isPartOf":{"@id":"https:\/\/www.goldeneaglepetfoods.fi\/#website"},"primaryImageOfPage":{"@id":"https:\/\/www.goldeneaglepetfoods.fi\/index.php\/koirille\/super-premium-adult\/#primaryimage"},"image":{"@id":"https:\/\/www.goldeneaglepetfoods.fi\/index.php\/koirille\/super-premium-adult\/#primaryimage"},"thumbnailUrl":"https:\/\/www.goldeneaglepetfoods.fi\/wp-content\/uploads\/2021\/10\/SP-Adult.png","datePublished":"2021-11-24T14:51:41+00:00","dateModified":"2022-02-03T10:45:57+00:00","description":"T\u00e4ysravinto aikuisille koirille, joka sis\u00e4lt\u00e4\u00e4 valikoituja, korkealaatuisia raaka-aineita ilman kemiallisia s\u00e4il\u00f6nt\u00e4-, maku- tai v\u00e4riaineita.","breadcrumb":{"@id":"https:\/\/www.goldeneaglepetfoods.fi\/index.php\/koirille\/super-premium-adult\/#breadcrumb"},"inLanguage":"en","potentialAction":[{"@type":"ReadAction","target":["https:\/\/www.goldeneaglepetfoods.fi\/index.php\/koirille\/super-premium-adult\/"]}]},{"@type":"ImageObject","inLanguage":"en","@id":"https:\/\/www.goldeneaglepetfoods.fi\/index.php\/koirille\/super-premium-adult\/#primaryimage","url":"https:\/\/www.goldeneaglepetfoods.fi\/wp-content\/uploads\/2021\/10\/SP-Adult.png","contentUrl":"https:\/\/www.goldeneaglepetfoods.fi\/wp-content\/uploads\/2021\/10\/SP-Adult.png","width":1080,"height":1080,"caption":"SP Adult"},{"@type":"BreadcrumbList","@id":"https:\/\/www.goldeneaglepetfoods.fi\/index.php\/koirille\/super-premium-adult\/#breadcrumb","itemListElement":[{"@type":"ListItem","position":1,"name":"Home","item":"https:\/\/www.goldeneaglepetfoods.fi\/"},{"@type":"ListItem","position":2,"name":"Koirille","item":"https:\/\/www.goldeneaglepetfoods.fi\/index.php\/koirille\/"},{"@type":"ListItem","position":3,"name":"Super Premium Adult"}]},{"@type":"WebSite","@id":"https:\/\/www.goldeneaglepetfoods.fi\/#website","url":"https:\/\/www.goldeneaglepetfoods.fi\/","name":"Golden Eagle Petfoods","description":"Rakastavin p&auml;&auml;t&ouml;s, jonka voit tehd&auml; lemmikkisi puolesta.","publisher":{"@id":"https:\/\/www.goldeneaglepetfoods.fi\/#organization"},"potentialAction":[{"@type":"SearchAction","target":{"@type":"EntryPoint","urlTemplate":"https:\/\/www.goldeneaglepetfoods.fi\/?s={search_term_string}"},"query-input":{"@type":"PropertyValueSpecification","valueRequired":true,"valueName":"search_term_string"}}],"inLanguage":"en"},{"@type":"Organization","@id":"https:\/\/www.goldeneaglepetfoods.fi\/#organization","name":"Golden Eagle Petfoods","url":"https:\/\/www.goldeneaglepetfoods.fi\/","logo":{"@type":"ImageObject","inLanguage":"en","@id":"https:\/\/www.goldeneaglepetfoods.fi\/#\/schema\/logo\/image\/","url":"https:\/\/www.goldeneaglepetfoods.fi\/wp-content\/uploads\/2021\/10\/Nimeton-suunn.malli_-e1633439769385.png","contentUrl":"https:\/\/www.goldeneaglepetfoods.fi\/wp-content\/uploads\/2021\/10\/Nimeton-suunn.malli_-e1633439769385.png","width":500,"height":180,"caption":"Golden Eagle Petfoods"},"image":{"@id":"https:\/\/www.goldeneaglepetfoods.fi\/#\/schema\/logo\/image\/"}}]}},"_links":{"self":[{"href":"https:\/\/www.goldeneaglepetfoods.fi\/index.php\/wp-json\/wp\/v2\/pages\/1237","targetHints":{"allow":["GET"]}}],"collection":[{"href":"https:\/\/www.goldeneaglepetfoods.fi\/index.php\/wp-json\/wp\/v2\/pages"}],"about":[{"href":"https:\/\/www.goldeneaglepetfoods.fi\/index.php\/wp-json\/wp\/v2\/types\/page"}],"author":[{"embeddable":true,"href":"https:\/\/www.goldeneaglepetfoods.fi\/index.php\/wp-json\/wp\/v2\/users\/2"}],"replies":[{"embeddable":true,"href":"https:\/\/www.goldeneaglepetfoods.fi\/index.php\/wp-json\/wp\/v2\/comments?post=1237"}],"version-history":[{"count":7,"href":"https:\/\/www.goldeneaglepetfoods.fi\/index.php\/wp-json\/wp\/v2\/pages\/1237\/revisions"}],"predecessor-version":[{"id":1464,"href":"https:\/\/www.goldeneaglepetfoods.fi\/index.php\/wp-json\/wp\/v2\/pages\/1237\/revisions\/1464"}],"up":[{"embeddable":true,"href":"https:\/\/www.goldeneaglepetfoods.fi\/index.php\/wp-json\/wp\/v2\/pages\/77"}],"wp:featuredmedia":[{"embeddable":true,"href":"https:\/\/www.goldeneaglepetfoods.fi\/index.php\/wp-json\/wp\/v2\/media\/427"}],"wp:attachment":[{"href":"https:\/\/www.goldeneaglepetfoods.fi\/index.php\/wp-json\/wp\/v2\/media?parent=1237"}],"curies":[{"name":"wp","href":"https:\/\/api.w.org\/{rel}","templated":true}]}}