{"id":1232,"date":"2021-11-24T14:48:56","date_gmt":"2021-11-24T14:48:56","guid":{"rendered":"https:\/\/www.goldeneaglepetfoods.fi\/?page_id=1232"},"modified":"2024-01-31T10:31:00","modified_gmt":"2024-01-31T10:31:00","slug":"super-premium-lamb-rice","status":"publish","type":"page","link":"https:\/\/www.goldeneaglepetfoods.fi\/index.php\/koirille\/super-premium-lamb-rice\/","title":{"rendered":"Super Premium Lamb &#038; Rice"},"content":{"rendered":"\t\t<div data-elementor-type=\"wp-page\" data-elementor-id=\"1232\" class=\"elementor elementor-1232\" data-elementor-post-type=\"page\">\n\t\t\t\t\t\t<section class=\"elementor-section elementor-top-section elementor-element elementor-element-aea3287 elementor-section-full_width elementor-section-height-min-height elementor-section-height-default elementor-section-items-middle\" data-id=\"aea3287\" data-element_type=\"section\" data-e-type=\"section\">\n\t\t\t\t\t\t<div class=\"elementor-container elementor-column-gap-default\">\n\t\t\t\t\t<div class=\"elementor-column elementor-col-100 elementor-top-column elementor-element elementor-element-359212d\" data-id=\"359212d\" data-element_type=\"column\" data-e-type=\"column\">\n\t\t\t<div class=\"elementor-widget-wrap elementor-element-populated\">\n\t\t\t\t\t\t<div class=\"elementor-element elementor-element-08e41a0 elementor-widget elementor-widget-heading\" data-id=\"08e41a0\" data-element_type=\"widget\" data-e-type=\"widget\" data-widget_type=\"heading.default\">\n\t\t\t\t<div class=\"elementor-widget-container\">\n\t\t\t\t\t<h1 class=\"elementor-heading-title elementor-size-default\"><strong>Super Premium Lamb &amp; Ric<\/strong>e<\/h1>\t\t\t\t<\/div>\n\t\t\t\t<\/div>\n\t\t\t\t\t<\/div>\n\t\t<\/div>\n\t\t\t\t\t<\/div>\n\t\t<\/section>\n\t\t\t\t<section class=\"elementor-section elementor-top-section elementor-element elementor-element-7fba9a6 elementor-section-boxed elementor-section-height-default elementor-section-height-default\" data-id=\"7fba9a6\" data-element_type=\"section\" data-e-type=\"section\" data-settings=\"{&quot;background_background&quot;:&quot;classic&quot;}\">\n\t\t\t\t\t\t<div class=\"elementor-container elementor-column-gap-default\">\n\t\t\t\t\t<div class=\"elementor-column elementor-col-50 elementor-top-column elementor-element elementor-element-b5a2cf9\" data-id=\"b5a2cf9\" data-element_type=\"column\" data-e-type=\"column\">\n\t\t\t<div class=\"elementor-widget-wrap elementor-element-populated\">\n\t\t\t\t\t\t<div class=\"elementor-element elementor-element-4688f5e elementor-widget elementor-widget-text-editor\" data-id=\"4688f5e\" data-element_type=\"widget\" data-e-type=\"widget\" data-widget_type=\"text-editor.default\">\n\t\t\t\t<div class=\"elementor-widget-container\">\n\t\t\t\t\t\t\t\t\t<p><strong>Golden Eagle Super Premium Lamb &amp; Rice \/ Large &amp; Giant Breed Puppy<\/strong> on aikuisille koirille sek\u00e4 ja suuri- ja j\u00e4ttil\u00e4isrotuisten pennuille suunniteltu lammas-riisi \u2013pohjainen koiranruoka. T\u00e4ysravinto sis\u00e4lt\u00e4\u00e4 valikoituja, korkealaatuisia proteiinin ja hiilihydraatin l\u00e4hteit\u00e4 ilman kemiallisia s\u00e4il\u00f6nt\u00e4-, maku- tai v\u00e4riaineita. Ruoan lihapitoisuus on yli 40 %.<\/p><p><strong>Proteiini 24 % &#8211; Rasva 12 %<\/strong><\/p><p>Golden Eagle Super Premium Lamb &amp; Rice -t\u00e4ysravinto sis\u00e4lt\u00e4\u00e4 v\u00e4hemm\u00e4n energiaa ja soveltuu loistavasti v\u00e4hemm\u00e4n aktiivisten aikuisten koirien t\u00e4ysravinnoksi. <strong>Laadukas t\u00e4ysravinto sis\u00e4lt\u00e4\u00e4 runsaasti hyvin sulavaa proteiinia ja t\u00e4rkeit\u00e4 ravintoaineita koiran terveyden yll\u00e4pit\u00e4miseen.<\/strong><strong><\/strong><\/p><p>Ruoka sis\u00e4lt\u00e4\u00e4 hiilihydraatin l\u00e4hteen\u00e4 ruskeaa kokojyv\u00e4riisi\u00e4, sek\u00e4 valkoista riisi\u00e4 ja kauraa t\u00e4ytt\u00e4m\u00e4\u00e4n koiran hiilihydraatin tarpeet. Kokojyv\u00e4maissi luovuttaa nopeaa energiaa ja t\u00e4ydent\u00e4\u00e4 glukoosivarantoja. Kuidun p\u00e4\u00e4l\u00e4hteen\u00e4 toimii juurikaskuitu yhdess\u00e4 hyvin siedetyn kauran kanssa. N\u00e4m\u00e4 kuidun l\u00e4hteet yhdess\u00e4 MicroHealth\u2122, BioHealth\u2122 and Lactohealth\u2122 lis\u00e4ravinteiden kanssa tukevat koiran suoliston toimintaa.<\/p><p><strong>Golden Eagle Super Premium Lamb &amp; Rice on t\u00e4ysravintovaihtoehto my\u00f6s ravintoherkkyyksist\u00e4 k\u00e4rsiville koirille.<\/strong> Puhtaat raaka-aineet ja hyvin sulava koostumus yhdess\u00e4 Nutraceuticals -lis\u00e4ravinteiden kanssa tekev\u00e4t ruoasta hyvin siedetyn.<\/p>\t\t\t\t\t\t\t\t<\/div>\n\t\t\t\t<\/div>\n\t\t\t\t<div class=\"elementor-element elementor-element-61d4f96 elementor-widget elementor-widget-accordion\" data-id=\"61d4f96\" data-element_type=\"widget\" data-e-type=\"widget\" data-widget_type=\"accordion.default\">\n\t\t\t\t<div class=\"elementor-widget-container\">\n\t\t\t\t\t\t\t<div class=\"elementor-accordion\">\n\t\t\t\t\t\t\t<div class=\"elementor-accordion-item\">\n\t\t\t\t\t<div id=\"elementor-tab-title-1021\" class=\"elementor-tab-title\" data-tab=\"1\" role=\"button\" aria-controls=\"elementor-tab-content-1021\" aria-expanded=\"false\">\n\t\t\t\t\t\t\t\t\t\t\t\t\t<span class=\"elementor-accordion-icon elementor-accordion-icon-left\" aria-hidden=\"true\">\n\t\t\t\t\t\t\t\t\t\t\t\t\t\t\t<span class=\"elementor-accordion-icon-closed\"><i class=\"fas fa-chevron-down\"><\/i><\/span>\n\t\t\t\t\t\t\t\t<span class=\"elementor-accordion-icon-opened\"><i class=\"fas fa-paw\"><\/i><\/span>\n\t\t\t\t\t\t\t\t\t\t\t\t\t\t<\/span>\n\t\t\t\t\t\t\t\t\t\t\t\t<a class=\"elementor-accordion-title\" tabindex=\"0\">Suuri- ja j\u00e4ttil\u00e4isrotuisten pennuille<\/a>\n\t\t\t\t\t<\/div>\n\t\t\t\t\t<div id=\"elementor-tab-content-1021\" class=\"elementor-tab-content elementor-clearfix\" data-tab=\"1\" role=\"region\" aria-labelledby=\"elementor-tab-title-1021\"><p>Suurikokoiseksi kasvava koiranpentu tarvitsee maltillisesti energiaa tasaiseen kasvuun. Golden Eagle Super Premium Lamb &amp; Rice \/ Large Breed Puppy sis\u00e4lt\u00e4\u00e4 maltillisesti energiaa ja runsaasti pennun kasvulle t\u00e4rkeit\u00e4 ravintoaineita. Maltillisella energiam\u00e4\u00e4r\u00e4ll\u00e4 v\u00e4ltet\u00e4\u00e4n luuston kehitysh\u00e4iri\u00f6it\u00e4.<\/p><p><b>\u00b7<span>\u00a0\u00a0\u00a0\u00a0\u00a0\u00a0\u00a0\u00a0 <\/span>Probiootit yll\u00e4pit\u00e4v\u00e4t pennun suoliston luonnollista bakteerikantaa<\/b><\/p><p><b> <\/b><\/p><p><b>\u00b7<span>\u00a0\u00a0\u00a0\u00a0\u00a0\u00a0\u00a0\u00a0 <\/span>Inuliini toimii prebioottina ja varmistaa luonnollisen bakteerikannan suolistossa<\/b><\/p><p><b> <\/b><\/p><p><strong>\u00b7<span>\u00a0\u00a0\u00a0\u00a0\u00a0\u00a0\u00a0\u00a0 <\/span>Kolme hyvin sulavaa lihaproteiinia \u2013 lammas, lohi ja kananmuna<\/strong><\/p><p><b> <\/b><\/p><p><strong>\u00b7<span>\u00a0\u00a0\u00a0\u00a0\u00a0\u00a0\u00a0\u00a0 <\/span>Korkea omega-3-rasvahappopitoisuus tukee pennun aivojen ja silmien kehityst\u00e4<\/strong><\/p><p><b> <\/b><\/p><p><b>\u00b7<span>\u00a0\u00a0\u00a0\u00a0\u00a0\u00a0\u00a0\u00a0 <\/span>Runsas m\u00e4\u00e4r\u00e4 antioksidantteja suojaa pennun kehittyv\u00e4\u00e4 immuunij\u00e4rjestelm\u00e4\u00e4<\/b><\/p><\/div>\n\t\t\t\t<\/div>\n\t\t\t\t\t\t\t<div class=\"elementor-accordion-item\">\n\t\t\t\t\t<div id=\"elementor-tab-title-1022\" class=\"elementor-tab-title\" data-tab=\"2\" role=\"button\" aria-controls=\"elementor-tab-content-1022\" aria-expanded=\"false\">\n\t\t\t\t\t\t\t\t\t\t\t\t\t<span class=\"elementor-accordion-icon elementor-accordion-icon-left\" aria-hidden=\"true\">\n\t\t\t\t\t\t\t\t\t\t\t\t\t\t\t<span class=\"elementor-accordion-icon-closed\"><i class=\"fas fa-chevron-down\"><\/i><\/span>\n\t\t\t\t\t\t\t\t<span class=\"elementor-accordion-icon-opened\"><i class=\"fas fa-paw\"><\/i><\/span>\n\t\t\t\t\t\t\t\t\t\t\t\t\t\t<\/span>\n\t\t\t\t\t\t\t\t\t\t\t\t<a class=\"elementor-accordion-title\" tabindex=\"0\">Aikuisille koirille<\/a>\n\t\t\t\t\t<\/div>\n\t\t\t\t\t<div id=\"elementor-tab-content-1022\" class=\"elementor-tab-content elementor-clearfix\" data-tab=\"2\" role=\"region\" aria-labelledby=\"elementor-tab-title-1022\"><div class=\"dropdown-content\"><p>Golden Eagle Super Premium Lamb &amp; Rice -t\u00e4ysravinto sis\u00e4lt\u00e4\u00e4 v\u00e4hemm\u00e4n energiaa ja soveltuu loistavasti v\u00e4hemm\u00e4n aktiivisten aikuisten koirien t\u00e4ysravinnoksi. <strong>Laadukas t\u00e4ysravinto sis\u00e4lt\u00e4\u00e4 runsaasti hyvin sulavaa proteiinia ja t\u00e4rkeit\u00e4 ravintoaineita koiran terveyden yll\u00e4pit\u00e4miseen.<\/strong><\/p><p>\u00b7<span>\u00a0\u00a0\u00a0\u00a0\u00a0\u00a0\u00a0\u00a0 <\/span><strong>Matalaenerginen t\u00e4ysravinto aikuisille koirille<\/strong><\/p><b> <\/b><p><strong>\u00b7<span>\u00a0\u00a0\u00a0\u00a0\u00a0\u00a0\u00a0\u00a0 <\/span>Laadukkaat proteiinit yll\u00e4pit\u00e4v\u00e4t hyv\u00e4\u00e4 lihaskuntoa<\/strong><\/p><b> <\/b><p><b>\u00b7<span>\u00a0\u00a0\u00a0\u00a0\u00a0\u00a0\u00a0\u00a0 <\/span>Prebiootteja ja probiootteja suoliston terveyden tueksi<\/b><\/p><b> <\/b><p><b>\u00b7<span>\u00a0\u00a0\u00a0\u00a0\u00a0\u00a0\u00a0\u00a0 <\/span>Runsaasti t\u00e4rkeit\u00e4 EPA ja DHA omega-3-rasvahappoja<\/b><\/p><\/div><\/div>\n\t\t\t\t<\/div>\n\t\t\t\t\t\t\t<div class=\"elementor-accordion-item\">\n\t\t\t\t\t<div id=\"elementor-tab-title-1023\" class=\"elementor-tab-title\" data-tab=\"3\" role=\"button\" aria-controls=\"elementor-tab-content-1023\" aria-expanded=\"false\">\n\t\t\t\t\t\t\t\t\t\t\t\t\t<span class=\"elementor-accordion-icon elementor-accordion-icon-left\" aria-hidden=\"true\">\n\t\t\t\t\t\t\t\t\t\t\t\t\t\t\t<span class=\"elementor-accordion-icon-closed\"><i class=\"fas fa-chevron-down\"><\/i><\/span>\n\t\t\t\t\t\t\t\t<span class=\"elementor-accordion-icon-opened\"><i class=\"fas fa-paw\"><\/i><\/span>\n\t\t\t\t\t\t\t\t\t\t\t\t\t\t<\/span>\n\t\t\t\t\t\t\t\t\t\t\t\t<a class=\"elementor-accordion-title\" tabindex=\"0\">Koostumus<\/a>\n\t\t\t\t\t<\/div>\n\t\t\t\t\t<div id=\"elementor-tab-content-1023\" class=\"elementor-tab-content elementor-clearfix\" data-tab=\"3\" role=\"region\" aria-labelledby=\"elementor-tab-title-1023\"><div class=\"dropdown-content\"><p><span>Lampaanjauho, t\u00e4ysjyv\u00e4maissi, t\u00e4ysjyv\u00e4valkoinen riisi, t\u00e4ysjyv\u00e4kaura, vasta valmistettu lohi, juurikasmassa, kananrasva (s\u00e4il\u00f6nt\u00e4 tokoferoleilla), juurikasmassa, kanajauho, panimohiiva, kanakastike, kananmuna, t\u00e4ysjyv\u00e4pellavansiemen, vehn\u00e4nalkio, Kelp, L-karnitiini, mononatriumfosfaatti, prebiootit, probiootit, glukosamiinisulfaatti. Mineraalit ja vitamiinit. Sis\u00e4lt\u00e4\u00e4 erityisen terveellisi\u00e4 luonnollisia ja kokonaisvaltaisia \u200b\u200blis\u00e4ravinteita BioHealth\u2122 ja LactoHealth\u2122. <\/span><\/p><\/div><\/div>\n\t\t\t\t<\/div>\n\t\t\t\t\t\t\t<div class=\"elementor-accordion-item\">\n\t\t\t\t\t<div id=\"elementor-tab-title-1024\" class=\"elementor-tab-title\" data-tab=\"4\" role=\"button\" aria-controls=\"elementor-tab-content-1024\" aria-expanded=\"false\">\n\t\t\t\t\t\t\t\t\t\t\t\t\t<span class=\"elementor-accordion-icon elementor-accordion-icon-left\" aria-hidden=\"true\">\n\t\t\t\t\t\t\t\t\t\t\t\t\t\t\t<span class=\"elementor-accordion-icon-closed\"><i class=\"fas fa-chevron-down\"><\/i><\/span>\n\t\t\t\t\t\t\t\t<span class=\"elementor-accordion-icon-opened\"><i class=\"fas fa-paw\"><\/i><\/span>\n\t\t\t\t\t\t\t\t\t\t\t\t\t\t<\/span>\n\t\t\t\t\t\t\t\t\t\t\t\t<a class=\"elementor-accordion-title\" tabindex=\"0\">Ravintotiedot<\/a>\n\t\t\t\t\t<\/div>\n\t\t\t\t\t<div id=\"elementor-tab-content-1024\" class=\"elementor-tab-content elementor-clearfix\" data-tab=\"4\" role=\"region\" aria-labelledby=\"elementor-tab-title-1024\"><p>Valkuainen 24 %<\/p><p>Rasva 12 %<\/p><p>Kuitu 4,50 %<\/p><p>Tuhka 9 %<\/p><p>A-vitamiini 24 000 IU\/kg<\/p><p>D3-vitamiini 1485 IU\/kg<\/p><p>E-vitamiini 220 IU\/kg<\/p><p>Kupari 20 mg\/kg<\/p><p>Kalkki 1,50 %<\/p><p>Fosfori 1,10 %<\/p><p>Omega-6\u00a0 2,70 %<\/p><p>Omega-3 0,60 %<\/p><\/div>\n\t\t\t\t<\/div>\n\t\t\t\t\t\t\t\t<\/div>\n\t\t\t\t\t\t<\/div>\n\t\t\t\t<\/div>\n\t\t\t\t\t<\/div>\n\t\t<\/div>\n\t\t\t\t<div class=\"elementor-column elementor-col-50 elementor-top-column elementor-element elementor-element-50be3f5\" data-id=\"50be3f5\" data-element_type=\"column\" data-e-type=\"column\" data-settings=\"{&quot;background_background&quot;:&quot;classic&quot;}\">\n\t\t\t<div class=\"elementor-widget-wrap elementor-element-populated\">\n\t\t\t\t\t\t<div class=\"elementor-element elementor-element-bbcd91d elementor-widget elementor-widget-image\" data-id=\"bbcd91d\" data-element_type=\"widget\" data-e-type=\"widget\" data-widget_type=\"image.default\">\n\t\t\t\t<div class=\"elementor-widget-container\">\n\t\t\t\t\t\t\t\t\t\t\t\t\t\t\t<img fetchpriority=\"high\" decoding=\"async\" width=\"750\" height=\"750\" src=\"https:\/\/www.goldeneaglepetfoods.fi\/wp-content\/uploads\/2021\/10\/SP-Lamb-Rice-768x768.png\" class=\"attachment-medium_large size-medium_large wp-image-428\" alt=\"SP Lamb &amp; Rice\" srcset=\"https:\/\/www.goldeneaglepetfoods.fi\/wp-content\/uploads\/2021\/10\/SP-Lamb-Rice-768x768.png 768w, https:\/\/www.goldeneaglepetfoods.fi\/wp-content\/uploads\/2021\/10\/SP-Lamb-Rice-300x300.png 300w, https:\/\/www.goldeneaglepetfoods.fi\/wp-content\/uploads\/2021\/10\/SP-Lamb-Rice-1024x1024.png 1024w, https:\/\/www.goldeneaglepetfoods.fi\/wp-content\/uploads\/2021\/10\/SP-Lamb-Rice-150x150.png 150w, https:\/\/www.goldeneaglepetfoods.fi\/wp-content\/uploads\/2021\/10\/SP-Lamb-Rice.png 1080w\" sizes=\"(max-width: 750px) 100vw, 750px\" \/>\t\t\t\t\t\t\t\t\t\t\t\t\t\t\t<\/div>\n\t\t\t\t<\/div>\n\t\t\t\t<div class=\"elementor-element elementor-element-1524b67 elementor-align-center elementor-widget elementor-widget-button\" data-id=\"1524b67\" data-element_type=\"widget\" data-e-type=\"widget\" data-widget_type=\"button.default\">\n\t\t\t\t<div class=\"elementor-widget-container\">\n\t\t\t\t\t\t\t\t\t<div class=\"elementor-button-wrapper\">\n\t\t\t\t\t<a class=\"elementor-button elementor-button-link elementor-size-sm\" href=\"https:\/\/www.goldeneaglepetfoods.fi\/index.php\/koirille\/\">\n\t\t\t\t\t\t<span class=\"elementor-button-content-wrapper\">\n\t\t\t\t\t\t\t\t\t<span class=\"elementor-button-text\">Takaisin kaikkiin ruokiin<\/span>\n\t\t\t\t\t<\/span>\n\t\t\t\t\t<\/a>\n\t\t\t\t<\/div>\n\t\t\t\t\t\t\t\t<\/div>\n\t\t\t\t<\/div>\n\t\t\t\t\t<\/div>\n\t\t<\/div>\n\t\t\t\t\t<\/div>\n\t\t<\/section>\n\t\t\t\t<\/div>\n\t\t","protected":false},"excerpt":{"rendered":"<p>Super Premium Lamb &amp; Rice Golden Eagle Super Premium Lamb &amp; Rice \/ Large &amp; Giant Breed Puppy on aikuisille koirille sek\u00e4 ja suuri- ja j\u00e4ttil\u00e4isrotuisten pennuille suunniteltu lammas-riisi \u2013pohjainen koiranruoka. T\u00e4ysravinto sis\u00e4lt\u00e4\u00e4 valikoituja, korkealaatuisia proteiinin ja hiilihydraatin l\u00e4hteit\u00e4 ilman kemiallisia s\u00e4il\u00f6nt\u00e4-, maku- tai v\u00e4riaineita. Ruoan lihapitoisuus on yli 40 [&hellip;]<\/p>\n","protected":false},"author":2,"featured_media":428,"parent":77,"menu_order":0,"comment_status":"closed","ping_status":"closed","template":"page-templates\/template-pagebuilder-full-width.php","meta":{"footnotes":""},"class_list":["post-1232","page","type-page","status-publish","has-post-thumbnail","hentry"],"yoast_head":"<!-- This site is optimized with the Yoast SEO plugin v27.2 - https:\/\/yoast.com\/product\/yoast-seo-wordpress\/ -->\n<title>Golden Eagle Petfoods - Super Premium Lamb &amp; Rice<\/title>\n<meta name=\"description\" content=\"Aikuisille koirille sek\u00e4 ja suuri- ja j\u00e4ttil\u00e4isrotuisten pennuille suunniteltu lammas-riisi \u2013pohjainen koiranruoka.\" \/>\n<meta name=\"robots\" content=\"index, follow, max-snippet:-1, max-image-preview:large, max-video-preview:-1\" \/>\n<link rel=\"canonical\" href=\"https:\/\/www.goldeneaglepetfoods.fi\/index.php\/koirille\/super-premium-lamb-rice\/\" \/>\n<meta property=\"og:locale\" content=\"en_US\" \/>\n<meta property=\"og:type\" content=\"article\" \/>\n<meta property=\"og:title\" content=\"Golden Eagle Petfoods - Super Premium Lamb &amp; Rice\" \/>\n<meta property=\"og:description\" content=\"Aikuisille koirille sek\u00e4 ja suuri- ja j\u00e4ttil\u00e4isrotuisten pennuille suunniteltu lammas-riisi \u2013pohjainen koiranruoka.\" \/>\n<meta property=\"og:url\" content=\"https:\/\/www.goldeneaglepetfoods.fi\/index.php\/koirille\/super-premium-lamb-rice\/\" \/>\n<meta property=\"og:site_name\" content=\"Golden Eagle Petfoods\" \/>\n<meta property=\"article:modified_time\" content=\"2024-01-31T10:31:00+00:00\" \/>\n<meta property=\"og:image\" content=\"https:\/\/www.goldeneaglepetfoods.fi\/wp-content\/uploads\/2021\/10\/SP-Lamb-Rice.png\" \/>\n\t<meta property=\"og:image:width\" content=\"1080\" \/>\n\t<meta property=\"og:image:height\" content=\"1080\" \/>\n\t<meta property=\"og:image:type\" content=\"image\/png\" \/>\n<meta name=\"twitter:card\" content=\"summary_large_image\" \/>\n<meta name=\"twitter:label1\" content=\"Est. reading time\" \/>\n\t<meta name=\"twitter:data1\" content=\"3 minutes\" \/>\n<script type=\"application\/ld+json\" class=\"yoast-schema-graph\">{\"@context\":\"https:\/\/schema.org\",\"@graph\":[{\"@type\":\"WebPage\",\"@id\":\"https:\/\/www.goldeneaglepetfoods.fi\/index.php\/koirille\/super-premium-lamb-rice\/\",\"url\":\"https:\/\/www.goldeneaglepetfoods.fi\/index.php\/koirille\/super-premium-lamb-rice\/\",\"name\":\"Golden Eagle Petfoods - Super Premium Lamb & Rice\",\"isPartOf\":{\"@id\":\"https:\/\/www.goldeneaglepetfoods.fi\/#website\"},\"primaryImageOfPage\":{\"@id\":\"https:\/\/www.goldeneaglepetfoods.fi\/index.php\/koirille\/super-premium-lamb-rice\/#primaryimage\"},\"image\":{\"@id\":\"https:\/\/www.goldeneaglepetfoods.fi\/index.php\/koirille\/super-premium-lamb-rice\/#primaryimage\"},\"thumbnailUrl\":\"https:\/\/www.goldeneaglepetfoods.fi\/wp-content\/uploads\/2021\/10\/SP-Lamb-Rice.png\",\"datePublished\":\"2021-11-24T14:48:56+00:00\",\"dateModified\":\"2024-01-31T10:31:00+00:00\",\"description\":\"Aikuisille koirille sek\u00e4 ja suuri- ja j\u00e4ttil\u00e4isrotuisten pennuille suunniteltu lammas-riisi \u2013pohjainen koiranruoka.\",\"breadcrumb\":{\"@id\":\"https:\/\/www.goldeneaglepetfoods.fi\/index.php\/koirille\/super-premium-lamb-rice\/#breadcrumb\"},\"inLanguage\":\"en\",\"potentialAction\":[{\"@type\":\"ReadAction\",\"target\":[\"https:\/\/www.goldeneaglepetfoods.fi\/index.php\/koirille\/super-premium-lamb-rice\/\"]}]},{\"@type\":\"ImageObject\",\"inLanguage\":\"en\",\"@id\":\"https:\/\/www.goldeneaglepetfoods.fi\/index.php\/koirille\/super-premium-lamb-rice\/#primaryimage\",\"url\":\"https:\/\/www.goldeneaglepetfoods.fi\/wp-content\/uploads\/2021\/10\/SP-Lamb-Rice.png\",\"contentUrl\":\"https:\/\/www.goldeneaglepetfoods.fi\/wp-content\/uploads\/2021\/10\/SP-Lamb-Rice.png\",\"width\":1080,\"height\":1080,\"caption\":\"SP Lamb & Rice\"},{\"@type\":\"BreadcrumbList\",\"@id\":\"https:\/\/www.goldeneaglepetfoods.fi\/index.php\/koirille\/super-premium-lamb-rice\/#breadcrumb\",\"itemListElement\":[{\"@type\":\"ListItem\",\"position\":1,\"name\":\"Home\",\"item\":\"https:\/\/www.goldeneaglepetfoods.fi\/\"},{\"@type\":\"ListItem\",\"position\":2,\"name\":\"Koirille\",\"item\":\"https:\/\/www.goldeneaglepetfoods.fi\/index.php\/koirille\/\"},{\"@type\":\"ListItem\",\"position\":3,\"name\":\"Super Premium Lamb &#038; Rice\"}]},{\"@type\":\"WebSite\",\"@id\":\"https:\/\/www.goldeneaglepetfoods.fi\/#website\",\"url\":\"https:\/\/www.goldeneaglepetfoods.fi\/\",\"name\":\"Golden Eagle Petfoods\",\"description\":\"Rakastavin p&auml;&auml;t&ouml;s, jonka voit tehd&auml; lemmikkisi puolesta.\",\"publisher\":{\"@id\":\"https:\/\/www.goldeneaglepetfoods.fi\/#organization\"},\"potentialAction\":[{\"@type\":\"SearchAction\",\"target\":{\"@type\":\"EntryPoint\",\"urlTemplate\":\"https:\/\/www.goldeneaglepetfoods.fi\/?s={search_term_string}\"},\"query-input\":{\"@type\":\"PropertyValueSpecification\",\"valueRequired\":true,\"valueName\":\"search_term_string\"}}],\"inLanguage\":\"en\"},{\"@type\":\"Organization\",\"@id\":\"https:\/\/www.goldeneaglepetfoods.fi\/#organization\",\"name\":\"Golden Eagle Petfoods\",\"url\":\"https:\/\/www.goldeneaglepetfoods.fi\/\",\"logo\":{\"@type\":\"ImageObject\",\"inLanguage\":\"en\",\"@id\":\"https:\/\/www.goldeneaglepetfoods.fi\/#\/schema\/logo\/image\/\",\"url\":\"https:\/\/www.goldeneaglepetfoods.fi\/wp-content\/uploads\/2021\/10\/Nimeton-suunn.malli_-e1633439769385.png\",\"contentUrl\":\"https:\/\/www.goldeneaglepetfoods.fi\/wp-content\/uploads\/2021\/10\/Nimeton-suunn.malli_-e1633439769385.png\",\"width\":500,\"height\":180,\"caption\":\"Golden Eagle Petfoods\"},\"image\":{\"@id\":\"https:\/\/www.goldeneaglepetfoods.fi\/#\/schema\/logo\/image\/\"}}]}<\/script>\n<!-- \/ Yoast SEO plugin. -->","yoast_head_json":{"title":"Golden Eagle Petfoods - Super Premium Lamb & Rice","description":"Aikuisille koirille sek\u00e4 ja suuri- ja j\u00e4ttil\u00e4isrotuisten pennuille suunniteltu lammas-riisi \u2013pohjainen koiranruoka.","robots":{"index":"index","follow":"follow","max-snippet":"max-snippet:-1","max-image-preview":"max-image-preview:large","max-video-preview":"max-video-preview:-1"},"canonical":"https:\/\/www.goldeneaglepetfoods.fi\/index.php\/koirille\/super-premium-lamb-rice\/","og_locale":"en_US","og_type":"article","og_title":"Golden Eagle Petfoods - Super Premium Lamb & Rice","og_description":"Aikuisille koirille sek\u00e4 ja suuri- ja j\u00e4ttil\u00e4isrotuisten pennuille suunniteltu lammas-riisi \u2013pohjainen koiranruoka.","og_url":"https:\/\/www.goldeneaglepetfoods.fi\/index.php\/koirille\/super-premium-lamb-rice\/","og_site_name":"Golden Eagle Petfoods","article_modified_time":"2024-01-31T10:31:00+00:00","og_image":[{"width":1080,"height":1080,"url":"https:\/\/www.goldeneaglepetfoods.fi\/wp-content\/uploads\/2021\/10\/SP-Lamb-Rice.png","type":"image\/png"}],"twitter_card":"summary_large_image","twitter_misc":{"Est. reading time":"3 minutes"},"schema":{"@context":"https:\/\/schema.org","@graph":[{"@type":"WebPage","@id":"https:\/\/www.goldeneaglepetfoods.fi\/index.php\/koirille\/super-premium-lamb-rice\/","url":"https:\/\/www.goldeneaglepetfoods.fi\/index.php\/koirille\/super-premium-lamb-rice\/","name":"Golden Eagle Petfoods - Super Premium Lamb & Rice","isPartOf":{"@id":"https:\/\/www.goldeneaglepetfoods.fi\/#website"},"primaryImageOfPage":{"@id":"https:\/\/www.goldeneaglepetfoods.fi\/index.php\/koirille\/super-premium-lamb-rice\/#primaryimage"},"image":{"@id":"https:\/\/www.goldeneaglepetfoods.fi\/index.php\/koirille\/super-premium-lamb-rice\/#primaryimage"},"thumbnailUrl":"https:\/\/www.goldeneaglepetfoods.fi\/wp-content\/uploads\/2021\/10\/SP-Lamb-Rice.png","datePublished":"2021-11-24T14:48:56+00:00","dateModified":"2024-01-31T10:31:00+00:00","description":"Aikuisille koirille sek\u00e4 ja suuri- ja j\u00e4ttil\u00e4isrotuisten pennuille suunniteltu lammas-riisi \u2013pohjainen koiranruoka.","breadcrumb":{"@id":"https:\/\/www.goldeneaglepetfoods.fi\/index.php\/koirille\/super-premium-lamb-rice\/#breadcrumb"},"inLanguage":"en","potentialAction":[{"@type":"ReadAction","target":["https:\/\/www.goldeneaglepetfoods.fi\/index.php\/koirille\/super-premium-lamb-rice\/"]}]},{"@type":"ImageObject","inLanguage":"en","@id":"https:\/\/www.goldeneaglepetfoods.fi\/index.php\/koirille\/super-premium-lamb-rice\/#primaryimage","url":"https:\/\/www.goldeneaglepetfoods.fi\/wp-content\/uploads\/2021\/10\/SP-Lamb-Rice.png","contentUrl":"https:\/\/www.goldeneaglepetfoods.fi\/wp-content\/uploads\/2021\/10\/SP-Lamb-Rice.png","width":1080,"height":1080,"caption":"SP Lamb & Rice"},{"@type":"BreadcrumbList","@id":"https:\/\/www.goldeneaglepetfoods.fi\/index.php\/koirille\/super-premium-lamb-rice\/#breadcrumb","itemListElement":[{"@type":"ListItem","position":1,"name":"Home","item":"https:\/\/www.goldeneaglepetfoods.fi\/"},{"@type":"ListItem","position":2,"name":"Koirille","item":"https:\/\/www.goldeneaglepetfoods.fi\/index.php\/koirille\/"},{"@type":"ListItem","position":3,"name":"Super Premium Lamb &#038; Rice"}]},{"@type":"WebSite","@id":"https:\/\/www.goldeneaglepetfoods.fi\/#website","url":"https:\/\/www.goldeneaglepetfoods.fi\/","name":"Golden Eagle Petfoods","description":"Rakastavin p&auml;&auml;t&ouml;s, jonka voit tehd&auml; lemmikkisi puolesta.","publisher":{"@id":"https:\/\/www.goldeneaglepetfoods.fi\/#organization"},"potentialAction":[{"@type":"SearchAction","target":{"@type":"EntryPoint","urlTemplate":"https:\/\/www.goldeneaglepetfoods.fi\/?s={search_term_string}"},"query-input":{"@type":"PropertyValueSpecification","valueRequired":true,"valueName":"search_term_string"}}],"inLanguage":"en"},{"@type":"Organization","@id":"https:\/\/www.goldeneaglepetfoods.fi\/#organization","name":"Golden Eagle Petfoods","url":"https:\/\/www.goldeneaglepetfoods.fi\/","logo":{"@type":"ImageObject","inLanguage":"en","@id":"https:\/\/www.goldeneaglepetfoods.fi\/#\/schema\/logo\/image\/","url":"https:\/\/www.goldeneaglepetfoods.fi\/wp-content\/uploads\/2021\/10\/Nimeton-suunn.malli_-e1633439769385.png","contentUrl":"https:\/\/www.goldeneaglepetfoods.fi\/wp-content\/uploads\/2021\/10\/Nimeton-suunn.malli_-e1633439769385.png","width":500,"height":180,"caption":"Golden Eagle Petfoods"},"image":{"@id":"https:\/\/www.goldeneaglepetfoods.fi\/#\/schema\/logo\/image\/"}}]}},"_links":{"self":[{"href":"https:\/\/www.goldeneaglepetfoods.fi\/index.php\/wp-json\/wp\/v2\/pages\/1232","targetHints":{"allow":["GET"]}}],"collection":[{"href":"https:\/\/www.goldeneaglepetfoods.fi\/index.php\/wp-json\/wp\/v2\/pages"}],"about":[{"href":"https:\/\/www.goldeneaglepetfoods.fi\/index.php\/wp-json\/wp\/v2\/types\/page"}],"author":[{"embeddable":true,"href":"https:\/\/www.goldeneaglepetfoods.fi\/index.php\/wp-json\/wp\/v2\/users\/2"}],"replies":[{"embeddable":true,"href":"https:\/\/www.goldeneaglepetfoods.fi\/index.php\/wp-json\/wp\/v2\/comments?post=1232"}],"version-history":[{"count":19,"href":"https:\/\/www.goldeneaglepetfoods.fi\/index.php\/wp-json\/wp\/v2\/pages\/1232\/revisions"}],"predecessor-version":[{"id":2681,"href":"https:\/\/www.goldeneaglepetfoods.fi\/index.php\/wp-json\/wp\/v2\/pages\/1232\/revisions\/2681"}],"up":[{"embeddable":true,"href":"https:\/\/www.goldeneaglepetfoods.fi\/index.php\/wp-json\/wp\/v2\/pages\/77"}],"wp:featuredmedia":[{"embeddable":true,"href":"https:\/\/www.goldeneaglepetfoods.fi\/index.php\/wp-json\/wp\/v2\/media\/428"}],"wp:attachment":[{"href":"https:\/\/www.goldeneaglepetfoods.fi\/index.php\/wp-json\/wp\/v2\/media?parent=1232"}],"curies":[{"name":"wp","href":"https:\/\/api.w.org\/{rel}","templated":true}]}}