{"id":1193,"date":"2021-11-24T14:05:03","date_gmt":"2021-11-24T14:05:03","guid":{"rendered":"https:\/\/www.goldeneaglepetfoods.fi\/?page_id=1193"},"modified":"2026-02-05T08:37:36","modified_gmt":"2026-02-05T08:37:36","slug":"hypo-allergenic-lamb-rice","status":"publish","type":"page","link":"https:\/\/www.goldeneaglepetfoods.fi\/index.php\/koirille\/hypo-allergenic-lamb-rice\/","title":{"rendered":"Hypo-allergenic Lamb &#038; Rice"},"content":{"rendered":"\t\t<div data-elementor-type=\"wp-page\" data-elementor-id=\"1193\" class=\"elementor elementor-1193\" data-elementor-post-type=\"page\">\n\t\t\t\t\t\t<section class=\"elementor-section elementor-top-section elementor-element elementor-element-aea3287 elementor-section-full_width elementor-section-height-min-height elementor-section-height-default elementor-section-items-middle\" data-id=\"aea3287\" data-element_type=\"section\" data-e-type=\"section\">\n\t\t\t\t\t\t<div class=\"elementor-container elementor-column-gap-default\">\n\t\t\t\t\t<div class=\"elementor-column elementor-col-100 elementor-top-column elementor-element elementor-element-359212d\" data-id=\"359212d\" data-element_type=\"column\" data-e-type=\"column\">\n\t\t\t<div class=\"elementor-widget-wrap elementor-element-populated\">\n\t\t\t\t\t\t<div class=\"elementor-element elementor-element-08e41a0 elementor-widget elementor-widget-heading\" data-id=\"08e41a0\" data-element_type=\"widget\" data-e-type=\"widget\" data-widget_type=\"heading.default\">\n\t\t\t\t<div class=\"elementor-widget-container\">\n\t\t\t\t\t<h1 class=\"elementor-heading-title elementor-size-default\">Hypo-Allergenic Lamb &amp; Rice<\/h1>\t\t\t\t<\/div>\n\t\t\t\t<\/div>\n\t\t\t\t\t<\/div>\n\t\t<\/div>\n\t\t\t\t\t<\/div>\n\t\t<\/section>\n\t\t\t\t<section class=\"elementor-section elementor-top-section elementor-element elementor-element-7fba9a6 elementor-section-boxed elementor-section-height-default elementor-section-height-default\" data-id=\"7fba9a6\" data-element_type=\"section\" data-e-type=\"section\" data-settings=\"{&quot;background_background&quot;:&quot;classic&quot;}\">\n\t\t\t\t\t\t<div class=\"elementor-container elementor-column-gap-default\">\n\t\t\t\t\t<div class=\"elementor-column elementor-col-50 elementor-top-column elementor-element elementor-element-b5a2cf9\" data-id=\"b5a2cf9\" data-element_type=\"column\" data-e-type=\"column\">\n\t\t\t<div class=\"elementor-widget-wrap elementor-element-populated\">\n\t\t\t\t\t\t<div class=\"elementor-element elementor-element-4688f5e elementor-widget elementor-widget-text-editor\" data-id=\"4688f5e\" data-element_type=\"widget\" data-e-type=\"widget\" data-widget_type=\"text-editor.default\">\n\t\t\t\t<div class=\"elementor-widget-container\">\n\t\t\t\t\t\t\t\t\t<p><strong>Golden Eagle Hypo-Allergenic Lamb &amp; Rice<\/strong> on kehitetty koirille jotka k\u00e4rsiv\u00e4t allergiaoireista ja ruoka-aine-herkkyyksist\u00e4. Suositellaan my\u00f6s koirille jotka k\u00e4rsiv\u00e4t suolistoh\u00e4iri\u00f6ist\u00e4, kuten hiivatulehduksista, ripulista tai paksusuolentulehduksesta.<\/p><p>Golden Eagle Hypo-Allergenic -koiranruokasarja tukee koiran aineenvaihduntaa puhtaalla ja luonnollisella t\u00e4ysravinnolla, joka vastaa erilaisiin ravintovaatimuksiin. Viljaton koostumus, josta on karsittu yleisesti allergiaa aiheuttavat raaka-aineet sopivat monille ruoka-aineyliherkille koirille.<\/p><p>Ravintoaineilla on merkitt\u00e4v\u00e4 osuus terveyden yll\u00e4pit\u00e4misess\u00e4 ja sairauksien puhkeamisen ennaltaehk\u00e4isyss\u00e4. Tieteellisiss\u00e4 julkaisuissa on todettu, ett\u00e4 prebiootit, probiootit ja rasvahapot, kuten EPA ja DHA, sek\u00e4 funktionaaliset ravintoaineet suojaavat lemmikki\u00e4 ja tukevat kokonaisvaltaista terveytt\u00e4.<\/p><p>Jotkut sairaudet voivat kehitty\u00e4 perinn\u00f6llisyyden taipumuksen lis\u00e4ksi el\u00e4m\u00e4n aikana johtuen t\u00e4rkeiden ravintoaineiden puutteesta. T\u00e4llaisia sairauksia ovat mm. epilepsia, autoimmuunisairaudet, diabetes ja syd\u00e4nsairaudet. Ruokavalio ei paranna perinn\u00f6llisi\u00e4 sairauksia, mutta aineenvaihduntaa voi tukea terveellisill\u00e4 ravintoaineilla, parantaa el\u00e4m\u00e4nlaatua ja pident\u00e4\u00e4 elinik\u00e4\u00e4.<\/p><p>Sis\u00e4lt\u00e4\u00e4 ainutlaatuiset holistiset pre- ja probiootti lis\u00e4ravinteet BioHealth\u2122 and LactoHealth\u2122.<\/p>\t\t\t\t\t\t\t\t<\/div>\n\t\t\t\t<\/div>\n\t\t\t\t<div class=\"elementor-element elementor-element-61d4f96 elementor-widget elementor-widget-accordion\" data-id=\"61d4f96\" data-element_type=\"widget\" data-e-type=\"widget\" data-widget_type=\"accordion.default\">\n\t\t\t\t<div class=\"elementor-widget-container\">\n\t\t\t\t\t\t\t<div class=\"elementor-accordion\">\n\t\t\t\t\t\t\t<div class=\"elementor-accordion-item\">\n\t\t\t\t\t<div id=\"elementor-tab-title-1021\" class=\"elementor-tab-title\" data-tab=\"1\" role=\"button\" aria-controls=\"elementor-tab-content-1021\" aria-expanded=\"false\">\n\t\t\t\t\t\t\t\t\t\t\t\t\t<span class=\"elementor-accordion-icon elementor-accordion-icon-left\" aria-hidden=\"true\">\n\t\t\t\t\t\t\t\t\t\t\t\t\t\t\t<span class=\"elementor-accordion-icon-closed\"><i class=\"fas fa-chevron-down\"><\/i><\/span>\n\t\t\t\t\t\t\t\t<span class=\"elementor-accordion-icon-opened\"><i class=\"fas fa-paw\"><\/i><\/span>\n\t\t\t\t\t\t\t\t\t\t\t\t\t\t<\/span>\n\t\t\t\t\t\t\t\t\t\t\t\t<a class=\"elementor-accordion-title\" tabindex=\"0\">Ravinnon l\u00e4hteet<\/a>\n\t\t\t\t\t<\/div>\n\t\t\t\t\t<div id=\"elementor-tab-content-1021\" class=\"elementor-tab-content elementor-clearfix\" data-tab=\"1\" role=\"region\" aria-labelledby=\"elementor-tab-title-1021\"><ul><li>Ei kananmunaa, kanaa, porsasta eik\u00e4 nautaa.<\/li><li>Ei maitotuotteita<\/li><li>Ei lis\u00e4ttyj\u00e4 v\u00e4ri- tai makuaineita, kemiallisia s\u00e4il\u00f6nt\u00e4aineita<\/li><li>T\u00e4ysin luonnollinen<\/li><li>Sis\u00e4lt\u00e4\u00e4 prebiootteja (MOS ja FOS)<\/li><li>Sis\u00e4lt\u00e4\u00e4 todistetusti tehokkaita probiootteja<\/li><li>Lis\u00e4tty L-karnitiinia ja betakaroteenia tukemaan aineenvaihduntaa.<\/li><\/ul><\/div>\n\t\t\t\t<\/div>\n\t\t\t\t\t\t\t<div class=\"elementor-accordion-item\">\n\t\t\t\t\t<div id=\"elementor-tab-title-1022\" class=\"elementor-tab-title\" data-tab=\"2\" role=\"button\" aria-controls=\"elementor-tab-content-1022\" aria-expanded=\"false\">\n\t\t\t\t\t\t\t\t\t\t\t\t\t<span class=\"elementor-accordion-icon elementor-accordion-icon-left\" aria-hidden=\"true\">\n\t\t\t\t\t\t\t\t\t\t\t\t\t\t\t<span class=\"elementor-accordion-icon-closed\"><i class=\"fas fa-chevron-down\"><\/i><\/span>\n\t\t\t\t\t\t\t\t<span class=\"elementor-accordion-icon-opened\"><i class=\"fas fa-paw\"><\/i><\/span>\n\t\t\t\t\t\t\t\t\t\t\t\t\t\t<\/span>\n\t\t\t\t\t\t\t\t\t\t\t\t<a class=\"elementor-accordion-title\" tabindex=\"0\">Ravintosis\u00e4lt\u00f6<\/a>\n\t\t\t\t\t<\/div>\n\t\t\t\t\t<div id=\"elementor-tab-content-1022\" class=\"elementor-tab-content elementor-clearfix\" data-tab=\"2\" role=\"region\" aria-labelledby=\"elementor-tab-title-1022\"><div class=\"dropdown-content\"><p><span>Lammas (&gt;29%), ruskea riisi (&gt;14%), valkoinen riisi (&gt;13%), lampaanrasva (&gt;12%) (s\u00e4il\u00f6nt\u00e4 vitamiineilla), sokerijuurikasmassa (9&gt;%), pellavansiemen (2&gt;%) ), panimohiiva (2&gt;%), lampaanmaksakastike (2&gt;%), rakkolev\u00e4 (&gt;1%), L&#8217;karnitiini (&gt;1%), yucca (&gt;1%), prebiootit (&gt;1%), probiootit (&gt; 1 %). Mineraalit ja vitamiinit. Sis\u00e4lt\u00e4\u00e4 erityisen terveellisi\u00e4 luonnollisia ja kokonaisvaltaisia \u200b\u200blis\u00e4ravinteita BioHealth\u00ae ja LactoHealth\u00ae. <\/span><\/p><\/div><\/div>\n\t\t\t\t<\/div>\n\t\t\t\t\t\t\t<div class=\"elementor-accordion-item\">\n\t\t\t\t\t<div id=\"elementor-tab-title-1023\" class=\"elementor-tab-title\" data-tab=\"3\" role=\"button\" aria-controls=\"elementor-tab-content-1023\" aria-expanded=\"false\">\n\t\t\t\t\t\t\t\t\t\t\t\t\t<span class=\"elementor-accordion-icon elementor-accordion-icon-left\" aria-hidden=\"true\">\n\t\t\t\t\t\t\t\t\t\t\t\t\t\t\t<span class=\"elementor-accordion-icon-closed\"><i class=\"fas fa-chevron-down\"><\/i><\/span>\n\t\t\t\t\t\t\t\t<span class=\"elementor-accordion-icon-opened\"><i class=\"fas fa-paw\"><\/i><\/span>\n\t\t\t\t\t\t\t\t\t\t\t\t\t\t<\/span>\n\t\t\t\t\t\t\t\t\t\t\t\t<a class=\"elementor-accordion-title\" tabindex=\"0\">Ravintotiedot<\/a>\n\t\t\t\t\t<\/div>\n\t\t\t\t\t<div id=\"elementor-tab-content-1023\" class=\"elementor-tab-content elementor-clearfix\" data-tab=\"3\" role=\"region\" aria-labelledby=\"elementor-tab-title-1023\"><div class=\"dropdown-content\">Valkuainen 23 %<\/div><div class=\"dropdown-content\">Rasva 12 %<\/div><div class=\"dropdown-content\">Kuitu 3,50 %<\/div><div class=\"dropdown-content\">Tuhka 10,50 %<\/div><div>Kosteus 8 %<\/div><\/div>\n\t\t\t\t<\/div>\n\t\t\t\t\t\t\t<div class=\"elementor-accordion-item\">\n\t\t\t\t\t<div id=\"elementor-tab-title-1024\" class=\"elementor-tab-title\" data-tab=\"4\" role=\"button\" aria-controls=\"elementor-tab-content-1024\" aria-expanded=\"false\">\n\t\t\t\t\t\t\t\t\t\t\t\t\t<span class=\"elementor-accordion-icon elementor-accordion-icon-left\" aria-hidden=\"true\">\n\t\t\t\t\t\t\t\t\t\t\t\t\t\t\t<span class=\"elementor-accordion-icon-closed\"><i class=\"fas fa-chevron-down\"><\/i><\/span>\n\t\t\t\t\t\t\t\t<span class=\"elementor-accordion-icon-opened\"><i class=\"fas fa-paw\"><\/i><\/span>\n\t\t\t\t\t\t\t\t\t\t\t\t\t\t<\/span>\n\t\t\t\t\t\t\t\t\t\t\t\t<a class=\"elementor-accordion-title\" tabindex=\"0\">Vitamiinit ja hivenaineet<\/a>\n\t\t\t\t\t<\/div>\n\t\t\t\t\t<div id=\"elementor-tab-content-1024\" class=\"elementor-tab-content elementor-clearfix\" data-tab=\"4\" role=\"region\" aria-labelledby=\"elementor-tab-title-1024\"><div>A-vitamiini 22.000 iu\/kg<\/div><div>D3- vitamiini 2.000 iu\/kg<\/div><div>E-vitamiini 269 iu\/kg<br \/>Kupari 15 mg\/kg<\/div><div>Rauta 96 mg\/kg<\/div><div>Sinkki 154 mg\/kg<\/div><div><div>Kalkki 2,30 %<\/div><div>Fosfori 1,40 %<\/div><div>Omega-6 0,80 %<\/div><div>Omega-3 0,60 %<\/div><p><\/p><\/div><\/div>\n\t\t\t\t<\/div>\n\t\t\t\t\t\t\t\t<\/div>\n\t\t\t\t\t\t<\/div>\n\t\t\t\t<\/div>\n\t\t\t\t\t<\/div>\n\t\t<\/div>\n\t\t\t\t<div class=\"elementor-column elementor-col-50 elementor-top-column elementor-element elementor-element-50be3f5\" data-id=\"50be3f5\" data-element_type=\"column\" data-e-type=\"column\" data-settings=\"{&quot;background_background&quot;:&quot;classic&quot;}\">\n\t\t\t<div class=\"elementor-widget-wrap elementor-element-populated\">\n\t\t\t\t\t\t<div class=\"elementor-element elementor-element-bbcd91d elementor-widget elementor-widget-image\" data-id=\"bbcd91d\" data-element_type=\"widget\" data-e-type=\"widget\" data-widget_type=\"image.default\">\n\t\t\t\t<div class=\"elementor-widget-container\">\n\t\t\t\t\t\t\t\t\t\t\t\t\t\t\t<img fetchpriority=\"high\" decoding=\"async\" width=\"750\" height=\"1043\" src=\"https:\/\/www.goldeneaglepetfoods.fi\/wp-content\/uploads\/2025\/06\/Hypo-lamb-10kg-768x1068.jpg\" class=\"attachment-medium_large size-medium_large wp-image-2986\" alt=\"\" srcset=\"https:\/\/www.goldeneaglepetfoods.fi\/wp-content\/uploads\/2025\/06\/Hypo-lamb-10kg-768x1068.jpg 768w, https:\/\/www.goldeneaglepetfoods.fi\/wp-content\/uploads\/2025\/06\/Hypo-lamb-10kg-216x300.jpg 216w, https:\/\/www.goldeneaglepetfoods.fi\/wp-content\/uploads\/2025\/06\/Hypo-lamb-10kg-736x1024.jpg 736w, https:\/\/www.goldeneaglepetfoods.fi\/wp-content\/uploads\/2025\/06\/Hypo-lamb-10kg.jpg 946w\" sizes=\"(max-width: 750px) 100vw, 750px\" \/>\t\t\t\t\t\t\t\t\t\t\t\t\t\t\t<\/div>\n\t\t\t\t<\/div>\n\t\t\t\t<div class=\"elementor-element elementor-element-1524b67 elementor-align-center elementor-widget elementor-widget-button\" data-id=\"1524b67\" data-element_type=\"widget\" data-e-type=\"widget\" data-widget_type=\"button.default\">\n\t\t\t\t<div class=\"elementor-widget-container\">\n\t\t\t\t\t\t\t\t\t<div class=\"elementor-button-wrapper\">\n\t\t\t\t\t<a class=\"elementor-button elementor-button-link elementor-size-sm\" href=\"https:\/\/www.goldeneaglepetfoods.fi\/index.php\/koirille\/\">\n\t\t\t\t\t\t<span class=\"elementor-button-content-wrapper\">\n\t\t\t\t\t\t\t\t\t<span class=\"elementor-button-text\">Takaisin kaikkiin ruokiin<\/span>\n\t\t\t\t\t<\/span>\n\t\t\t\t\t<\/a>\n\t\t\t\t<\/div>\n\t\t\t\t\t\t\t\t<\/div>\n\t\t\t\t<\/div>\n\t\t\t\t<div class=\"elementor-element elementor-element-6b09bc2 elementor-align-center elementor-widget elementor-widget-button\" data-id=\"6b09bc2\" data-element_type=\"widget\" data-e-type=\"widget\" data-widget_type=\"button.default\">\n\t\t\t\t<div class=\"elementor-widget-container\">\n\t\t\t\t\t\t\t\t\t<div class=\"elementor-button-wrapper\">\n\t\t\t\t\t<a class=\"elementor-button elementor-button-link elementor-size-sm\" href=\"https:\/\/www.bestpet.fi\/product\/538\/golden-eagle-hypo-allergenic-lamb--rice\">\n\t\t\t\t\t\t<span class=\"elementor-button-content-wrapper\">\n\t\t\t\t\t\t\t\t\t<span class=\"elementor-button-text\">Osta<\/span>\n\t\t\t\t\t<\/span>\n\t\t\t\t\t<\/a>\n\t\t\t\t<\/div>\n\t\t\t\t\t\t\t\t<\/div>\n\t\t\t\t<\/div>\n\t\t\t\t\t<\/div>\n\t\t<\/div>\n\t\t\t\t\t<\/div>\n\t\t<\/section>\n\t\t\t\t<\/div>\n\t\t","protected":false},"excerpt":{"rendered":"<p>Hypo-Allergenic Lamb &amp; Rice Golden Eagle Hypo-Allergenic Lamb &amp; Rice on kehitetty koirille jotka k\u00e4rsiv\u00e4t allergiaoireista ja ruoka-aine-herkkyyksist\u00e4. Suositellaan my\u00f6s koirille jotka k\u00e4rsiv\u00e4t suolistoh\u00e4iri\u00f6ist\u00e4, kuten hiivatulehduksista, ripulista tai paksusuolentulehduksesta. Golden Eagle Hypo-Allergenic -koiranruokasarja tukee koiran aineenvaihduntaa puhtaalla ja luonnollisella t\u00e4ysravinnolla, joka vastaa erilaisiin ravintovaatimuksiin. Viljaton koostumus, josta on karsittu yleisesti [&hellip;]<\/p>\n","protected":false},"author":2,"featured_media":417,"parent":77,"menu_order":0,"comment_status":"closed","ping_status":"closed","template":"page-templates\/template-pagebuilder-full-width.php","meta":{"footnotes":""},"class_list":["post-1193","page","type-page","status-publish","has-post-thumbnail","hentry"],"yoast_head":"<!-- This site is optimized with the Yoast SEO plugin v27.2 - https:\/\/yoast.com\/product\/yoast-seo-wordpress\/ -->\n<title>Golden Eagle Petfoods - Hypo-allergenic Lamb &amp; Rice<\/title>\n<meta name=\"description\" content=\"Golden Eagle Hypo-allergenic Lamb &amp; Rice on kehitetty koirille jotka k\u00e4rsiv\u00e4t allergiaoireista ja ruoka-aine-herkkyyksist\u00e4.\" \/>\n<meta name=\"robots\" content=\"index, follow, max-snippet:-1, max-image-preview:large, max-video-preview:-1\" \/>\n<link rel=\"canonical\" href=\"https:\/\/www.goldeneaglepetfoods.fi\/index.php\/koirille\/hypo-allergenic-lamb-rice\/\" \/>\n<meta property=\"og:locale\" content=\"en_US\" \/>\n<meta property=\"og:type\" content=\"article\" \/>\n<meta property=\"og:title\" content=\"Golden Eagle Petfoods - Hypo-allergenic Lamb &amp; Rice\" \/>\n<meta property=\"og:description\" content=\"Golden Eagle Hypo-allergenic Lamb &amp; Rice on kehitetty koirille jotka k\u00e4rsiv\u00e4t allergiaoireista ja ruoka-aine-herkkyyksist\u00e4.\" \/>\n<meta property=\"og:url\" content=\"https:\/\/www.goldeneaglepetfoods.fi\/index.php\/koirille\/hypo-allergenic-lamb-rice\/\" \/>\n<meta property=\"og:site_name\" content=\"Golden Eagle Petfoods\" \/>\n<meta property=\"article:modified_time\" content=\"2026-02-05T08:37:36+00:00\" \/>\n<meta property=\"og:image\" content=\"https:\/\/www.goldeneaglepetfoods.fi\/wp-content\/uploads\/2021\/10\/Hypo-Allergenic-Lamb-2kg-pussi.png\" \/>\n\t<meta property=\"og:image:width\" content=\"1080\" \/>\n\t<meta property=\"og:image:height\" content=\"1080\" \/>\n\t<meta property=\"og:image:type\" content=\"image\/png\" \/>\n<meta name=\"twitter:card\" content=\"summary_large_image\" \/>\n<meta name=\"twitter:label1\" content=\"Est. reading time\" \/>\n\t<meta name=\"twitter:data1\" content=\"2 minutes\" \/>\n<script type=\"application\/ld+json\" class=\"yoast-schema-graph\">{\"@context\":\"https:\/\/schema.org\",\"@graph\":[{\"@type\":\"WebPage\",\"@id\":\"https:\/\/www.goldeneaglepetfoods.fi\/index.php\/koirille\/hypo-allergenic-lamb-rice\/\",\"url\":\"https:\/\/www.goldeneaglepetfoods.fi\/index.php\/koirille\/hypo-allergenic-lamb-rice\/\",\"name\":\"Golden Eagle Petfoods - Hypo-allergenic Lamb & Rice\",\"isPartOf\":{\"@id\":\"https:\/\/www.goldeneaglepetfoods.fi\/#website\"},\"primaryImageOfPage\":{\"@id\":\"https:\/\/www.goldeneaglepetfoods.fi\/index.php\/koirille\/hypo-allergenic-lamb-rice\/#primaryimage\"},\"image\":{\"@id\":\"https:\/\/www.goldeneaglepetfoods.fi\/index.php\/koirille\/hypo-allergenic-lamb-rice\/#primaryimage\"},\"thumbnailUrl\":\"https:\/\/www.goldeneaglepetfoods.fi\/wp-content\/uploads\/2021\/10\/Hypo-Allergenic-Lamb-2kg-pussi.png\",\"datePublished\":\"2021-11-24T14:05:03+00:00\",\"dateModified\":\"2026-02-05T08:37:36+00:00\",\"description\":\"Golden Eagle Hypo-allergenic Lamb & Rice on kehitetty koirille jotka k\u00e4rsiv\u00e4t allergiaoireista ja ruoka-aine-herkkyyksist\u00e4.\",\"breadcrumb\":{\"@id\":\"https:\/\/www.goldeneaglepetfoods.fi\/index.php\/koirille\/hypo-allergenic-lamb-rice\/#breadcrumb\"},\"inLanguage\":\"en\",\"potentialAction\":[{\"@type\":\"ReadAction\",\"target\":[\"https:\/\/www.goldeneaglepetfoods.fi\/index.php\/koirille\/hypo-allergenic-lamb-rice\/\"]}]},{\"@type\":\"ImageObject\",\"inLanguage\":\"en\",\"@id\":\"https:\/\/www.goldeneaglepetfoods.fi\/index.php\/koirille\/hypo-allergenic-lamb-rice\/#primaryimage\",\"url\":\"https:\/\/www.goldeneaglepetfoods.fi\/wp-content\/uploads\/2021\/10\/Hypo-Allergenic-Lamb-2kg-pussi.png\",\"contentUrl\":\"https:\/\/www.goldeneaglepetfoods.fi\/wp-content\/uploads\/2021\/10\/Hypo-Allergenic-Lamb-2kg-pussi.png\",\"width\":1080,\"height\":1080,\"caption\":\"Hypo-Allergenic Lamb 2kg pussi\"},{\"@type\":\"BreadcrumbList\",\"@id\":\"https:\/\/www.goldeneaglepetfoods.fi\/index.php\/koirille\/hypo-allergenic-lamb-rice\/#breadcrumb\",\"itemListElement\":[{\"@type\":\"ListItem\",\"position\":1,\"name\":\"Home\",\"item\":\"https:\/\/www.goldeneaglepetfoods.fi\/\"},{\"@type\":\"ListItem\",\"position\":2,\"name\":\"Koirille\",\"item\":\"https:\/\/www.goldeneaglepetfoods.fi\/index.php\/koirille\/\"},{\"@type\":\"ListItem\",\"position\":3,\"name\":\"Hypo-allergenic Lamb &#038; Rice\"}]},{\"@type\":\"WebSite\",\"@id\":\"https:\/\/www.goldeneaglepetfoods.fi\/#website\",\"url\":\"https:\/\/www.goldeneaglepetfoods.fi\/\",\"name\":\"Golden Eagle Petfoods\",\"description\":\"Rakastavin p&auml;&auml;t&ouml;s, jonka voit tehd&auml; lemmikkisi puolesta.\",\"publisher\":{\"@id\":\"https:\/\/www.goldeneaglepetfoods.fi\/#organization\"},\"potentialAction\":[{\"@type\":\"SearchAction\",\"target\":{\"@type\":\"EntryPoint\",\"urlTemplate\":\"https:\/\/www.goldeneaglepetfoods.fi\/?s={search_term_string}\"},\"query-input\":{\"@type\":\"PropertyValueSpecification\",\"valueRequired\":true,\"valueName\":\"search_term_string\"}}],\"inLanguage\":\"en\"},{\"@type\":\"Organization\",\"@id\":\"https:\/\/www.goldeneaglepetfoods.fi\/#organization\",\"name\":\"Golden Eagle Petfoods\",\"url\":\"https:\/\/www.goldeneaglepetfoods.fi\/\",\"logo\":{\"@type\":\"ImageObject\",\"inLanguage\":\"en\",\"@id\":\"https:\/\/www.goldeneaglepetfoods.fi\/#\/schema\/logo\/image\/\",\"url\":\"https:\/\/www.goldeneaglepetfoods.fi\/wp-content\/uploads\/2021\/10\/Nimeton-suunn.malli_-e1633439769385.png\",\"contentUrl\":\"https:\/\/www.goldeneaglepetfoods.fi\/wp-content\/uploads\/2021\/10\/Nimeton-suunn.malli_-e1633439769385.png\",\"width\":500,\"height\":180,\"caption\":\"Golden Eagle Petfoods\"},\"image\":{\"@id\":\"https:\/\/www.goldeneaglepetfoods.fi\/#\/schema\/logo\/image\/\"}}]}<\/script>\n<!-- \/ Yoast SEO plugin. -->","yoast_head_json":{"title":"Golden Eagle Petfoods - Hypo-allergenic Lamb & Rice","description":"Golden Eagle Hypo-allergenic Lamb & Rice on kehitetty koirille jotka k\u00e4rsiv\u00e4t allergiaoireista ja ruoka-aine-herkkyyksist\u00e4.","robots":{"index":"index","follow":"follow","max-snippet":"max-snippet:-1","max-image-preview":"max-image-preview:large","max-video-preview":"max-video-preview:-1"},"canonical":"https:\/\/www.goldeneaglepetfoods.fi\/index.php\/koirille\/hypo-allergenic-lamb-rice\/","og_locale":"en_US","og_type":"article","og_title":"Golden Eagle Petfoods - Hypo-allergenic Lamb & Rice","og_description":"Golden Eagle Hypo-allergenic Lamb & Rice on kehitetty koirille jotka k\u00e4rsiv\u00e4t allergiaoireista ja ruoka-aine-herkkyyksist\u00e4.","og_url":"https:\/\/www.goldeneaglepetfoods.fi\/index.php\/koirille\/hypo-allergenic-lamb-rice\/","og_site_name":"Golden Eagle Petfoods","article_modified_time":"2026-02-05T08:37:36+00:00","og_image":[{"width":1080,"height":1080,"url":"https:\/\/www.goldeneaglepetfoods.fi\/wp-content\/uploads\/2021\/10\/Hypo-Allergenic-Lamb-2kg-pussi.png","type":"image\/png"}],"twitter_card":"summary_large_image","twitter_misc":{"Est. reading time":"2 minutes"},"schema":{"@context":"https:\/\/schema.org","@graph":[{"@type":"WebPage","@id":"https:\/\/www.goldeneaglepetfoods.fi\/index.php\/koirille\/hypo-allergenic-lamb-rice\/","url":"https:\/\/www.goldeneaglepetfoods.fi\/index.php\/koirille\/hypo-allergenic-lamb-rice\/","name":"Golden Eagle Petfoods - Hypo-allergenic Lamb & Rice","isPartOf":{"@id":"https:\/\/www.goldeneaglepetfoods.fi\/#website"},"primaryImageOfPage":{"@id":"https:\/\/www.goldeneaglepetfoods.fi\/index.php\/koirille\/hypo-allergenic-lamb-rice\/#primaryimage"},"image":{"@id":"https:\/\/www.goldeneaglepetfoods.fi\/index.php\/koirille\/hypo-allergenic-lamb-rice\/#primaryimage"},"thumbnailUrl":"https:\/\/www.goldeneaglepetfoods.fi\/wp-content\/uploads\/2021\/10\/Hypo-Allergenic-Lamb-2kg-pussi.png","datePublished":"2021-11-24T14:05:03+00:00","dateModified":"2026-02-05T08:37:36+00:00","description":"Golden Eagle Hypo-allergenic Lamb & Rice on kehitetty koirille jotka k\u00e4rsiv\u00e4t allergiaoireista ja ruoka-aine-herkkyyksist\u00e4.","breadcrumb":{"@id":"https:\/\/www.goldeneaglepetfoods.fi\/index.php\/koirille\/hypo-allergenic-lamb-rice\/#breadcrumb"},"inLanguage":"en","potentialAction":[{"@type":"ReadAction","target":["https:\/\/www.goldeneaglepetfoods.fi\/index.php\/koirille\/hypo-allergenic-lamb-rice\/"]}]},{"@type":"ImageObject","inLanguage":"en","@id":"https:\/\/www.goldeneaglepetfoods.fi\/index.php\/koirille\/hypo-allergenic-lamb-rice\/#primaryimage","url":"https:\/\/www.goldeneaglepetfoods.fi\/wp-content\/uploads\/2021\/10\/Hypo-Allergenic-Lamb-2kg-pussi.png","contentUrl":"https:\/\/www.goldeneaglepetfoods.fi\/wp-content\/uploads\/2021\/10\/Hypo-Allergenic-Lamb-2kg-pussi.png","width":1080,"height":1080,"caption":"Hypo-Allergenic Lamb 2kg pussi"},{"@type":"BreadcrumbList","@id":"https:\/\/www.goldeneaglepetfoods.fi\/index.php\/koirille\/hypo-allergenic-lamb-rice\/#breadcrumb","itemListElement":[{"@type":"ListItem","position":1,"name":"Home","item":"https:\/\/www.goldeneaglepetfoods.fi\/"},{"@type":"ListItem","position":2,"name":"Koirille","item":"https:\/\/www.goldeneaglepetfoods.fi\/index.php\/koirille\/"},{"@type":"ListItem","position":3,"name":"Hypo-allergenic Lamb &#038; Rice"}]},{"@type":"WebSite","@id":"https:\/\/www.goldeneaglepetfoods.fi\/#website","url":"https:\/\/www.goldeneaglepetfoods.fi\/","name":"Golden Eagle Petfoods","description":"Rakastavin p&auml;&auml;t&ouml;s, jonka voit tehd&auml; lemmikkisi puolesta.","publisher":{"@id":"https:\/\/www.goldeneaglepetfoods.fi\/#organization"},"potentialAction":[{"@type":"SearchAction","target":{"@type":"EntryPoint","urlTemplate":"https:\/\/www.goldeneaglepetfoods.fi\/?s={search_term_string}"},"query-input":{"@type":"PropertyValueSpecification","valueRequired":true,"valueName":"search_term_string"}}],"inLanguage":"en"},{"@type":"Organization","@id":"https:\/\/www.goldeneaglepetfoods.fi\/#organization","name":"Golden Eagle Petfoods","url":"https:\/\/www.goldeneaglepetfoods.fi\/","logo":{"@type":"ImageObject","inLanguage":"en","@id":"https:\/\/www.goldeneaglepetfoods.fi\/#\/schema\/logo\/image\/","url":"https:\/\/www.goldeneaglepetfoods.fi\/wp-content\/uploads\/2021\/10\/Nimeton-suunn.malli_-e1633439769385.png","contentUrl":"https:\/\/www.goldeneaglepetfoods.fi\/wp-content\/uploads\/2021\/10\/Nimeton-suunn.malli_-e1633439769385.png","width":500,"height":180,"caption":"Golden Eagle Petfoods"},"image":{"@id":"https:\/\/www.goldeneaglepetfoods.fi\/#\/schema\/logo\/image\/"}}]}},"_links":{"self":[{"href":"https:\/\/www.goldeneaglepetfoods.fi\/index.php\/wp-json\/wp\/v2\/pages\/1193","targetHints":{"allow":["GET"]}}],"collection":[{"href":"https:\/\/www.goldeneaglepetfoods.fi\/index.php\/wp-json\/wp\/v2\/pages"}],"about":[{"href":"https:\/\/www.goldeneaglepetfoods.fi\/index.php\/wp-json\/wp\/v2\/types\/page"}],"author":[{"embeddable":true,"href":"https:\/\/www.goldeneaglepetfoods.fi\/index.php\/wp-json\/wp\/v2\/users\/2"}],"replies":[{"embeddable":true,"href":"https:\/\/www.goldeneaglepetfoods.fi\/index.php\/wp-json\/wp\/v2\/comments?post=1193"}],"version-history":[{"count":43,"href":"https:\/\/www.goldeneaglepetfoods.fi\/index.php\/wp-json\/wp\/v2\/pages\/1193\/revisions"}],"predecessor-version":[{"id":3419,"href":"https:\/\/www.goldeneaglepetfoods.fi\/index.php\/wp-json\/wp\/v2\/pages\/1193\/revisions\/3419"}],"up":[{"embeddable":true,"href":"https:\/\/www.goldeneaglepetfoods.fi\/index.php\/wp-json\/wp\/v2\/pages\/77"}],"wp:featuredmedia":[{"embeddable":true,"href":"https:\/\/www.goldeneaglepetfoods.fi\/index.php\/wp-json\/wp\/v2\/media\/417"}],"wp:attachment":[{"href":"https:\/\/www.goldeneaglepetfoods.fi\/index.php\/wp-json\/wp\/v2\/media?parent=1193"}],"curies":[{"name":"wp","href":"https:\/\/api.w.org\/{rel}","templated":true}]}}